{"id":99,"date":"2014-05-20T17:34:09","date_gmt":"2014-05-20T17:34:09","guid":{"rendered":"http:\/\/localhost\/drclaudiopol\/3_2014\/?page_id=99"},"modified":"2014-12-22T16:51:20","modified_gmt":"2014-12-22T16:51:20","slug":"lifting-de-cara-y-cuello","status":"publish","type":"page","link":"https:\/\/www.drclaudiopol.com.ar\/nuevo\/tratamientos\/cirugia-facial\/lifting-de-cara-y-cuello\/","title":{"rendered":"Lifting de Cara y Cuello"},"content":{"rendered":"<div class=\"foto-derecha\"><img decoding=\"async\" src=\"http:\/\/drclaudiopol.com.ar\/nuevo\/wp-content\/uploads\/lifting-cara-cuello1.jpg\" alt=\"Lifting de cara y cuello\" \/><\/p>\n<div style=\"padding-top: 10px;\"><div class=\"su-button-center\"><a href=\"#casos\" class=\"su-button su-button-style-default\" style=\"color:#FFFFFF;background-color:#78A39C;border-color:#60837d;border-radius:5px\" target=\"_self\"><span style=\"color:#FFFFFF;padding:6px 16px;font-size:13px;line-height:20px;border-color:#a1bfba;border-radius:5px;text-shadow:none\"><i class=\"sui sui-eye\" style=\"font-size:13px;color:#FFFFFF\"><\/i> ANTES-DESPU\u00c9S<\/span><\/a><\/div><\/div>\n<\/div>\n<p>El lifting aten\u00faa el envejecimiento evidenciado por arrugas, acentuaci\u00f3n de surcos y piel floja en la cara y el cuello.<\/p>\n<p>El lifting mejorar\u00e1 significativamente su aspecto y probablemente su autoestima, pero no le otorgar\u00e1 una \u201cnueva vida\u201d.<\/p>\n<p>Es com\u00fan escuchar que el lifting \u201cle sacar\u00e1 de cinco a diez a\u00f1os\u201d. En realidad es dif\u00edcil estimar la mejor\u00eda que se obtendr\u00e1; es m\u00e1s realista considerar que tendr\u00e1 un muy buen aspecto para su edad, luego de un lifting exitoso. En cuanto a la duraci\u00f3n del mismo, estar\u00e1 influenciada fuertemente por varios factores como la edad, herencia, calidad de piel, estructura \u00f3sea; y algunos h\u00e1bitos como la dieta, el fumar cigarrillos o la ingesta de alcohol.<\/p>\n<p>B\u00e1sicamente, la operaci\u00f3n consiste en el estiramiento y resecci\u00f3n de la piel floja de la cara y el cuello. Habitualmente lo asociamos a una cirug\u00eda de p\u00e1rpados, para que no exista atemporalidad entre estos y el resto de la cara.<\/p>\n<p>Tambi\u00e9n recurrimos a otros procedimientos complementarios como rellenos faciales, Botox, peelings, microdermoabrasi\u00f3n, hilos de suspensi\u00f3n, liposucci\u00f3n de papada y\/o mejillas, etc.; siempre con el prop\u00f3sito de obtener un resultado est\u00e9tico superior.<\/p>\n<p>Actualmente realizamos liftings con\u00a0m\u00ednimas cicatrices. Logramos que los estigmas de la cirug\u00eda sean menos perceptibles y la recuperaci\u00f3n postoperatoria mucho m\u00e1s breve.<\/p>\n<p>Todos los pacientes deben realizar estudios preoperatorios y se analizan los factores de riesgo espec\u00edficos en cada uno de ellos.<\/p>\n<p>Es indispensable una evaluaci\u00f3n previa para decidir la estrategia de tratamiento.<\/p>\n<div class=\"ilustraciones\">\n<div class=\"su-row\"><div class=\"su-column su-column-size-1-2\"><div class=\"su-column-inner su-u-clearfix su-u-trim\"><img decoding=\"async\" src=\"http:\/\/drclaudiopol.com.ar\/nuevo\/wp-content\/uploads\/tratamientos_lifting_cara_cuello_1.jpg\" alt=\"\" border=\"0\" \/><br \/>\n<i>Incisiones cl\u00e1sicas del lifting.<\/i><\/div><\/div>\n<div class=\"su-column su-column-size-1-2\"><div class=\"su-column-inner su-u-clearfix su-u-trim\"><img decoding=\"async\" src=\"http:\/\/drclaudiopol.com.ar\/nuevo\/wp-content\/uploads\/tratamientos_lifting_cara_cuello_2.jpg\" alt=\"\" border=\"0\" \/><br \/>\n<i>En gris, \u00e1rea de piel liberada para un lograr<br \/>un estiramiento m\u00e1s eficaz de los m\u00fasculos.<\/i><\/div><\/div><\/div>\n<div class=\"su-row\"><div class=\"su-column su-column-size-1-2\"><div class=\"su-column-inner su-u-clearfix su-u-trim\"><img decoding=\"async\" src=\"http:\/\/drclaudiopol.com.ar\/nuevo\/wp-content\/uploads\/tratamientos_lifting_cara_cuello_3.jpg\" alt=\"\" border=\"0\" \/><br \/>\n<i>Estiramiento y resecci\u00f3n del excedente de piel,<br \/>luego de tensar los tejidos internos.<\/i><\/div><\/div>\n<div class=\"su-column su-column-size-1-2\"><div class=\"su-column-inner su-u-clearfix su-u-trim\"><img decoding=\"async\" src=\"http:\/\/drclaudiopol.com.ar\/nuevo\/wp-content\/uploads\/tratamientos_lifting_cara_cuello_4.jpg\" alt=\"\" border=\"0\" \/><br \/>\n<i>Intervenci\u00f3n finalizada.<\/i><\/div><\/div><\/div>\n<\/div>\n<p>La anestesia a utilizar, es una decisi\u00f3n que se toma conjuntamente con el paciente.<\/p>\n<p>Si bien podemos suministrar anestesia general con internaci\u00f3n por 24 hs., habitualmente utilizamos anestesia local, sumada a una sedaci\u00f3n proporcionada por el m\u00e9dico anestesi\u00f3logo, con un excelente confort durante la cirug\u00eda.<\/p>\n<p>La cirug\u00eda demora algunas pocas horas, dependiendo de la magnitud de los procedimientos.<\/p>\n<p>Es com\u00fan un vendaje por 3 o 4 d\u00edas luego de la intervenci\u00f3n.<\/p>\n<p>No suele haber dolor en el postoperatorio y la evoluci\u00f3n es bien tolerada.<\/p>\n<p>Suministramos medicaci\u00f3n para minimizar el edema o hinchaz\u00f3n que puede producirse.<\/p>\n<p>Las pacientes retoman su rutina habitual sin realizar esfuerzos, al cabo de una semana. Se debe aguardar m\u00e1s tiempo para iniciar actividades deportivas.<\/p>\n<p>Existe la posibilidad de complicaciones comunes a cualquier otro procedimiento quir\u00fargico como la aparici\u00f3n de hematomas, seromas, infecci\u00f3n, cicatrices inest\u00e9ticas, etc. El h\u00e1bito de fumar representa siempre un factor de riesgo adicional, ya que perjudica la normal cicatrizaci\u00f3n de las heridas.<br \/>\n<a name=\"casos\"><\/a><br \/>\nEs conveniente que la cirug\u00eda sea realizada por un especialista en cirug\u00eda pl\u00e1stica. Es sin duda alguna, la opci\u00f3n m\u00e1s segura para obtener buenos resultados y para enfrentar las complicaciones, en caso de que ocurran.<\/p>\n<p>&nbsp;<\/p>\n<div class=\"slide-casos\">\n<h3 align=\"center\">Lifting de Cara y Cuello: Fotos de Casos &#8211; Antes y Despu\u00e9s<\/h3>\n\n\t\t<style type=\"text\/css\">\n\t\t\t#gallery-1 {\n\t\t\t\tmargin: auto;\n\t\t\t}\n\t\t\t#gallery-1 .gallery-item {\n\t\t\t\tfloat: left;\n\t\t\t\tmargin-top: 10px;\n\t\t\t\ttext-align: center;\n\t\t\t\twidth: 33%;\n\t\t\t}\n\t\t\t#gallery-1 img {\n\t\t\t\tborder: 2px solid #cfcfcf;\n\t\t\t}\n\t\t\t#gallery-1 .gallery-caption {\n\t\t\t\tmargin-left: 0;\n\t\t\t}\n\t\t\t\/* see gallery_shortcode() in wp-includes\/media.php *\/\n\t\t<\/style>\n\t\t<div id='gallery-1' class='gallery galleryid-99 gallery-columns-3 gallery-size-thumbnail'><dl class='gallery-item'>\n\t\t\t<dt class='gallery-icon landscape'>\n\t\t\t\t<a href='https:\/\/www.drclaudiopol.com.ar\/nuevo\/tratamientos\/cirugia-facial\/lifting-de-cara-y-cuello\/lifting-caso-1-frente-antesydespues\/'><img loading=\"lazy\" decoding=\"async\" width=\"150\" height=\"150\" src=\"https:\/\/www.drclaudiopol.com.ar\/nuevo\/wp-content\/uploads\/lifting-caso-1-frente-antesydespues-150x150.jpg\" class=\"attachment-thumbnail size-thumbnail\" alt=\"Lifting de Cara y Cuello: Fotos de Casos - Antes y Despu\u00e9s\" aria-describedby=\"gallery-1-1784\" srcset=\"https:\/\/www.drclaudiopol.com.ar\/nuevo\/wp-content\/uploads\/lifting-caso-1-frente-antesydespues-150x150.jpg 150w, https:\/\/www.drclaudiopol.com.ar\/nuevo\/wp-content\/uploads\/lifting-caso-1-frente-antesydespues-37x37.jpg 37w, https:\/\/www.drclaudiopol.com.ar\/nuevo\/wp-content\/uploads\/lifting-caso-1-frente-antesydespues-128x128.jpg 128w, https:\/\/www.drclaudiopol.com.ar\/nuevo\/wp-content\/uploads\/lifting-caso-1-frente-antesydespues-184x184.jpg 184w\" sizes=\"auto, (max-width: 150px) 100vw, 150px\" \/><\/a>\n\t\t\t<\/dt>\n\t\t\t\t<dd class='wp-caption-text gallery-caption' id='gallery-1-1784'>\n\t\t\t\t1\n\t\t\t\t<\/dd><\/dl><dl class='gallery-item'>\n\t\t\t<dt class='gallery-icon landscape'>\n\t\t\t\t<a href='https:\/\/www.drclaudiopol.com.ar\/nuevo\/tratamientos\/cirugia-facial\/lifting-de-cara-y-cuello\/lifting-caso-1-medio-perfil-antesydespues\/'><img loading=\"lazy\" decoding=\"async\" width=\"150\" height=\"150\" src=\"https:\/\/www.drclaudiopol.com.ar\/nuevo\/wp-content\/uploads\/lifting-caso-1-medio-perfil-antesydespues-150x150.jpg\" class=\"attachment-thumbnail size-thumbnail\" alt=\"Lifting de Cara y Cuello: Fotos de Casos - Antes y Despu\u00e9s\" aria-describedby=\"gallery-1-1785\" srcset=\"https:\/\/www.drclaudiopol.com.ar\/nuevo\/wp-content\/uploads\/lifting-caso-1-medio-perfil-antesydespues-150x150.jpg 150w, https:\/\/www.drclaudiopol.com.ar\/nuevo\/wp-content\/uploads\/lifting-caso-1-medio-perfil-antesydespues-37x37.jpg 37w, https:\/\/www.drclaudiopol.com.ar\/nuevo\/wp-content\/uploads\/lifting-caso-1-medio-perfil-antesydespues-128x128.jpg 128w, https:\/\/www.drclaudiopol.com.ar\/nuevo\/wp-content\/uploads\/lifting-caso-1-medio-perfil-antesydespues-184x184.jpg 184w\" sizes=\"auto, (max-width: 150px) 100vw, 150px\" \/><\/a>\n\t\t\t<\/dt>\n\t\t\t\t<dd class='wp-caption-text gallery-caption' id='gallery-1-1785'>\n\t\t\t\t1\n\t\t\t\t<\/dd><\/dl><dl class='gallery-item'>\n\t\t\t<dt class='gallery-icon landscape'>\n\t\t\t\t<a href='https:\/\/www.drclaudiopol.com.ar\/nuevo\/tratamientos\/cirugia-facial\/lifting-de-cara-y-cuello\/lifting-caso-1-perfil-antesydespues\/'><img loading=\"lazy\" decoding=\"async\" width=\"150\" height=\"150\" src=\"https:\/\/www.drclaudiopol.com.ar\/nuevo\/wp-content\/uploads\/lifting-caso-1-perfil-antesydespues-150x150.jpg\" class=\"attachment-thumbnail size-thumbnail\" alt=\"Lifting de Cara y Cuello: Fotos de Casos - Antes y Despu\u00e9s\" aria-describedby=\"gallery-1-1786\" srcset=\"https:\/\/www.drclaudiopol.com.ar\/nuevo\/wp-content\/uploads\/lifting-caso-1-perfil-antesydespues-150x150.jpg 150w, https:\/\/www.drclaudiopol.com.ar\/nuevo\/wp-content\/uploads\/lifting-caso-1-perfil-antesydespues-37x37.jpg 37w, https:\/\/www.drclaudiopol.com.ar\/nuevo\/wp-content\/uploads\/lifting-caso-1-perfil-antesydespues-128x128.jpg 128w, https:\/\/www.drclaudiopol.com.ar\/nuevo\/wp-content\/uploads\/lifting-caso-1-perfil-antesydespues-184x184.jpg 184w\" sizes=\"auto, (max-width: 150px) 100vw, 150px\" \/><\/a>\n\t\t\t<\/dt>\n\t\t\t\t<dd class='wp-caption-text gallery-caption' id='gallery-1-1786'>\n\t\t\t\t1\n\t\t\t\t<\/dd><\/dl><br style=\"clear: both\" \/><dl class='gallery-item'>\n\t\t\t<dt class='gallery-icon landscape'>\n\t\t\t\t<a href='https:\/\/www.drclaudiopol.com.ar\/nuevo\/tratamientos\/cirugia-facial\/lifting-de-cara-y-cuello\/lifting-caso-2-frente-antesydespues\/'><img loading=\"lazy\" decoding=\"async\" width=\"150\" height=\"150\" src=\"https:\/\/www.drclaudiopol.com.ar\/nuevo\/wp-content\/uploads\/lifting-caso-2-frente-antesydespues-150x150.jpg\" class=\"attachment-thumbnail size-thumbnail\" alt=\"Lifting de Cara y Cuello: Fotos de Casos - Antes y Despu\u00e9s\" aria-describedby=\"gallery-1-1787\" srcset=\"https:\/\/www.drclaudiopol.com.ar\/nuevo\/wp-content\/uploads\/lifting-caso-2-frente-antesydespues-150x150.jpg 150w, https:\/\/www.drclaudiopol.com.ar\/nuevo\/wp-content\/uploads\/lifting-caso-2-frente-antesydespues-37x37.jpg 37w, https:\/\/www.drclaudiopol.com.ar\/nuevo\/wp-content\/uploads\/lifting-caso-2-frente-antesydespues-128x128.jpg 128w, https:\/\/www.drclaudiopol.com.ar\/nuevo\/wp-content\/uploads\/lifting-caso-2-frente-antesydespues-184x184.jpg 184w\" sizes=\"auto, (max-width: 150px) 100vw, 150px\" \/><\/a>\n\t\t\t<\/dt>\n\t\t\t\t<dd class='wp-caption-text gallery-caption' id='gallery-1-1787'>\n\t\t\t\t2\n\t\t\t\t<\/dd><\/dl><dl class='gallery-item'>\n\t\t\t<dt class='gallery-icon landscape'>\n\t\t\t\t<a href='https:\/\/www.drclaudiopol.com.ar\/nuevo\/tratamientos\/cirugia-facial\/lifting-de-cara-y-cuello\/lifting-caso-2-medio-perfil-antesydespues\/'><img loading=\"lazy\" decoding=\"async\" width=\"150\" height=\"150\" src=\"https:\/\/www.drclaudiopol.com.ar\/nuevo\/wp-content\/uploads\/lifting-caso-2-medio-perfil-antesydespues-150x150.jpg\" class=\"attachment-thumbnail size-thumbnail\" alt=\"Lifting de Cara y Cuello: Fotos de Casos - Antes y Despu\u00e9s\" aria-describedby=\"gallery-1-1788\" srcset=\"https:\/\/www.drclaudiopol.com.ar\/nuevo\/wp-content\/uploads\/lifting-caso-2-medio-perfil-antesydespues-150x150.jpg 150w, https:\/\/www.drclaudiopol.com.ar\/nuevo\/wp-content\/uploads\/lifting-caso-2-medio-perfil-antesydespues-37x37.jpg 37w, https:\/\/www.drclaudiopol.com.ar\/nuevo\/wp-content\/uploads\/lifting-caso-2-medio-perfil-antesydespues-128x128.jpg 128w, https:\/\/www.drclaudiopol.com.ar\/nuevo\/wp-content\/uploads\/lifting-caso-2-medio-perfil-antesydespues-184x184.jpg 184w\" sizes=\"auto, (max-width: 150px) 100vw, 150px\" \/><\/a>\n\t\t\t<\/dt>\n\t\t\t\t<dd class='wp-caption-text gallery-caption' id='gallery-1-1788'>\n\t\t\t\t2\n\t\t\t\t<\/dd><\/dl><dl class='gallery-item'>\n\t\t\t<dt class='gallery-icon landscape'>\n\t\t\t\t<a href='https:\/\/www.drclaudiopol.com.ar\/nuevo\/tratamientos\/cirugia-facial\/lifting-de-cara-y-cuello\/lifting-caso-2-perfil-antesydespues\/'><img loading=\"lazy\" decoding=\"async\" width=\"150\" height=\"150\" src=\"https:\/\/www.drclaudiopol.com.ar\/nuevo\/wp-content\/uploads\/lifting-caso-2-perfil-antesydespues-150x150.jpg\" class=\"attachment-thumbnail size-thumbnail\" alt=\"Lifting de Cara y Cuello: Fotos de Casos - Antes y Despu\u00e9s\" aria-describedby=\"gallery-1-1789\" srcset=\"https:\/\/www.drclaudiopol.com.ar\/nuevo\/wp-content\/uploads\/lifting-caso-2-perfil-antesydespues-150x150.jpg 150w, https:\/\/www.drclaudiopol.com.ar\/nuevo\/wp-content\/uploads\/lifting-caso-2-perfil-antesydespues-37x37.jpg 37w, https:\/\/www.drclaudiopol.com.ar\/nuevo\/wp-content\/uploads\/lifting-caso-2-perfil-antesydespues-128x128.jpg 128w, https:\/\/www.drclaudiopol.com.ar\/nuevo\/wp-content\/uploads\/lifting-caso-2-perfil-antesydespues-184x184.jpg 184w\" sizes=\"auto, (max-width: 150px) 100vw, 150px\" \/><\/a>\n\t\t\t<\/dt>\n\t\t\t\t<dd class='wp-caption-text gallery-caption' id='gallery-1-1789'>\n\t\t\t\t2\n\t\t\t\t<\/dd><\/dl><br style=\"clear: both\" \/>\n\t\t<\/div>\n<\/div>\n[contemplate-6]\n","protected":false},"excerpt":{"rendered":"<p>Lifting de Cara y Cuello &#8211; Rejuvenecimiento Facial &#8211; Cirug\u00eda Pl\u00e1stica y Est\u00e9tica Facial<\/p>\n","protected":false},"author":3,"featured_media":0,"parent":74,"menu_order":5,"comment_status":"open","ping_status":"closed","template":"page-full.php","meta":{"footnotes":""},"class_list":["post-99","page","type-page","status-publish","hentry"],"_links":{"self":[{"href":"https:\/\/www.drclaudiopol.com.ar\/nuevo\/wp-json\/wp\/v2\/pages\/99","targetHints":{"allow":["GET"]}}],"collection":[{"href":"https:\/\/www.drclaudiopol.com.ar\/nuevo\/wp-json\/wp\/v2\/pages"}],"about":[{"href":"https:\/\/www.drclaudiopol.com.ar\/nuevo\/wp-json\/wp\/v2\/types\/page"}],"author":[{"embeddable":true,"href":"https:\/\/www.drclaudiopol.com.ar\/nuevo\/wp-json\/wp\/v2\/users\/3"}],"replies":[{"embeddable":true,"href":"https:\/\/www.drclaudiopol.com.ar\/nuevo\/wp-json\/wp\/v2\/comments?post=99"}],"version-history":[{"count":20,"href":"https:\/\/www.drclaudiopol.com.ar\/nuevo\/wp-json\/wp\/v2\/pages\/99\/revisions"}],"predecessor-version":[{"id":2168,"href":"https:\/\/www.drclaudiopol.com.ar\/nuevo\/wp-json\/wp\/v2\/pages\/99\/revisions\/2168"}],"up":[{"embeddable":true,"href":"https:\/\/www.drclaudiopol.com.ar\/nuevo\/wp-json\/wp\/v2\/pages\/74"}],"wp:attachment":[{"href":"https:\/\/www.drclaudiopol.com.ar\/nuevo\/wp-json\/wp\/v2\/media?parent=99"}],"curies":[{"name":"wp","href":"https:\/\/api.w.org\/{rel}","templated":true}]}}