{"id":92,"date":"2014-05-20T17:12:03","date_gmt":"2014-05-20T17:12:03","guid":{"rendered":"http:\/\/localhost\/drclaudiopol\/3_2014\/?page_id=92"},"modified":"2014-12-15T20:10:07","modified_gmt":"2014-12-15T20:10:07","slug":"ginecomastia-desarrollo-mamario-hombre","status":"publish","type":"page","link":"https:\/\/www.drclaudiopol.com.ar\/nuevo\/tratamientos\/cirugia-mamaria\/ginecomastia-desarrollo-mamario-hombre\/","title":{"rendered":"Ginecomast\u00eda (hombres)"},"content":{"rendered":"<div class=\"foto-derecha\">\n<div style=\"padding-top: 10px;\"><div class=\"su-button-center\"><a href=\"#casos\" class=\"su-button su-button-style-default\" style=\"color:#FFFFFF;background-color:#78A39C;border-color:#60837d;border-radius:5px\" target=\"_self\"><span style=\"color:#FFFFFF;padding:6px 16px;font-size:13px;line-height:20px;border-color:#a1bfba;border-radius:5px;text-shadow:none\"><i class=\"sui sui-eye\" style=\"font-size:13px;color:#FFFFFF\"><\/i> ANTES-DESPU\u00c9S<\/span><\/a><\/div><\/div>\n<\/div>\n<p>Se denomina ginecomast\u00eda al desarrollo mamario en el hombre.<\/p>\n<p>Es la enfermedad m\u00e1s com\u00fan de la mama en el hombre, a tal punto que se estima que el 70 % de los adolescentes y el 40 % de los adultos, se encuentran afectados en alg\u00fan grado por esta patolog\u00eda.<\/p>\n<p>Es com\u00fan que los adolescentes de 13 o 14 a\u00f1os desarrollen cierto grado de ginecomastia, pero esto se considera fisiol\u00f3gico o \u201cpuberal\u201d. En m\u00e1s del 90 % de los casos se resuelve en el transcurso del a\u00f1o.<\/p>\n<p>En los adultos, la ginecomastia se asocia al incremento de la edad, probablemente relacionada a la hipofunci\u00f3n testicular y al incremento de la adiposidad.<\/p>\n<p>Existen condiciones patol\u00f3gicas que se relacionan con la deficiencia de andr\u00f3genos o el exceso de estr\u00f3genos que predisponen a la ginecomastia. Tratamientos con anab\u00f3licos u otros medicamentos, pueden generar una ginecomastia.<\/p>\n<p>La posibilidad del c\u00e1ncer de mama debe ser considerada en el adulto con crecimiento anormal del tejido mamario.<\/p>\n<p>Realizamos todos los estudios preoperatorios y una meticulosa evaluaci\u00f3n cl\u00ednica, donde se decide la estrategia de tratamiento. El tejido extirpado es remitido al laboratorio.<\/p>\n<p>La correcci\u00f3n de la ginecomastia \u201cglandular\u201d, suele dejar muy contentos a los pacientes, ya que por una peque\u00f1a incisi\u00f3n periareolar se reseca el exceso de tejido mamario. Lo complementamos con liposucci\u00f3n del tejido graso circundante.<\/p>\n<p>Si la ginecomastia corresponde \u00fanicamente a tejido graso, (lipomatosa), puede eliminarse mediante liposucci\u00f3n, utilizando m\u00ednimas incisiones de 3 mm.<\/p>\n<p>El tiempo quir\u00fargico var\u00eda de 60 a 90 minutos.<\/p>\n<p>Habitualmente recurrimos a la anestesia local con sedaci\u00f3n, administrada por un m\u00e9dico anestesi\u00f3logo, para mayor confort del paciente.<\/p>\n<div class=\"ilustraciones\">\n<div class=\"su-row\"><div class=\"su-column su-column-size-1-2\"><div class=\"su-column-inner su-u-clearfix su-u-trim\"><img decoding=\"async\" src=\"http:\/\/drclaudiopol.com.ar\/nuevo\/wp-content\/uploads\/tratamientos_cirugia_mamaria_ginecomastia_1.jpg\" alt=\"\" border=\"0\" \/><br \/>\n<i>Ginecomastia: exceso de tejido<br \/>glandular, grasa o de ambos<br \/>en el hombre.\u00a0<\/i><\/div><\/div>\n<div class=\"su-column su-column-size-1-2\"><div class=\"su-column-inner su-u-clearfix su-u-trim\"><img decoding=\"async\" src=\"http:\/\/drclaudiopol.com.ar\/nuevo\/wp-content\/uploads\/tratamientos_cirugia_mamaria_ginecomastia_2.jpg\" alt=\"\" border=\"0\" \/><br \/>\n<i>Se extirpa el exceso de<br \/>tejido glandular mediante una<br \/>peque\u00f1a incisi\u00f3n periareolar inferior.<\/i><\/div><\/div><\/div><\/div>\n<div style=\"font-size: 11px; margin: 0 auto; padding-bottom: 20px;\" align=\"center\">\n<div class=\"ilustracion-sola\"><img decoding=\"async\" src=\"http:\/\/drclaudiopol.com.ar\/nuevo\/wp-content\/uploads\/tratamientos_cirugia_mamaria_ginecomastia_3.jpg\" alt=\"\" border=\"0\" \/><br \/>\n<i>Tambi\u00e9n se puede remover<br \/>el tejido adiposo mediante una<br \/>peque\u00f1a c\u00e1nula de liposucci\u00f3n.<\/i><\/div>\n<\/div>\n<p>La cirug\u00eda es ambulatoria (sin internaci\u00f3n) y se requiere una prenda de lycra compresiva en el postoperatorio.<\/p>\n<p>El dolor o disconfor en las primeras 24 a 48 hs. de postoperatorio, es controlable con analg\u00e9sicos. Luego, la evoluci\u00f3n es muy bien tolerada.<\/p>\n<p>Existe la posibilidad de complicaciones comunes a cualquier otro procedimiento quir\u00fargico como la aparici\u00f3n de hematomas, seromas, infecci\u00f3n, cicatrices inest\u00e9ticas, etc.<br \/>\n<a name=\"casos\"><\/a><br \/>\nLos pacientes retoman su rutina habitual sin realizar esfuerzos, al cabo de unos pocos d\u00edas. Se debe aguardar m\u00e1s tiempo para iniciar actividades deportivas.<\/p>\n<p>&nbsp;<\/p>\n<div class=\"slide-casos\">\n<h3 align=\"center\">Ginecomastia: Fotos de Casos &#8211; Antes y Despu\u00e9s<\/h3>\n\n\t\t<style type=\"text\/css\">\n\t\t\t#gallery-1 {\n\t\t\t\tmargin: auto;\n\t\t\t}\n\t\t\t#gallery-1 .gallery-item {\n\t\t\t\tfloat: left;\n\t\t\t\tmargin-top: 10px;\n\t\t\t\ttext-align: center;\n\t\t\t\twidth: 33%;\n\t\t\t}\n\t\t\t#gallery-1 img {\n\t\t\t\tborder: 2px solid #cfcfcf;\n\t\t\t}\n\t\t\t#gallery-1 .gallery-caption {\n\t\t\t\tmargin-left: 0;\n\t\t\t}\n\t\t\t\/* see gallery_shortcode() in wp-includes\/media.php *\/\n\t\t<\/style>\n\t\t<div id='gallery-1' class='gallery galleryid-92 gallery-columns-3 gallery-size-thumbnail'><dl class='gallery-item'>\n\t\t\t<dt class='gallery-icon landscape'>\n\t\t\t\t<img loading=\"lazy\" decoding=\"async\" width=\"150\" height=\"150\" src=\"https:\/\/www.drclaudiopol.com.ar\/nuevo\/wp-content\/uploads\/ginecomastia-caso-4-frente-antesyantes-150x150.jpg\" class=\"attachment-thumbnail size-thumbnail\" alt=\"Ginecomastia: Fotos de Casos - Antes y Despu\u00e9s\" aria-describedby=\"gallery-1-1888\" srcset=\"https:\/\/www.drclaudiopol.com.ar\/nuevo\/wp-content\/uploads\/ginecomastia-caso-4-frente-antesyantes-150x150.jpg 150w, https:\/\/www.drclaudiopol.com.ar\/nuevo\/wp-content\/uploads\/ginecomastia-caso-4-frente-antesyantes-37x37.jpg 37w, https:\/\/www.drclaudiopol.com.ar\/nuevo\/wp-content\/uploads\/ginecomastia-caso-4-frente-antesyantes-128x128.jpg 128w, https:\/\/www.drclaudiopol.com.ar\/nuevo\/wp-content\/uploads\/ginecomastia-caso-4-frente-antesyantes-184x184.jpg 184w\" sizes=\"auto, (max-width: 150px) 100vw, 150px\" \/>\n\t\t\t<\/dt>\n\t\t\t\t<dd class='wp-caption-text gallery-caption' id='gallery-1-1888'>\n\t\t\t\t1\n\t\t\t\t<\/dd><\/dl><dl class='gallery-item'>\n\t\t\t<dt class='gallery-icon landscape'>\n\t\t\t\t<img loading=\"lazy\" decoding=\"async\" width=\"150\" height=\"150\" src=\"https:\/\/www.drclaudiopol.com.ar\/nuevo\/wp-content\/uploads\/ginecomastia-caso-4-frente-antesydespues-150x150.jpg\" class=\"attachment-thumbnail size-thumbnail\" alt=\"Ginecomastia: Fotos de Casos - Antes y Despu\u00e9s\" aria-describedby=\"gallery-1-1889\" srcset=\"https:\/\/www.drclaudiopol.com.ar\/nuevo\/wp-content\/uploads\/ginecomastia-caso-4-frente-antesydespues-150x150.jpg 150w, https:\/\/www.drclaudiopol.com.ar\/nuevo\/wp-content\/uploads\/ginecomastia-caso-4-frente-antesydespues-37x37.jpg 37w, https:\/\/www.drclaudiopol.com.ar\/nuevo\/wp-content\/uploads\/ginecomastia-caso-4-frente-antesydespues-128x128.jpg 128w, https:\/\/www.drclaudiopol.com.ar\/nuevo\/wp-content\/uploads\/ginecomastia-caso-4-frente-antesydespues-184x184.jpg 184w\" sizes=\"auto, (max-width: 150px) 100vw, 150px\" \/>\n\t\t\t<\/dt>\n\t\t\t\t<dd class='wp-caption-text gallery-caption' id='gallery-1-1889'>\n\t\t\t\t1\n\t\t\t\t<\/dd><\/dl><dl class='gallery-item'>\n\t\t\t<dt class='gallery-icon landscape'>\n\t\t\t\t<img loading=\"lazy\" decoding=\"async\" width=\"150\" height=\"150\" src=\"https:\/\/www.drclaudiopol.com.ar\/nuevo\/wp-content\/uploads\/ginecomastia-caso-4-perf-izq-antesydespues1-150x150.jpg\" class=\"attachment-thumbnail size-thumbnail\" alt=\"Ginecomastia\" srcset=\"https:\/\/www.drclaudiopol.com.ar\/nuevo\/wp-content\/uploads\/ginecomastia-caso-4-perf-izq-antesydespues1-150x150.jpg 150w, https:\/\/www.drclaudiopol.com.ar\/nuevo\/wp-content\/uploads\/ginecomastia-caso-4-perf-izq-antesydespues1-37x37.jpg 37w, https:\/\/www.drclaudiopol.com.ar\/nuevo\/wp-content\/uploads\/ginecomastia-caso-4-perf-izq-antesydespues1-128x128.jpg 128w, https:\/\/www.drclaudiopol.com.ar\/nuevo\/wp-content\/uploads\/ginecomastia-caso-4-perf-izq-antesydespues1-184x184.jpg 184w\" sizes=\"auto, (max-width: 150px) 100vw, 150px\" \/>\n\t\t\t<\/dt><\/dl><br style=\"clear: both\" \/><dl class='gallery-item'>\n\t\t\t<dt class='gallery-icon landscape'>\n\t\t\t\t<img loading=\"lazy\" decoding=\"async\" width=\"150\" height=\"150\" src=\"https:\/\/www.drclaudiopol.com.ar\/nuevo\/wp-content\/uploads\/ginecomastia-caso-4-perf-der-antesydespues1-150x150.jpg\" class=\"attachment-thumbnail size-thumbnail\" alt=\"Ginecomastia\" srcset=\"https:\/\/www.drclaudiopol.com.ar\/nuevo\/wp-content\/uploads\/ginecomastia-caso-4-perf-der-antesydespues1-150x150.jpg 150w, https:\/\/www.drclaudiopol.com.ar\/nuevo\/wp-content\/uploads\/ginecomastia-caso-4-perf-der-antesydespues1-37x37.jpg 37w, https:\/\/www.drclaudiopol.com.ar\/nuevo\/wp-content\/uploads\/ginecomastia-caso-4-perf-der-antesydespues1-128x128.jpg 128w, https:\/\/www.drclaudiopol.com.ar\/nuevo\/wp-content\/uploads\/ginecomastia-caso-4-perf-der-antesydespues1-184x184.jpg 184w\" sizes=\"auto, (max-width: 150px) 100vw, 150px\" \/>\n\t\t\t<\/dt><\/dl><dl class='gallery-item'>\n\t\t\t<dt class='gallery-icon landscape'>\n\t\t\t\t<img loading=\"lazy\" decoding=\"async\" width=\"150\" height=\"150\" src=\"https:\/\/www.drclaudiopol.com.ar\/nuevo\/wp-content\/uploads\/ginecomastia-caso-3-frente-antesyantes1-150x150.jpg\" class=\"attachment-thumbnail size-thumbnail\" alt=\"Ginecomastia\" srcset=\"https:\/\/www.drclaudiopol.com.ar\/nuevo\/wp-content\/uploads\/ginecomastia-caso-3-frente-antesyantes1-150x150.jpg 150w, https:\/\/www.drclaudiopol.com.ar\/nuevo\/wp-content\/uploads\/ginecomastia-caso-3-frente-antesyantes1-37x37.jpg 37w, https:\/\/www.drclaudiopol.com.ar\/nuevo\/wp-content\/uploads\/ginecomastia-caso-3-frente-antesyantes1-128x128.jpg 128w, https:\/\/www.drclaudiopol.com.ar\/nuevo\/wp-content\/uploads\/ginecomastia-caso-3-frente-antesyantes1-184x184.jpg 184w\" sizes=\"auto, (max-width: 150px) 100vw, 150px\" \/>\n\t\t\t<\/dt><\/dl><dl class='gallery-item'>\n\t\t\t<dt class='gallery-icon landscape'>\n\t\t\t\t<img loading=\"lazy\" decoding=\"async\" width=\"150\" height=\"150\" src=\"https:\/\/www.drclaudiopol.com.ar\/nuevo\/wp-content\/uploads\/ginecomastia-caso-3-frente-antesydespues1-150x150.jpg\" class=\"attachment-thumbnail size-thumbnail\" alt=\"Ginecomastia\" srcset=\"https:\/\/www.drclaudiopol.com.ar\/nuevo\/wp-content\/uploads\/ginecomastia-caso-3-frente-antesydespues1-150x150.jpg 150w, https:\/\/www.drclaudiopol.com.ar\/nuevo\/wp-content\/uploads\/ginecomastia-caso-3-frente-antesydespues1-37x37.jpg 37w, https:\/\/www.drclaudiopol.com.ar\/nuevo\/wp-content\/uploads\/ginecomastia-caso-3-frente-antesydespues1-128x128.jpg 128w, https:\/\/www.drclaudiopol.com.ar\/nuevo\/wp-content\/uploads\/ginecomastia-caso-3-frente-antesydespues1-184x184.jpg 184w\" sizes=\"auto, (max-width: 150px) 100vw, 150px\" \/>\n\t\t\t<\/dt><\/dl><br style=\"clear: both\" \/><dl class='gallery-item'>\n\t\t\t<dt class='gallery-icon landscape'>\n\t\t\t\t<img loading=\"lazy\" decoding=\"async\" width=\"150\" height=\"150\" src=\"https:\/\/www.drclaudiopol.com.ar\/nuevo\/wp-content\/uploads\/ginecomastia-caso-3-perfil-antesydespues1-150x150.jpg\" class=\"attachment-thumbnail size-thumbnail\" alt=\"Ginecomastia\" srcset=\"https:\/\/www.drclaudiopol.com.ar\/nuevo\/wp-content\/uploads\/ginecomastia-caso-3-perfil-antesydespues1-150x150.jpg 150w, https:\/\/www.drclaudiopol.com.ar\/nuevo\/wp-content\/uploads\/ginecomastia-caso-3-perfil-antesydespues1-37x37.jpg 37w, https:\/\/www.drclaudiopol.com.ar\/nuevo\/wp-content\/uploads\/ginecomastia-caso-3-perfil-antesydespues1-128x128.jpg 128w, https:\/\/www.drclaudiopol.com.ar\/nuevo\/wp-content\/uploads\/ginecomastia-caso-3-perfil-antesydespues1-184x184.jpg 184w\" sizes=\"auto, (max-width: 150px) 100vw, 150px\" \/>\n\t\t\t<\/dt><\/dl><dl class='gallery-item'>\n\t\t\t<dt class='gallery-icon landscape'>\n\t\t\t\t<img loading=\"lazy\" decoding=\"async\" width=\"150\" height=\"150\" src=\"https:\/\/www.drclaudiopol.com.ar\/nuevo\/wp-content\/uploads\/ginecomastia-caso-2-frente-antesyantes-150x150.jpg\" class=\"attachment-thumbnail size-thumbnail\" alt=\"Ginecomastia: Fotos de Casos - Antes y Despu\u00e9s\" aria-describedby=\"gallery-1-1881\" srcset=\"https:\/\/www.drclaudiopol.com.ar\/nuevo\/wp-content\/uploads\/ginecomastia-caso-2-frente-antesyantes-150x150.jpg 150w, https:\/\/www.drclaudiopol.com.ar\/nuevo\/wp-content\/uploads\/ginecomastia-caso-2-frente-antesyantes-37x37.jpg 37w, https:\/\/www.drclaudiopol.com.ar\/nuevo\/wp-content\/uploads\/ginecomastia-caso-2-frente-antesyantes-128x128.jpg 128w, https:\/\/www.drclaudiopol.com.ar\/nuevo\/wp-content\/uploads\/ginecomastia-caso-2-frente-antesyantes-184x184.jpg 184w\" sizes=\"auto, (max-width: 150px) 100vw, 150px\" \/>\n\t\t\t<\/dt>\n\t\t\t\t<dd class='wp-caption-text gallery-caption' id='gallery-1-1881'>\n\t\t\t\t3\n\t\t\t\t<\/dd><\/dl><dl class='gallery-item'>\n\t\t\t<dt class='gallery-icon landscape'>\n\t\t\t\t<img loading=\"lazy\" decoding=\"async\" width=\"150\" height=\"150\" src=\"https:\/\/www.drclaudiopol.com.ar\/nuevo\/wp-content\/uploads\/ginecomastia-caso-2-frente-antesydespues-150x150.jpg\" class=\"attachment-thumbnail size-thumbnail\" alt=\"Ginecomastia: Fotos de Casos - Antes y Despu\u00e9s\" aria-describedby=\"gallery-1-1882\" srcset=\"https:\/\/www.drclaudiopol.com.ar\/nuevo\/wp-content\/uploads\/ginecomastia-caso-2-frente-antesydespues-150x150.jpg 150w, https:\/\/www.drclaudiopol.com.ar\/nuevo\/wp-content\/uploads\/ginecomastia-caso-2-frente-antesydespues-37x37.jpg 37w, https:\/\/www.drclaudiopol.com.ar\/nuevo\/wp-content\/uploads\/ginecomastia-caso-2-frente-antesydespues-128x128.jpg 128w, https:\/\/www.drclaudiopol.com.ar\/nuevo\/wp-content\/uploads\/ginecomastia-caso-2-frente-antesydespues-184x184.jpg 184w\" sizes=\"auto, (max-width: 150px) 100vw, 150px\" \/>\n\t\t\t<\/dt>\n\t\t\t\t<dd class='wp-caption-text gallery-caption' id='gallery-1-1882'>\n\t\t\t\t3\n\t\t\t\t<\/dd><\/dl><br style=\"clear: both\" \/><dl class='gallery-item'>\n\t\t\t<dt class='gallery-icon landscape'>\n\t\t\t\t<img loading=\"lazy\" decoding=\"async\" width=\"150\" height=\"150\" src=\"https:\/\/www.drclaudiopol.com.ar\/nuevo\/wp-content\/uploads\/ginecomastia-caso-2-perf-izq-antesydespues-150x150.jpg\" class=\"attachment-thumbnail size-thumbnail\" alt=\"Ginecomastia: Fotos de Casos - Antes y Despu\u00e9s\" aria-describedby=\"gallery-1-1884\" srcset=\"https:\/\/www.drclaudiopol.com.ar\/nuevo\/wp-content\/uploads\/ginecomastia-caso-2-perf-izq-antesydespues-150x150.jpg 150w, https:\/\/www.drclaudiopol.com.ar\/nuevo\/wp-content\/uploads\/ginecomastia-caso-2-perf-izq-antesydespues-37x37.jpg 37w, https:\/\/www.drclaudiopol.com.ar\/nuevo\/wp-content\/uploads\/ginecomastia-caso-2-perf-izq-antesydespues-128x128.jpg 128w, https:\/\/www.drclaudiopol.com.ar\/nuevo\/wp-content\/uploads\/ginecomastia-caso-2-perf-izq-antesydespues-184x184.jpg 184w\" sizes=\"auto, (max-width: 150px) 100vw, 150px\" \/>\n\t\t\t<\/dt>\n\t\t\t\t<dd class='wp-caption-text gallery-caption' id='gallery-1-1884'>\n\t\t\t\t3\n\t\t\t\t<\/dd><\/dl><dl class='gallery-item'>\n\t\t\t<dt class='gallery-icon landscape'>\n\t\t\t\t<img loading=\"lazy\" decoding=\"async\" width=\"150\" height=\"150\" src=\"https:\/\/www.drclaudiopol.com.ar\/nuevo\/wp-content\/uploads\/ginecomastia-caso-2-perf-der-antesydespues-150x150.jpg\" class=\"attachment-thumbnail size-thumbnail\" alt=\"Ginecomastia: Fotos de Casos - Antes y Despu\u00e9s\" aria-describedby=\"gallery-1-1883\" srcset=\"https:\/\/www.drclaudiopol.com.ar\/nuevo\/wp-content\/uploads\/ginecomastia-caso-2-perf-der-antesydespues-150x150.jpg 150w, https:\/\/www.drclaudiopol.com.ar\/nuevo\/wp-content\/uploads\/ginecomastia-caso-2-perf-der-antesydespues-37x37.jpg 37w, https:\/\/www.drclaudiopol.com.ar\/nuevo\/wp-content\/uploads\/ginecomastia-caso-2-perf-der-antesydespues-128x128.jpg 128w, https:\/\/www.drclaudiopol.com.ar\/nuevo\/wp-content\/uploads\/ginecomastia-caso-2-perf-der-antesydespues-184x184.jpg 184w\" sizes=\"auto, (max-width: 150px) 100vw, 150px\" \/>\n\t\t\t<\/dt>\n\t\t\t\t<dd class='wp-caption-text gallery-caption' id='gallery-1-1883'>\n\t\t\t\t3\n\t\t\t\t<\/dd><\/dl><dl class='gallery-item'>\n\t\t\t<dt class='gallery-icon landscape'>\n\t\t\t\t<img loading=\"lazy\" decoding=\"async\" width=\"150\" height=\"150\" src=\"https:\/\/www.drclaudiopol.com.ar\/nuevo\/wp-content\/uploads\/ginecomastia-caso-1-frente-antesyantes-150x150.jpg\" class=\"attachment-thumbnail size-thumbnail\" alt=\"Ginecomastia: Fotos de Casos - Antes y Despu\u00e9s\" aria-describedby=\"gallery-1-1877\" srcset=\"https:\/\/www.drclaudiopol.com.ar\/nuevo\/wp-content\/uploads\/ginecomastia-caso-1-frente-antesyantes-150x150.jpg 150w, https:\/\/www.drclaudiopol.com.ar\/nuevo\/wp-content\/uploads\/ginecomastia-caso-1-frente-antesyantes-37x37.jpg 37w, https:\/\/www.drclaudiopol.com.ar\/nuevo\/wp-content\/uploads\/ginecomastia-caso-1-frente-antesyantes-128x128.jpg 128w, https:\/\/www.drclaudiopol.com.ar\/nuevo\/wp-content\/uploads\/ginecomastia-caso-1-frente-antesyantes-184x184.jpg 184w\" sizes=\"auto, (max-width: 150px) 100vw, 150px\" \/>\n\t\t\t<\/dt>\n\t\t\t\t<dd class='wp-caption-text gallery-caption' id='gallery-1-1877'>\n\t\t\t\t4\n\t\t\t\t<\/dd><\/dl><br style=\"clear: both\" \/><dl class='gallery-item'>\n\t\t\t<dt class='gallery-icon landscape'>\n\t\t\t\t<img loading=\"lazy\" decoding=\"async\" width=\"150\" height=\"150\" src=\"https:\/\/www.drclaudiopol.com.ar\/nuevo\/wp-content\/uploads\/ginecomastia-caso-1-frente-antesydespues-150x150.jpg\" class=\"attachment-thumbnail size-thumbnail\" alt=\"Ginecomastia: Fotos de Casos - Antes y Despu\u00e9s\" aria-describedby=\"gallery-1-1878\" srcset=\"https:\/\/www.drclaudiopol.com.ar\/nuevo\/wp-content\/uploads\/ginecomastia-caso-1-frente-antesydespues-150x150.jpg 150w, https:\/\/www.drclaudiopol.com.ar\/nuevo\/wp-content\/uploads\/ginecomastia-caso-1-frente-antesydespues-37x37.jpg 37w, https:\/\/www.drclaudiopol.com.ar\/nuevo\/wp-content\/uploads\/ginecomastia-caso-1-frente-antesydespues-128x128.jpg 128w, https:\/\/www.drclaudiopol.com.ar\/nuevo\/wp-content\/uploads\/ginecomastia-caso-1-frente-antesydespues-184x184.jpg 184w\" sizes=\"auto, (max-width: 150px) 100vw, 150px\" \/>\n\t\t\t<\/dt>\n\t\t\t\t<dd class='wp-caption-text gallery-caption' id='gallery-1-1878'>\n\t\t\t\t4\n\t\t\t\t<\/dd><\/dl><dl class='gallery-item'>\n\t\t\t<dt class='gallery-icon landscape'>\n\t\t\t\t<img loading=\"lazy\" decoding=\"async\" width=\"150\" height=\"150\" src=\"https:\/\/www.drclaudiopol.com.ar\/nuevo\/wp-content\/uploads\/ginecomastia-caso-1-perf-izq-antesydespues-150x150.jpg\" class=\"attachment-thumbnail size-thumbnail\" alt=\"Ginecomastia: Fotos de Casos - Antes y Despu\u00e9s\" aria-describedby=\"gallery-1-1880\" srcset=\"https:\/\/www.drclaudiopol.com.ar\/nuevo\/wp-content\/uploads\/ginecomastia-caso-1-perf-izq-antesydespues-150x150.jpg 150w, https:\/\/www.drclaudiopol.com.ar\/nuevo\/wp-content\/uploads\/ginecomastia-caso-1-perf-izq-antesydespues-37x37.jpg 37w, https:\/\/www.drclaudiopol.com.ar\/nuevo\/wp-content\/uploads\/ginecomastia-caso-1-perf-izq-antesydespues-128x128.jpg 128w, https:\/\/www.drclaudiopol.com.ar\/nuevo\/wp-content\/uploads\/ginecomastia-caso-1-perf-izq-antesydespues-184x184.jpg 184w\" sizes=\"auto, (max-width: 150px) 100vw, 150px\" \/>\n\t\t\t<\/dt>\n\t\t\t\t<dd class='wp-caption-text gallery-caption' id='gallery-1-1880'>\n\t\t\t\t4\n\t\t\t\t<\/dd><\/dl><dl class='gallery-item'>\n\t\t\t<dt class='gallery-icon landscape'>\n\t\t\t\t<img loading=\"lazy\" decoding=\"async\" width=\"150\" height=\"150\" src=\"https:\/\/www.drclaudiopol.com.ar\/nuevo\/wp-content\/uploads\/ginecomastia-caso-1-perf-der-antesydespues-150x150.jpg\" class=\"attachment-thumbnail size-thumbnail\" alt=\"Ginecomastia: Fotos de Casos - Antes y Despu\u00e9s\" aria-describedby=\"gallery-1-1879\" srcset=\"https:\/\/www.drclaudiopol.com.ar\/nuevo\/wp-content\/uploads\/ginecomastia-caso-1-perf-der-antesydespues-150x150.jpg 150w, https:\/\/www.drclaudiopol.com.ar\/nuevo\/wp-content\/uploads\/ginecomastia-caso-1-perf-der-antesydespues-37x37.jpg 37w, https:\/\/www.drclaudiopol.com.ar\/nuevo\/wp-content\/uploads\/ginecomastia-caso-1-perf-der-antesydespues-128x128.jpg 128w, https:\/\/www.drclaudiopol.com.ar\/nuevo\/wp-content\/uploads\/ginecomastia-caso-1-perf-der-antesydespues-184x184.jpg 184w\" sizes=\"auto, (max-width: 150px) 100vw, 150px\" \/>\n\t\t\t<\/dt>\n\t\t\t\t<dd class='wp-caption-text gallery-caption' id='gallery-1-1879'>\n\t\t\t\t4\n\t\t\t\t<\/dd><\/dl><br style=\"clear: both\" \/>\n\t\t<\/div>\n<\/div>\n[contemplate-7]\n","protected":false},"excerpt":{"rendered":"<p>Se denomina ginecomast\u00eda al desarrollo mamario en el hombre. Es la enfermedad m\u00e1s com\u00fan de la mama en el hombre, a tal punto que se estima que el 70 % de los adolescentes y el 40 % de los adultos, se encuentran afectados en alg\u00fan grado por esta patolog\u00eda. Es com\u00fan que los adolescentes de [&hellip;]<\/p>\n","protected":false},"author":3,"featured_media":0,"parent":53,"menu_order":5,"comment_status":"open","ping_status":"closed","template":"page-full.php","meta":{"footnotes":""},"class_list":["post-92","page","type-page","status-publish","hentry"],"_links":{"self":[{"href":"https:\/\/www.drclaudiopol.com.ar\/nuevo\/wp-json\/wp\/v2\/pages\/92","targetHints":{"allow":["GET"]}}],"collection":[{"href":"https:\/\/www.drclaudiopol.com.ar\/nuevo\/wp-json\/wp\/v2\/pages"}],"about":[{"href":"https:\/\/www.drclaudiopol.com.ar\/nuevo\/wp-json\/wp\/v2\/types\/page"}],"author":[{"embeddable":true,"href":"https:\/\/www.drclaudiopol.com.ar\/nuevo\/wp-json\/wp\/v2\/users\/3"}],"replies":[{"embeddable":true,"href":"https:\/\/www.drclaudiopol.com.ar\/nuevo\/wp-json\/wp\/v2\/comments?post=92"}],"version-history":[{"count":8,"href":"https:\/\/www.drclaudiopol.com.ar\/nuevo\/wp-json\/wp\/v2\/pages\/92\/revisions"}],"predecessor-version":[{"id":2014,"href":"https:\/\/www.drclaudiopol.com.ar\/nuevo\/wp-json\/wp\/v2\/pages\/92\/revisions\/2014"}],"up":[{"embeddable":true,"href":"https:\/\/www.drclaudiopol.com.ar\/nuevo\/wp-json\/wp\/v2\/pages\/53"}],"wp:attachment":[{"href":"https:\/\/www.drclaudiopol.com.ar\/nuevo\/wp-json\/wp\/v2\/media?parent=92"}],"curies":[{"name":"wp","href":"https:\/\/api.w.org\/{rel}","templated":true}]}}