{"id":88,"date":"2014-05-20T17:09:02","date_gmt":"2014-05-20T17:09:02","guid":{"rendered":"http:\/\/localhost\/drclaudiopol\/3_2014\/?page_id=88"},"modified":"2014-12-05T17:13:45","modified_gmt":"2014-12-05T17:13:45","slug":"pexia-levantamiento-mamario","status":"publish","type":"page","link":"https:\/\/www.drclaudiopol.com.ar\/nuevo\/tratamientos\/cirugia-mamaria\/pexia-levantamiento-mamario\/","title":{"rendered":"Levantamiento Mamario (Mastopexia)"},"content":{"rendered":"<div class=\"foto-derecha\"><img decoding=\"async\" src=\"http:\/\/drclaudiopol.com.ar\/nuevo\/wp-content\/uploads\/mastopexia.jpg\" alt=\"Levantamiento Mamario (Mastopexia)\" \/><\/div>\n<p>El levantamiento mamario o mastopexia se trata de un procedimiento quir\u00fargico que logra elevar, realzar y dar mejor forma a las mamas que han ca\u00eddo.<\/p>\n<p>En muchos casos asociamos a la mastopexia la inclusi\u00f3n de implantes, para reponer el volumen perdido luego de la lactancia o el adelgazamiento.<\/p>\n<p>Es indispensable una evaluaci\u00f3n previa para decidir la estrategia de tratamiento. Realizamos incisiones para levantar la mama y a la vez, reducir y reposicionar el complejo ar\u00e9ola pez\u00f3n.<\/p>\n<p>Dependiendo del grado de laxitud de los tejidos mamarios, la cicatriz resultante ser\u00e1:<\/p>\n<p>Periareolar.<br \/>\nPeriareolar y vertical.<br \/>\nPeriareolar, vertical y horizontal, (en T invertida).<\/p>\n<p>Siempre tratamos de obtener el mejor resultado est\u00e9tico posible, con la menor cicatriz.<\/p>\n<p>Ejemplo de mastopexia con cicatriz en T invertida:<\/p>\n<div class=\"ilustraciones\">\n<div class=\"su-row\"><div class=\"su-column su-column-size-1-2\"><div class=\"su-column-inner su-u-clearfix su-u-trim\"><img decoding=\"async\" src=\"http:\/\/drclaudiopol.com.ar\/nuevo\/wp-content\/uploads\/tratamientos_cirugia_mamaria_mastopexia_1.jpg\" alt=\"\" border=\"0\" \/><br \/>\n<i>Paciente con laxitud mamaria.<\/i><\/div><\/div>\n<div class=\"su-column su-column-size-1-2\"><div class=\"su-column-inner su-u-clearfix su-u-trim\"><img decoding=\"async\" src=\"http:\/\/drclaudiopol.com.ar\/nuevo\/wp-content\/uploads\/tratamientos_cirugia_mamaria_mastopexia_2.jpg\" alt=\"\" border=\"0\" \/><br \/>\n<i>Incisiones para eliminar la piel<br \/>sobrante y reposicionar la ar\u00e9ola-pez\u00f3n<br \/>.<\/i><\/div><\/div><\/div>\n<div class=\"su-row\"><div class=\"su-column su-column-size-1-2\"><div class=\"su-column-inner su-u-clearfix su-u-trim\"><img decoding=\"async\" src=\"http:\/\/drclaudiopol.com.ar\/nuevo\/wp-content\/uploads\/tratamientos_cirugia_mamaria_mastopexia_3.jpg\" alt=\"\" border=\"0\" \/><br \/>\n<i>Remoci\u00f3n de la piel excedente.<\/i><\/div><\/div>\n<div class=\"su-column su-column-size-1-2\"><div class=\"su-column-inner su-u-clearfix su-u-trim\"><img decoding=\"async\" src=\"http:\/\/drclaudiopol.com.ar\/nuevo\/wp-content\/uploads\/tratamientos_cirugia_mamaria_mastopexia_4.jpg\" alt=\"\" border=\"0\" \/><br \/>\n<i>Ascenso de la ar\u00e9ola y pez\u00f3n.<\/i><\/div><\/div><\/div>\n<div style=\"font-size: 11px; padding: 25px;\" align=\"center\">\n<div class=\"ilustracion-sola\"><img decoding=\"async\" src=\"http:\/\/drclaudiopol.com.ar\/nuevo\/wp-content\/uploads\/tratamientos_cirugia_mamaria_mastopexia_5.jpg\" alt=\"\" border=\"0\" \/><br \/>\n<i>Suturas terminadas restaurando<br \/>el contorno mamario.<\/i><\/div>\n<\/div>\n<\/div>\n<p>Todas las pacientes deben realizar estudios preoperatorios y se analizan los factores de riesgo espec\u00edficos en cada una de ellas. El h\u00e1bito de fumar representa siempre un factor de riesgo adicional, ya que perjudica la normal cicatrizaci\u00f3n de las heridas.<\/p>\n<p>La anestesia a utilizar, es una decisi\u00f3n que se toma conjuntamente con la paciente. Si bien podemos suministrar anestesia general con internaci\u00f3n por 24 hs., habitualmente utilizamos anestesia local, sumada a una sedaci\u00f3n proporcionada por el m\u00e9dico anestesi\u00f3logo; y luego de unas pocas horas de recuperaci\u00f3n postoperatoria las pacientes pueden retirarse a su domicilio (cirug\u00eda ambulatoria).<\/p>\n<p>La cirug\u00eda demora de 2 a 3 hs.<\/p>\n<p>Es com\u00fan un vendaje por 3 o 4 d\u00edas luego de la intervenci\u00f3n, que luego reemplazamos con un sost\u00e9n por unas pocas semanas.<\/p>\n<p>El dolor o disconfor en las primeras 24 a 48 hs. de postoperatorio, es controlable con analg\u00e9sicos. Luego, la evoluci\u00f3n es muy bien tolerada. Las pacientes retoman su rutina habitual sin realizar esfuerzos, al cabo de una semana. Se debe aguardar m\u00e1s tiempo para iniciar actividades deportivas.<\/p>\n<p>Existe la posibilidad de complicaciones comunes a cualquier otro procedimiento quir\u00fargico como la aparici\u00f3n de hematomas, seromas, infecci\u00f3n, cicatrices exageradas, distendidas, hiper o hipopigmentadas, etc. En algunos casos, pueden existir alteraciones de la sensibilidad del complejo ar\u00e9ola pez\u00f3n, que habitualmente mejoran con el paso del tiempo.<\/p>\n<p>Si se colocan implantes de silicona simult\u00e1neamente con la pexia mamaria, pueden ocurrir complicaciones propias de la mastoplastia de aumento.<\/p>\n<div style=\"font-size: 11px; padding: 25px;\" align=\"center\"><img decoding=\"async\" src=\"http:\/\/drclaudiopol.com.ar\/nuevo\/wp-content\/uploads\/tratamientos_cirugia_mamaria_mastopexia_6.jpg\" alt=\"\" align=\"center\" border=\"0\" \/><br \/>\nSe pueden agregar simult\u00e1neamente implantes<\/div>\n<p>Es conveniente que la cirug\u00eda sea realizada por un especialista en cirug\u00eda pl\u00e1stica. Es sin duda alguna, la opci\u00f3n m\u00e1s segura para obtener buenos resultados y para enfrentar las complicaciones, en caso de que ocurran.<\/p>\n[contemplate-7]\n","protected":false},"excerpt":{"rendered":"<p>El levantamiento mamario o mastopexia se trata de un procedimiento quir\u00fargico que logra elevar, realzar y dar mejor forma a las mamas que han ca\u00eddo. En muchos casos asociamos a la mastopexia la inclusi\u00f3n de implantes, para reponer el volumen perdido luego de la lactancia o el adelgazamiento. Es indispensable una evaluaci\u00f3n previa para decidir [&hellip;]<\/p>\n","protected":false},"author":3,"featured_media":0,"parent":53,"menu_order":3,"comment_status":"open","ping_status":"closed","template":"page-full.php","meta":{"footnotes":""},"class_list":["post-88","page","type-page","status-publish","hentry"],"_links":{"self":[{"href":"https:\/\/www.drclaudiopol.com.ar\/nuevo\/wp-json\/wp\/v2\/pages\/88","targetHints":{"allow":["GET"]}}],"collection":[{"href":"https:\/\/www.drclaudiopol.com.ar\/nuevo\/wp-json\/wp\/v2\/pages"}],"about":[{"href":"https:\/\/www.drclaudiopol.com.ar\/nuevo\/wp-json\/wp\/v2\/types\/page"}],"author":[{"embeddable":true,"href":"https:\/\/www.drclaudiopol.com.ar\/nuevo\/wp-json\/wp\/v2\/users\/3"}],"replies":[{"embeddable":true,"href":"https:\/\/www.drclaudiopol.com.ar\/nuevo\/wp-json\/wp\/v2\/comments?post=88"}],"version-history":[{"count":11,"href":"https:\/\/www.drclaudiopol.com.ar\/nuevo\/wp-json\/wp\/v2\/pages\/88\/revisions"}],"predecessor-version":[{"id":1953,"href":"https:\/\/www.drclaudiopol.com.ar\/nuevo\/wp-json\/wp\/v2\/pages\/88\/revisions\/1953"}],"up":[{"embeddable":true,"href":"https:\/\/www.drclaudiopol.com.ar\/nuevo\/wp-json\/wp\/v2\/pages\/53"}],"wp:attachment":[{"href":"https:\/\/www.drclaudiopol.com.ar\/nuevo\/wp-json\/wp\/v2\/media?parent=88"}],"curies":[{"name":"wp","href":"https:\/\/api.w.org\/{rel}","templated":true}]}}