{"id":86,"date":"2014-05-20T17:08:02","date_gmt":"2014-05-20T17:08:02","guid":{"rendered":"http:\/\/localhost\/drclaudiopol\/3_2014\/?page_id=86"},"modified":"2014-11-10T23:36:13","modified_gmt":"2014-11-10T23:36:13","slug":"mastoplastia-reduccion-de-mamas","status":"publish","type":"page","link":"https:\/\/www.drclaudiopol.com.ar\/nuevo\/tratamientos\/cirugia-mamaria\/mastoplastia-reduccion-de-mamas\/","title":{"rendered":"Reducci\u00f3n de Mamas (Mastoplast\u00eda de reducci\u00f3n)"},"content":{"rendered":"<p>Mediante esta intervenci\u00f3n quir\u00fargica para la reducci\u00f3n de mamas conocida como mastoplast\u00eda de reducci\u00f3n, logramos reducir y dar forma a las mamas, removiendo el exceso de gl\u00e1ndula y piel.<\/p>\n<p>Habitualmente debemos achicar y reposicionar el di\u00e1metro de las ar\u00e9olas (la piel de color m\u00e1s rosado u oscuro que rodea a los pezones), que se han distendido por el peso de las mamas.<\/p>\n<p>Las pacientes requieren este tipo de cirug\u00eda por distintas razones. Com\u00fanmente manifiestan dificultades para realizar ejercicio f\u00edsico, irritaci\u00f3n cr\u00f3nica en el surco submamario, trastornos de columna vertebral, dolores de espalda o el malestar psicol\u00f3gico que provoca el excesivo volumen mamario.<\/p>\n<p>Es conveniente realizar la cirug\u00eda una vez que la paciente ha desarrollado completamente sus senos.<\/p>\n<p>Si las mamas no tienen un tama\u00f1o muy importante y solo revelan laxitud de la piel, luego de amamantamiento prolongado o descenso importante de peso, puede ser suficiente la pexia o levantamiento mamario para obtener un resultado est\u00e9tico adecuado.<\/p>\n<p>Todas las pacientes deben realizar estudios preoperatorios y se analizan los factores de riesgo espec\u00edficos en cada una de ellas.<\/p>\n<p>La anestesia a utilizar, es una decisi\u00f3n que se toma conjuntamente con la paciente. Si bien podemos hacer uso de la anestesia general con internaci\u00f3n por 24 hs.; hemos normatizado la cirug\u00eda de tal forma, que la mayor parte de las pacientes optan por ser operadas con anestesia local, sumada a una sedaci\u00f3n proporcionada por el m\u00e9dico anestesi\u00f3logo; y luego de unas pocas horas de recuperaci\u00f3n postoperatoria, pueden retirarse a su domicilio, (cirug\u00eda ambulatoria).<\/p>\n<p>La cirug\u00eda puede demorar de 2 a 3 hs. dependiendo de la magnitud del procedimiento. Es com\u00fan un vendaje de 3 a 5 d\u00edas luego de la intervenci\u00f3n, que luego reemplazamos con un sost\u00e9n.<\/p>\n<p>En las primeras 48 horas postoperatorias, es probable que exista dolor o disconfor en los senos, controlable con analg\u00e9sicos. Luego, la evoluci\u00f3n es bien tolerada.<\/p>\n<p>Las pacientes retoman su rutina habitual, dependiendo de c\u00f3mo cicatricen y c\u00f3mo se sientan en un lapso de 7 a 10 d\u00edas. Se debe aguardar m\u00e1s tiempo para retomar actividades deportivas.<\/p>\n<p>Luego de la cirug\u00eda quedar\u00e1n cicatrices.<\/p>\n<p>Dependiendo del tama\u00f1o de las mamas, podr\u00e1n ser de distinto tipo:<\/p>\n<p>Periareolares.<br \/>\nPeriareolares y verticales.<br \/>\nPeriareolares, verticales y transversales, en T invertida.<\/p>\n<p>En un principio se ver\u00e1n rojas, pero con el correr del tiempo, es esperable que su aspecto mejore y se aten\u00faen.<\/p>\n<p>Existe la posibilidad de complicaciones comunes a cualquier otro procedimiento quir\u00fargico como la aparici\u00f3n de hematomas, seromas, infecci\u00f3n, cicatrices exageradas, distendidas, hiper o hipopigmentadas, etc.<\/p>\n<p>En algunos casos, luego de la cirug\u00eda de reducci\u00f3n, pueden existir alteraciones de la sensibilidad del complejo ar\u00e9ola pez\u00f3n, temporarias o definitivas; como asi tambi\u00e9n dificultades para el amamantamiento.<\/p>\n<p>Es conveniente que la cirug\u00eda sea realizada por un especialista en cirug\u00eda pl\u00e1stica. Es sin duda alguna, la opci\u00f3n m\u00e1s segura para obtener buenos resultados y para enfrentar las complicaciones, en caso de que ocurran.<\/p>\n[contemplate-7]\n","protected":false},"excerpt":{"rendered":"<p>Mediante esta intervenci\u00f3n quir\u00fargica para la reducci\u00f3n de mamas conocida como mastoplast\u00eda de reducci\u00f3n, logramos reducir y dar forma a las mamas, removiendo el exceso de gl\u00e1ndula y piel. Habitualmente debemos achicar y reposicionar el di\u00e1metro de las ar\u00e9olas (la piel de color m\u00e1s rosado u oscuro que rodea a los pezones), que se han [&hellip;]<\/p>\n","protected":false},"author":3,"featured_media":0,"parent":53,"menu_order":2,"comment_status":"open","ping_status":"closed","template":"page-full.php","meta":{"footnotes":""},"class_list":["post-86","page","type-page","status-publish","hentry"],"_links":{"self":[{"href":"https:\/\/www.drclaudiopol.com.ar\/nuevo\/wp-json\/wp\/v2\/pages\/86","targetHints":{"allow":["GET"]}}],"collection":[{"href":"https:\/\/www.drclaudiopol.com.ar\/nuevo\/wp-json\/wp\/v2\/pages"}],"about":[{"href":"https:\/\/www.drclaudiopol.com.ar\/nuevo\/wp-json\/wp\/v2\/types\/page"}],"author":[{"embeddable":true,"href":"https:\/\/www.drclaudiopol.com.ar\/nuevo\/wp-json\/wp\/v2\/users\/3"}],"replies":[{"embeddable":true,"href":"https:\/\/www.drclaudiopol.com.ar\/nuevo\/wp-json\/wp\/v2\/comments?post=86"}],"version-history":[{"count":4,"href":"https:\/\/www.drclaudiopol.com.ar\/nuevo\/wp-json\/wp\/v2\/pages\/86\/revisions"}],"predecessor-version":[{"id":1498,"href":"https:\/\/www.drclaudiopol.com.ar\/nuevo\/wp-json\/wp\/v2\/pages\/86\/revisions\/1498"}],"up":[{"embeddable":true,"href":"https:\/\/www.drclaudiopol.com.ar\/nuevo\/wp-json\/wp\/v2\/pages\/53"}],"wp:attachment":[{"href":"https:\/\/www.drclaudiopol.com.ar\/nuevo\/wp-json\/wp\/v2\/media?parent=86"}],"curies":[{"name":"wp","href":"https:\/\/api.w.org\/{rel}","templated":true}]}}