{"id":76,"date":"2014-05-19T02:50:51","date_gmt":"2014-05-19T02:50:51","guid":{"rendered":"http:\/\/localhost\/drclaudiopol\/3_2014\/?page_id=76"},"modified":"2014-12-22T17:12:43","modified_gmt":"2014-12-22T17:12:43","slug":"cirugia-de-nariz-rinoplastia","status":"publish","type":"page","link":"https:\/\/www.drclaudiopol.com.ar\/nuevo\/tratamientos\/cirugia-facial\/cirugia-de-nariz-rinoplastia\/","title":{"rendered":"Rinoplast\u00eda (Cirug\u00eda de Nariz)"},"content":{"rendered":"<div class=\"foto-derecha\"><img decoding=\"async\" src=\"http:\/\/drclaudiopol.com.ar\/nuevo\/wp-content\/uploads\/rinoplastia1.jpg\" alt=\"Rinoplastia\" \/><\/p>\n<div style=\"padding-top: 10px;\"><div class=\"su-button-center\"><a href=\"#casos\" class=\"su-button su-button-style-default\" style=\"color:#FFFFFF;background-color:#78A39C;border-color:#60837d;border-radius:5px\" target=\"_self\"><span style=\"color:#FFFFFF;padding:6px 16px;font-size:13px;line-height:20px;border-color:#a1bfba;border-radius:5px;text-shadow:none\"><i class=\"sui sui-eye\" style=\"font-size:13px;color:#FFFFFF\"><\/i> ANTES-DESPU\u00c9S<\/span><\/a><\/div><\/div>\n<\/div>\n<p>Mediante la rinoplast\u00eda\u00a0modificamos el tama\u00f1o, la forma o la funci\u00f3n del ap\u00e9ndice nasal. Habitualmente por incisiones internas y no visibles, podemos corregir los defectos nasales otorgando armon\u00eda y belleza a la nariz, en relaci\u00f3n con el resto de la cara.<\/p>\n<p>Los mejores candidatos para una rinoplastia son los que buscan una mejor\u00eda en su aspecto, no la perfecci\u00f3n.<\/p>\n<p>Para realizar esta cirug\u00eda, es preferible esperar el desarrollo completo de la nariz, por lo tanto es conveniente aguardar como m\u00ednimo hasta los 15 a\u00f1os en las mujeres y algo m\u00e1s en los hombres.<\/p>\n<p>En la mayor\u00eda de los casos utilizamos anestesia local sumada a una sedaci\u00f3n proporcionada por el m\u00e9dico anestesi\u00f3logo.<\/p>\n<p>La cirug\u00eda es ambulatoria y usualmente no demora m\u00e1s de una hora.<\/p>\n<p>Luego de un breve tiempo de recuperaci\u00f3n postoperatoria, puede retirarse a su domicilio. Si el paciente asi lo desea, el m\u00e9dico anestesi\u00f3logo puede suministrarle anestesia general, sin necesidad de quedar internado.<\/p>\n<p>Todos los pacientes deben realizar estudios preoperatorios y evaluamos los riesgos espec\u00edficos de cada uno de ellos.<\/p>\n<div class=\"ilustraciones\">\n<div class=\"su-row\"><div class=\"su-column su-column-size-1-2\"><div class=\"su-column-inner su-u-clearfix su-u-trim\"><img decoding=\"async\" src=\"http:\/\/drclaudiopol.com.ar\/nuevo\/wp-content\/uploads\/tratamientos_cirugia_nariz_rinoplastia_1.jpg\" alt=\"\" border=\"0\" \/><br \/>\n<i>Distintas anomal\u00edas nasales.<\/i><\/div><\/div>\n<div class=\"su-column su-column-size-1-2\"><div class=\"su-column-inner su-u-clearfix su-u-trim\"><img decoding=\"async\" src=\"http:\/\/drclaudiopol.com.ar\/nuevo\/wp-content\/uploads\/tratamientos_cirugia_nariz_rinoplastia_2.jpg\" alt=\"\" border=\"0\" \/><br \/>\n<i>Por m\u00ednimas incisiones se accede<br \/>a huesos y cart\u00edlagos nasales,<br \/>para modelar la nariz.<\/i><\/div><\/div><\/div>\n<div class=\"su-row\"><div class=\"su-column su-column-size-1-2\"><div class=\"su-column-inner su-u-clearfix su-u-trim\"><img decoding=\"async\" src=\"http:\/\/drclaudiopol.com.ar\/nuevo\/wp-content\/uploads\/tratamientos_cirugia_nariz_rinoplastia_3.jpg\" alt=\"\" border=\"0\" \/><br \/>\n<i>Se elimina la giba del dorso.<\/i><\/div><\/div>\n<div class=\"su-column su-column-size-1-2\"><div class=\"su-column-inner su-u-clearfix su-u-trim\"><img decoding=\"async\" src=\"http:\/\/drclaudiopol.com.ar\/nuevo\/wp-content\/uploads\/tratamientos_cirugia_nariz_rinoplastia_4.jpg\" alt=\"\" border=\"0\" \/><br \/>\n<i>Se afina el dorso y la punta nasal.<\/i><\/div><\/div><\/div>\n<div class=\"su-row\"><div class=\"su-column su-column-size-1-2\"><div class=\"su-column-inner su-u-clearfix su-u-trim\"><img decoding=\"async\" src=\"http:\/\/drclaudiopol.com.ar\/nuevo\/wp-content\/uploads\/tratamientos_cirugia_nariz_rinoplastia_5.jpg\" alt=\"\" border=\"0\" \/><br \/>\n<i>Resecci\u00f3n de tabique para<br \/>elevaci\u00f3n de la punta nasal.<\/i><\/div><\/div>\n<div class=\"su-column su-column-size-1-2\"><div class=\"su-column-inner su-u-clearfix su-u-trim\"><img decoding=\"async\" src=\"http:\/\/drclaudiopol.com.ar\/nuevo\/wp-content\/uploads\/tratamientos_cirugia_nariz_rinoplastia_6.jpg\" alt=\"\" border=\"0\" \/><br \/>\n<i>F\u00e9rula inmovilizadora.<\/i><\/div><\/div><\/div>\n<\/div>\n<p>A menudo reparamos el\u00a0septum o tabique nasal, para solucionar los trastornos en la funci\u00f3n ventilatoria si es que existen.<\/p>\n<p>Dejamos una peque\u00f1a f\u00e9rula de protecci\u00f3n por 7 d\u00edas, pero el paciente puede retomar su actividad habitual, sin realizar esfuerzos, a los 3 o 4 d\u00edas de operado. No obstante, se debe tener presente que el resultado final, demora varios meses.<\/p>\n<p>Pueden suceder complicaciones como sangrado o infecci\u00f3n, pero son infrecuentes, especialmente si el paciente sigue correctamente las recomendaciones postoperatorias.<\/p>\n<p>Tambi\u00e9n existe la posibilidad de tener que proceder a un retoque quir\u00fargico, para corregir m\u00ednimas deformaciones postoperatorias que suelen ocurrir a\u00fan en manos de cirujanos experimentados.<br \/>\n<a name=\"casos\"><\/a><br \/>\nEs habitual asociar la rinoplastia a una cirug\u00eda de ment\u00f3n, (de aumento o reducci\u00f3n), con la intenci\u00f3n de obtener un mejor resultado est\u00e9tico.<\/p>\n<p>&nbsp;<\/p>\n<div class=\"slide-casos\">\n<h3 align=\"center\">Rinoplast\u00eda: Fotos de Casos &#8211; Antes y Despu\u00e9s<\/h3>\n\n\t\t<style type=\"text\/css\">\n\t\t\t#gallery-1 {\n\t\t\t\tmargin: auto;\n\t\t\t}\n\t\t\t#gallery-1 .gallery-item {\n\t\t\t\tfloat: left;\n\t\t\t\tmargin-top: 10px;\n\t\t\t\ttext-align: center;\n\t\t\t\twidth: 33%;\n\t\t\t}\n\t\t\t#gallery-1 img {\n\t\t\t\tborder: 2px solid #cfcfcf;\n\t\t\t}\n\t\t\t#gallery-1 .gallery-caption {\n\t\t\t\tmargin-left: 0;\n\t\t\t}\n\t\t\t\/* see gallery_shortcode() in wp-includes\/media.php *\/\n\t\t<\/style>\n\t\t<div id='gallery-1' class='gallery galleryid-76 gallery-columns-3 gallery-size-thumbnail'><dl class='gallery-item'>\n\t\t\t<dt class='gallery-icon landscape'>\n\t\t\t\t<img loading=\"lazy\" decoding=\"async\" width=\"150\" height=\"150\" src=\"https:\/\/www.drclaudiopol.com.ar\/nuevo\/wp-content\/uploads\/rinoplastia-caso-1-frente-antesydespues-150x150.jpg\" class=\"attachment-thumbnail size-thumbnail\" alt=\"Rinoplastia - cirugia de nariz. Antes - despu\u00e9s\" aria-describedby=\"gallery-1-1750\" srcset=\"https:\/\/www.drclaudiopol.com.ar\/nuevo\/wp-content\/uploads\/rinoplastia-caso-1-frente-antesydespues-150x150.jpg 150w, https:\/\/www.drclaudiopol.com.ar\/nuevo\/wp-content\/uploads\/rinoplastia-caso-1-frente-antesydespues-37x37.jpg 37w, https:\/\/www.drclaudiopol.com.ar\/nuevo\/wp-content\/uploads\/rinoplastia-caso-1-frente-antesydespues-128x128.jpg 128w, https:\/\/www.drclaudiopol.com.ar\/nuevo\/wp-content\/uploads\/rinoplastia-caso-1-frente-antesydespues-184x184.jpg 184w\" sizes=\"auto, (max-width: 150px) 100vw, 150px\" \/>\n\t\t\t<\/dt>\n\t\t\t\t<dd class='wp-caption-text gallery-caption' id='gallery-1-1750'>\n\t\t\t\t1\n\t\t\t\t<\/dd><\/dl><dl class='gallery-item'>\n\t\t\t<dt class='gallery-icon landscape'>\n\t\t\t\t<img loading=\"lazy\" decoding=\"async\" width=\"150\" height=\"150\" src=\"https:\/\/www.drclaudiopol.com.ar\/nuevo\/wp-content\/uploads\/rinoplastia-caso-1-perf-izq-antesydespues-150x150.jpg\" class=\"attachment-thumbnail size-thumbnail\" alt=\"Rinoplastia - cirugia de nariz. Antes - despu\u00e9s\" aria-describedby=\"gallery-1-1751\" srcset=\"https:\/\/www.drclaudiopol.com.ar\/nuevo\/wp-content\/uploads\/rinoplastia-caso-1-perf-izq-antesydespues-150x150.jpg 150w, https:\/\/www.drclaudiopol.com.ar\/nuevo\/wp-content\/uploads\/rinoplastia-caso-1-perf-izq-antesydespues-37x37.jpg 37w, https:\/\/www.drclaudiopol.com.ar\/nuevo\/wp-content\/uploads\/rinoplastia-caso-1-perf-izq-antesydespues-128x128.jpg 128w, https:\/\/www.drclaudiopol.com.ar\/nuevo\/wp-content\/uploads\/rinoplastia-caso-1-perf-izq-antesydespues-184x184.jpg 184w\" sizes=\"auto, (max-width: 150px) 100vw, 150px\" \/>\n\t\t\t<\/dt>\n\t\t\t\t<dd class='wp-caption-text gallery-caption' id='gallery-1-1751'>\n\t\t\t\t1\n\t\t\t\t<\/dd><\/dl><dl class='gallery-item'>\n\t\t\t<dt class='gallery-icon landscape'>\n\t\t\t\t<img loading=\"lazy\" decoding=\"async\" width=\"150\" height=\"150\" src=\"https:\/\/www.drclaudiopol.com.ar\/nuevo\/wp-content\/uploads\/rinoplastia-caso-2-perf-der-antesydespues-150x150.jpg\" class=\"attachment-thumbnail size-thumbnail\" alt=\"Rinoplastia - cirugia de nariz. Antes - despu\u00e9s\" aria-describedby=\"gallery-1-1752\" srcset=\"https:\/\/www.drclaudiopol.com.ar\/nuevo\/wp-content\/uploads\/rinoplastia-caso-2-perf-der-antesydespues-150x150.jpg 150w, https:\/\/www.drclaudiopol.com.ar\/nuevo\/wp-content\/uploads\/rinoplastia-caso-2-perf-der-antesydespues-37x37.jpg 37w, https:\/\/www.drclaudiopol.com.ar\/nuevo\/wp-content\/uploads\/rinoplastia-caso-2-perf-der-antesydespues-128x128.jpg 128w, https:\/\/www.drclaudiopol.com.ar\/nuevo\/wp-content\/uploads\/rinoplastia-caso-2-perf-der-antesydespues-184x184.jpg 184w\" sizes=\"auto, (max-width: 150px) 100vw, 150px\" \/>\n\t\t\t<\/dt>\n\t\t\t\t<dd class='wp-caption-text gallery-caption' id='gallery-1-1752'>\n\t\t\t\t2\n\t\t\t\t<\/dd><\/dl><br style=\"clear: both\" \/><dl class='gallery-item'>\n\t\t\t<dt class='gallery-icon landscape'>\n\t\t\t\t<img loading=\"lazy\" decoding=\"async\" width=\"150\" height=\"150\" src=\"https:\/\/www.drclaudiopol.com.ar\/nuevo\/wp-content\/uploads\/rinoplastia-caso-3-frente-antesydespues-150x150.jpg\" class=\"attachment-thumbnail size-thumbnail\" alt=\"Rinoplastia\" srcset=\"https:\/\/www.drclaudiopol.com.ar\/nuevo\/wp-content\/uploads\/rinoplastia-caso-3-frente-antesydespues-150x150.jpg 150w, https:\/\/www.drclaudiopol.com.ar\/nuevo\/wp-content\/uploads\/rinoplastia-caso-3-frente-antesydespues-37x37.jpg 37w, https:\/\/www.drclaudiopol.com.ar\/nuevo\/wp-content\/uploads\/rinoplastia-caso-3-frente-antesydespues-128x128.jpg 128w, https:\/\/www.drclaudiopol.com.ar\/nuevo\/wp-content\/uploads\/rinoplastia-caso-3-frente-antesydespues-184x184.jpg 184w\" sizes=\"auto, (max-width: 150px) 100vw, 150px\" \/>\n\t\t\t<\/dt><\/dl><dl class='gallery-item'>\n\t\t\t<dt class='gallery-icon landscape'>\n\t\t\t\t<img loading=\"lazy\" decoding=\"async\" width=\"150\" height=\"150\" src=\"https:\/\/www.drclaudiopol.com.ar\/nuevo\/wp-content\/uploads\/rinoplastia-caso-3-perf-der-antesydespues1-150x150.jpg\" class=\"attachment-thumbnail size-thumbnail\" alt=\"Rinoplastia\" srcset=\"https:\/\/www.drclaudiopol.com.ar\/nuevo\/wp-content\/uploads\/rinoplastia-caso-3-perf-der-antesydespues1-150x150.jpg 150w, https:\/\/www.drclaudiopol.com.ar\/nuevo\/wp-content\/uploads\/rinoplastia-caso-3-perf-der-antesydespues1-37x37.jpg 37w, https:\/\/www.drclaudiopol.com.ar\/nuevo\/wp-content\/uploads\/rinoplastia-caso-3-perf-der-antesydespues1-128x128.jpg 128w, https:\/\/www.drclaudiopol.com.ar\/nuevo\/wp-content\/uploads\/rinoplastia-caso-3-perf-der-antesydespues1-184x184.jpg 184w\" sizes=\"auto, (max-width: 150px) 100vw, 150px\" \/>\n\t\t\t<\/dt><\/dl><dl class='gallery-item'>\n\t\t\t<dt class='gallery-icon landscape'>\n\t\t\t\t<img loading=\"lazy\" decoding=\"async\" width=\"150\" height=\"150\" src=\"https:\/\/www.drclaudiopol.com.ar\/nuevo\/wp-content\/uploads\/rinoplastia-caso-4-frente-antesydespues-150x150.jpg\" class=\"attachment-thumbnail size-thumbnail\" alt=\"Rinoplastia - cirugia de nariz. Antes - despu\u00e9s\" aria-describedby=\"gallery-1-1754\" srcset=\"https:\/\/www.drclaudiopol.com.ar\/nuevo\/wp-content\/uploads\/rinoplastia-caso-4-frente-antesydespues-150x150.jpg 150w, https:\/\/www.drclaudiopol.com.ar\/nuevo\/wp-content\/uploads\/rinoplastia-caso-4-frente-antesydespues-37x37.jpg 37w, https:\/\/www.drclaudiopol.com.ar\/nuevo\/wp-content\/uploads\/rinoplastia-caso-4-frente-antesydespues-128x128.jpg 128w, https:\/\/www.drclaudiopol.com.ar\/nuevo\/wp-content\/uploads\/rinoplastia-caso-4-frente-antesydespues-184x184.jpg 184w\" sizes=\"auto, (max-width: 150px) 100vw, 150px\" \/>\n\t\t\t<\/dt>\n\t\t\t\t<dd class='wp-caption-text gallery-caption' id='gallery-1-1754'>\n\t\t\t\t4\n\t\t\t\t<\/dd><\/dl><br style=\"clear: both\" \/><dl class='gallery-item'>\n\t\t\t<dt class='gallery-icon landscape'>\n\t\t\t\t<img loading=\"lazy\" decoding=\"async\" width=\"150\" height=\"150\" src=\"https:\/\/www.drclaudiopol.com.ar\/nuevo\/wp-content\/uploads\/rinoplastia-caso-4-perf-izq-antesydespues-150x150.jpg\" class=\"attachment-thumbnail size-thumbnail\" alt=\"Rinoplastia - cirugia de nariz. Antes - despu\u00e9s\" aria-describedby=\"gallery-1-1755\" srcset=\"https:\/\/www.drclaudiopol.com.ar\/nuevo\/wp-content\/uploads\/rinoplastia-caso-4-perf-izq-antesydespues-150x150.jpg 150w, https:\/\/www.drclaudiopol.com.ar\/nuevo\/wp-content\/uploads\/rinoplastia-caso-4-perf-izq-antesydespues-37x37.jpg 37w, https:\/\/www.drclaudiopol.com.ar\/nuevo\/wp-content\/uploads\/rinoplastia-caso-4-perf-izq-antesydespues-128x128.jpg 128w, https:\/\/www.drclaudiopol.com.ar\/nuevo\/wp-content\/uploads\/rinoplastia-caso-4-perf-izq-antesydespues-184x184.jpg 184w\" sizes=\"auto, (max-width: 150px) 100vw, 150px\" \/>\n\t\t\t<\/dt>\n\t\t\t\t<dd class='wp-caption-text gallery-caption' id='gallery-1-1755'>\n\t\t\t\t4\n\t\t\t\t<\/dd><\/dl><dl class='gallery-item'>\n\t\t\t<dt class='gallery-icon landscape'>\n\t\t\t\t<img loading=\"lazy\" decoding=\"async\" width=\"150\" height=\"150\" src=\"https:\/\/www.drclaudiopol.com.ar\/nuevo\/wp-content\/uploads\/rinoplastia-caso-5-frente-antesydespues1-150x150.jpg\" class=\"attachment-thumbnail size-thumbnail\" alt=\"Rinoplastia\" srcset=\"https:\/\/www.drclaudiopol.com.ar\/nuevo\/wp-content\/uploads\/rinoplastia-caso-5-frente-antesydespues1-150x150.jpg 150w, https:\/\/www.drclaudiopol.com.ar\/nuevo\/wp-content\/uploads\/rinoplastia-caso-5-frente-antesydespues1-37x37.jpg 37w, https:\/\/www.drclaudiopol.com.ar\/nuevo\/wp-content\/uploads\/rinoplastia-caso-5-frente-antesydespues1-128x128.jpg 128w, https:\/\/www.drclaudiopol.com.ar\/nuevo\/wp-content\/uploads\/rinoplastia-caso-5-frente-antesydespues1-184x184.jpg 184w\" sizes=\"auto, (max-width: 150px) 100vw, 150px\" \/>\n\t\t\t<\/dt><\/dl><dl class='gallery-item'>\n\t\t\t<dt class='gallery-icon landscape'>\n\t\t\t\t<img loading=\"lazy\" decoding=\"async\" width=\"150\" height=\"150\" src=\"https:\/\/www.drclaudiopol.com.ar\/nuevo\/wp-content\/uploads\/rinoplastia-caso-5-perf-izq-antesydespues1-150x150.jpg\" class=\"attachment-thumbnail size-thumbnail\" alt=\"Rinoplastia\" srcset=\"https:\/\/www.drclaudiopol.com.ar\/nuevo\/wp-content\/uploads\/rinoplastia-caso-5-perf-izq-antesydespues1-150x150.jpg 150w, https:\/\/www.drclaudiopol.com.ar\/nuevo\/wp-content\/uploads\/rinoplastia-caso-5-perf-izq-antesydespues1-37x37.jpg 37w, https:\/\/www.drclaudiopol.com.ar\/nuevo\/wp-content\/uploads\/rinoplastia-caso-5-perf-izq-antesydespues1-128x128.jpg 128w, https:\/\/www.drclaudiopol.com.ar\/nuevo\/wp-content\/uploads\/rinoplastia-caso-5-perf-izq-antesydespues1-184x184.jpg 184w\" sizes=\"auto, (max-width: 150px) 100vw, 150px\" \/>\n\t\t\t<\/dt><\/dl><br style=\"clear: both\" \/><dl class='gallery-item'>\n\t\t\t<dt class='gallery-icon landscape'>\n\t\t\t\t<img loading=\"lazy\" decoding=\"async\" width=\"150\" height=\"150\" src=\"https:\/\/www.drclaudiopol.com.ar\/nuevo\/wp-content\/uploads\/rinoplastia-caso-5-perf-der-antesydespues1-150x150.jpg\" class=\"attachment-thumbnail size-thumbnail\" alt=\"Rinoplastia\" srcset=\"https:\/\/www.drclaudiopol.com.ar\/nuevo\/wp-content\/uploads\/rinoplastia-caso-5-perf-der-antesydespues1-150x150.jpg 150w, https:\/\/www.drclaudiopol.com.ar\/nuevo\/wp-content\/uploads\/rinoplastia-caso-5-perf-der-antesydespues1-37x37.jpg 37w, https:\/\/www.drclaudiopol.com.ar\/nuevo\/wp-content\/uploads\/rinoplastia-caso-5-perf-der-antesydespues1-128x128.jpg 128w, https:\/\/www.drclaudiopol.com.ar\/nuevo\/wp-content\/uploads\/rinoplastia-caso-5-perf-der-antesydespues1-184x184.jpg 184w\" sizes=\"auto, (max-width: 150px) 100vw, 150px\" \/>\n\t\t\t<\/dt><\/dl>\n\t\t\t<br style='clear: both' \/>\n\t\t<\/div>\n<\/div>\n[contemplate-6]\n","protected":false},"excerpt":{"rendered":"<p>Mediante la rinoplast\u00eda\u00a0modificamos el tama\u00f1o, la forma o la funci\u00f3n del ap\u00e9ndice nasal. Habitualmente por incisiones internas y no visibles, podemos corregir los defectos nasales otorgando armon\u00eda y belleza a la nariz, en relaci\u00f3n con el resto de la cara. Los mejores candidatos para una rinoplastia son los que buscan una mejor\u00eda en su aspecto, [&hellip;]<\/p>\n","protected":false},"author":3,"featured_media":0,"parent":74,"menu_order":8,"comment_status":"open","ping_status":"closed","template":"page-full.php","meta":{"footnotes":""},"class_list":["post-76","page","type-page","status-publish","hentry"],"_links":{"self":[{"href":"https:\/\/www.drclaudiopol.com.ar\/nuevo\/wp-json\/wp\/v2\/pages\/76","targetHints":{"allow":["GET"]}}],"collection":[{"href":"https:\/\/www.drclaudiopol.com.ar\/nuevo\/wp-json\/wp\/v2\/pages"}],"about":[{"href":"https:\/\/www.drclaudiopol.com.ar\/nuevo\/wp-json\/wp\/v2\/types\/page"}],"author":[{"embeddable":true,"href":"https:\/\/www.drclaudiopol.com.ar\/nuevo\/wp-json\/wp\/v2\/users\/3"}],"replies":[{"embeddable":true,"href":"https:\/\/www.drclaudiopol.com.ar\/nuevo\/wp-json\/wp\/v2\/comments?post=76"}],"version-history":[{"count":19,"href":"https:\/\/www.drclaudiopol.com.ar\/nuevo\/wp-json\/wp\/v2\/pages\/76\/revisions"}],"predecessor-version":[{"id":2173,"href":"https:\/\/www.drclaudiopol.com.ar\/nuevo\/wp-json\/wp\/v2\/pages\/76\/revisions\/2173"}],"up":[{"embeddable":true,"href":"https:\/\/www.drclaudiopol.com.ar\/nuevo\/wp-json\/wp\/v2\/pages\/74"}],"wp:attachment":[{"href":"https:\/\/www.drclaudiopol.com.ar\/nuevo\/wp-json\/wp\/v2\/media?parent=76"}],"curies":[{"name":"wp","href":"https:\/\/api.w.org\/{rel}","templated":true}]}}