{"id":74,"date":"2014-05-19T02:49:01","date_gmt":"2014-05-19T02:49:01","guid":{"rendered":"http:\/\/localhost\/drclaudiopol\/3_2014\/?page_id=74"},"modified":"2014-12-11T01:29:05","modified_gmt":"2014-12-11T01:29:05","slug":"cirugia-facial","status":"publish","type":"page","link":"https:\/\/www.drclaudiopol.com.ar\/nuevo\/tratamientos\/cirugia-facial\/","title":{"rendered":"Cirug\u00eda Facial"},"content":{"rendered":"<div class=\"foto-derecha\"><img decoding=\"async\" src=\"http:\/\/drclaudiopol.com.ar\/nuevo\/wp-content\/uploads\/cirugia-facial.jpg\" alt=\"Cirug\u00eda Facial\" \/><\/div>\n<p>Aplicamos todo nuestro conocimiento, experiencia y aparatolog\u00eda, para la obtenci\u00f3n de un rejuvenecimiento facial ostensible, pero donde no se detecte el paso del bistur\u00ed.<\/p>\n<p>Existen m\u00faltiples alternativas para lograr el rejuvenecimiento de la cara y el cuello. Dependiendo del caso cl\u00ednico y con el objetivo de lograr un resultado arm\u00f3nico, frecuentemente combinamos procedimientos.<\/p>\n<p>Ponemos especial \u00e9nfasis en evitar los estiramientos exagerados o resultados antinaturales. Atenuamos los efectos del paso del tiempo restaurando la funci\u00f3n, mejorando el aspecto y el balance facial, sin modificar los rasgos ni la expresi\u00f3n.<\/p>\n[contemplate-6]\n","protected":false},"excerpt":{"rendered":"<p>Rejuvenecimiento Facial &#8211; Lifting &#8211; Rellenos &#8211; Hilos de Suspensi\u00f3n &#8211; Aumento de Labios, Cirug\u00eda de Cara y Cuello; Ment\u00f3n, P\u00e1rpados (Blefaroplastia) Aplicaci\u00f3n de Botox &#8211; Centro Dr. Claudio Pol &#8211; Buenos Aires, Argentina. Tratamientos en el Centro de Medicina Est\u00e9tica y Cirug\u00eda Pl\u00e1stica<\/p>\n","protected":false},"author":3,"featured_media":0,"parent":49,"menu_order":2,"comment_status":"open","ping_status":"closed","template":"page-full.php","meta":{"footnotes":""},"class_list":["post-74","page","type-page","status-publish","hentry"],"_links":{"self":[{"href":"https:\/\/www.drclaudiopol.com.ar\/nuevo\/wp-json\/wp\/v2\/pages\/74","targetHints":{"allow":["GET"]}}],"collection":[{"href":"https:\/\/www.drclaudiopol.com.ar\/nuevo\/wp-json\/wp\/v2\/pages"}],"about":[{"href":"https:\/\/www.drclaudiopol.com.ar\/nuevo\/wp-json\/wp\/v2\/types\/page"}],"author":[{"embeddable":true,"href":"https:\/\/www.drclaudiopol.com.ar\/nuevo\/wp-json\/wp\/v2\/users\/3"}],"replies":[{"embeddable":true,"href":"https:\/\/www.drclaudiopol.com.ar\/nuevo\/wp-json\/wp\/v2\/comments?post=74"}],"version-history":[{"count":9,"href":"https:\/\/www.drclaudiopol.com.ar\/nuevo\/wp-json\/wp\/v2\/pages\/74\/revisions"}],"predecessor-version":[{"id":1974,"href":"https:\/\/www.drclaudiopol.com.ar\/nuevo\/wp-json\/wp\/v2\/pages\/74\/revisions\/1974"}],"up":[{"embeddable":true,"href":"https:\/\/www.drclaudiopol.com.ar\/nuevo\/wp-json\/wp\/v2\/pages\/49"}],"wp:attachment":[{"href":"https:\/\/www.drclaudiopol.com.ar\/nuevo\/wp-json\/wp\/v2\/media?parent=74"}],"curies":[{"name":"wp","href":"https:\/\/api.w.org\/{rel}","templated":true}]}}