{"id":614,"date":"2014-05-16T21:03:51","date_gmt":"2014-05-16T21:03:51","guid":{"rendered":"http:\/\/localhost\/drclaudiopol\/3_2014\/?page_id=4"},"modified":"2014-12-19T20:55:21","modified_gmt":"2014-12-19T20:55:21","slug":"nuestra-atencion","status":"publish","type":"page","link":"https:\/\/www.drclaudiopol.com.ar\/nuevo\/nuestra-atencion\/","title":{"rendered":"Institucional"},"content":{"rendered":"<div class=\"red-quote\" style=\"text-align: center\"><em>Nos actualizamos en forma permanente, buscamos la excelencia en nuestro trabajo<br \/>y la satisfacci\u00f3n de nuestros pacientes.<\/em><\/div>\n<div style=\"margin: 30px auto; padding: 8px; max-width: 560px; max-height: 310px; border: 1px solid #eee; background-color: #F4EEE0; border-radius: 10px;\"><div id=\"su_slider_69ecd80753a93\" class=\"su-slider su-slider-centered su-slider-pages-yes su-slider-responsive-yes\" style=\"width:100%\" data-autoplay=\"6000\" data-speed=\"900\" data-mousewheel=\"true\"><div class=\"su-slider-slides\"><div class=\"su-slider-slide\"><a><img decoding=\"async\" src=\"https:\/\/www.drclaudiopol.com.ar\/nuevo\/wp-content\/uploads\/centro_cirugia_plastica_drclaudiopol_1-540x300.png\" alt=\"Centro de Cirug\u00eda Pl\u00e1stica Dr. Claudio Pol 1\" \/><\/a><\/div><div class=\"su-slider-slide\"><a><img decoding=\"async\" src=\"https:\/\/www.drclaudiopol.com.ar\/nuevo\/wp-content\/uploads\/centro_cirugia_plastica_drclaudiopol_2-540x300.png\" alt=\"Centro de Cirug\u00eda Pl\u00e1stica Dr. Claudio Pol 2\" \/><\/a><\/div><div class=\"su-slider-slide\"><a><img decoding=\"async\" src=\"https:\/\/www.drclaudiopol.com.ar\/nuevo\/wp-content\/uploads\/centro_cirugia_plastica_drclaudiopol_4-540x300.png\" alt=\"Centro de Cirug\u00eda Pl\u00e1stica Dr. Claudio Pol 4\" \/><\/a><\/div><div class=\"su-slider-slide\"><a><img decoding=\"async\" src=\"https:\/\/www.drclaudiopol.com.ar\/nuevo\/wp-content\/uploads\/centro_cirugia_plastica_drclaudiopol_5-540x300.png\" alt=\"Centro de Cirug\u00eda Pl\u00e1stica Dr. Claudio Pol 5\" \/><\/a><\/div><\/div><div class=\"su-slider-nav\"><div class=\"su-slider-direction\"><span class=\"su-slider-prev\"><\/span><span class=\"su-slider-next\"><\/span><\/div><div class=\"su-slider-pagination\"><\/div><\/div><\/div><\/div>\n<p>En el Centro de Medicina y Cirug\u00eda Est\u00e9tica Dr. Claudio Pol, nuestra atenci\u00f3n a los pacientes es la prioridad primordial.<\/p>\n<p>Tendr\u00e1 la seguridad de ser tratado por m\u00e9dicos especialistas entrenados en el pa\u00eds y en el exterior, actualizados en las \u00faltimas t\u00e9cnicas de cirug\u00eda pl\u00e1stica y con el soporte tecnol\u00f3gico adecuado.<\/p>\n<p>Sabemos que una experiencia satisfactoria se logra cuidando al m\u00e1ximo cada parte del proceso, lo que evita sorpresas o situaciones traum\u00e1ticas.<\/p>\n<p>La atenci\u00f3n personalizada y el trato directo con el cirujano, permiten una comunicaci\u00f3n c\u00f3moda y abierta para que no queden dudas y pueda despejar todos sus temores.<\/p>\n<p>Todo el personal est\u00e1 entrenado para brindar el mejor servicio y contenci\u00f3n a nuestros pacientes.<\/p>\n","protected":false},"excerpt":{"rendered":"<p>Nos actualizamos en forma permanente, buscamos la excelencia en nuestro trabajoy la satisfacci\u00f3n de nuestros pacientes. En el Centro de Medicina y Cirug\u00eda Est\u00e9tica Dr. Claudio Pol, nuestra atenci\u00f3n a los pacientes es la prioridad primordial. Tendr\u00e1 la seguridad de ser tratado por m\u00e9dicos especialistas entrenados en el pa\u00eds y en el exterior, actualizados en [&hellip;]<\/p>\n","protected":false},"author":3,"featured_media":317,"parent":0,"menu_order":33,"comment_status":"open","ping_status":"closed","template":"page-full.php","meta":{"footnotes":""},"class_list":["post-614","page","type-page","status-publish","has-post-thumbnail","hentry"],"_links":{"self":[{"href":"https:\/\/www.drclaudiopol.com.ar\/nuevo\/wp-json\/wp\/v2\/pages\/614","targetHints":{"allow":["GET"]}}],"collection":[{"href":"https:\/\/www.drclaudiopol.com.ar\/nuevo\/wp-json\/wp\/v2\/pages"}],"about":[{"href":"https:\/\/www.drclaudiopol.com.ar\/nuevo\/wp-json\/wp\/v2\/types\/page"}],"author":[{"embeddable":true,"href":"https:\/\/www.drclaudiopol.com.ar\/nuevo\/wp-json\/wp\/v2\/users\/3"}],"replies":[{"embeddable":true,"href":"https:\/\/www.drclaudiopol.com.ar\/nuevo\/wp-json\/wp\/v2\/comments?post=614"}],"version-history":[{"count":25,"href":"https:\/\/www.drclaudiopol.com.ar\/nuevo\/wp-json\/wp\/v2\/pages\/614\/revisions"}],"predecessor-version":[{"id":2150,"href":"https:\/\/www.drclaudiopol.com.ar\/nuevo\/wp-json\/wp\/v2\/pages\/614\/revisions\/2150"}],"wp:featuredmedia":[{"embeddable":true,"href":"https:\/\/www.drclaudiopol.com.ar\/nuevo\/wp-json\/"}],"wp:attachment":[{"href":"https:\/\/www.drclaudiopol.com.ar\/nuevo\/wp-json\/wp\/v2\/media?parent=614"}],"curies":[{"name":"wp","href":"https:\/\/api.w.org\/{rel}","templated":true}]}}