{"id":57,"date":"2014-05-18T17:38:50","date_gmt":"2014-05-18T17:38:50","guid":{"rendered":"http:\/\/localhost\/drclaudiopol\/3_2014\/?page_id=57"},"modified":"2014-10-22T03:12:41","modified_gmt":"2014-10-22T03:12:41","slug":"pacientes-extranjeros-turismo-medico","status":"publish","type":"page","link":"https:\/\/www.drclaudiopol.com.ar\/nuevo\/nuestra-atencion\/pacientes-extranjeros-turismo-medico\/","title":{"rendered":"Pacientes Extranjeros"},"content":{"rendered":"<div class=\"foto-derecha\"><img loading=\"lazy\" decoding=\"async\" src=\"http:\/\/drclaudiopol.com.ar\/nuevo\/wp-content\/uploads\/cirugia_plastica_pacientes_exterior.jpg\" alt=\"cirugia_plastica_pacientes_exterior\" width=\"158\" height=\"229\" class=\"size-full wp-image-1320\" \/><\/div>\n<p>En el\u00a0Centro M\u00e9dico Dr. Claudio Pol contamos con atenci\u00f3n para pacientes extranjeros.<\/p>\n<p>Si Ud. est\u00e1 evaluando la posibilidad de someterse a un tratamiento m\u00e9dico est\u00e9tico en la Argentina, cont\u00e1ctenos.<\/p>\n<p><strong>Nuestro equipo m\u00e9dico estar\u00e1 a su servicio para responder a todas sus inquietudes.<\/strong><\/p>\n<p>Podr\u00e1 solicitar informaci\u00f3n adicional sobre los procedimientos de su inter\u00e9s y la evaluaci\u00f3n especializada de su caso cl\u00ednico, enviando fotograf\u00edas y estudios complementarios.<\/p>\n<p>Tambi\u00e9n puede optar por una cotizaci\u00f3n preliminar del o de los procedimientos m\u00e9dicos en los que est\u00e9 interesado.<\/p>\n<p>Podemos planificar y coordinar su viaje m\u00e9dico, asisti\u00e9ndolo en todas las etapas del mismo.<\/p>\n<p>Brindamos un servicio integral, que incluye alojamiento, traslados, servicio de asistente y nuestro asesor tur\u00edstico puede ofrecerle distintas opciones de paseos tur\u00edsticos en nuestro pa\u00eds.<\/p>\n<p>Puede <a href=\"https:\/\/www.drclaudiopol.com.ar\/nuevo\/nuevo\/?page_id=24\" title=\"Contacto\">contactarnos a trav\u00e9s de nuestro sitio web, completando el formulario de contacto<\/a> o llamando a los tel\u00e9fonos del Centro M\u00e9dico: <a href=\"tel:541148619794\">+54 (11) 4861-9794<\/a> or <a href=\"tel:541148646018\">+54 (11) 4864-6018<\/a>.<\/p>\n","protected":false},"excerpt":{"rendered":"<p>En el\u00a0Centro M\u00e9dico Dr. Claudio Pol contamos con atenci\u00f3n para pacientes extranjeros. Si Ud. est\u00e1 evaluando la posibilidad de someterse a un tratamiento m\u00e9dico est\u00e9tico en la Argentina, cont\u00e1ctenos. Nuestro equipo m\u00e9dico estar\u00e1 a su servicio para responder a todas sus inquietudes. Podr\u00e1 solicitar informaci\u00f3n adicional sobre los procedimientos de su inter\u00e9s y la evaluaci\u00f3n [&hellip;]<\/p>\n","protected":false},"author":3,"featured_media":0,"parent":614,"menu_order":17,"comment_status":"open","ping_status":"closed","template":"page-full.php","meta":{"footnotes":""},"class_list":["post-57","page","type-page","status-publish","hentry"],"_links":{"self":[{"href":"https:\/\/www.drclaudiopol.com.ar\/nuevo\/wp-json\/wp\/v2\/pages\/57","targetHints":{"allow":["GET"]}}],"collection":[{"href":"https:\/\/www.drclaudiopol.com.ar\/nuevo\/wp-json\/wp\/v2\/pages"}],"about":[{"href":"https:\/\/www.drclaudiopol.com.ar\/nuevo\/wp-json\/wp\/v2\/types\/page"}],"author":[{"embeddable":true,"href":"https:\/\/www.drclaudiopol.com.ar\/nuevo\/wp-json\/wp\/v2\/users\/3"}],"replies":[{"embeddable":true,"href":"https:\/\/www.drclaudiopol.com.ar\/nuevo\/wp-json\/wp\/v2\/comments?post=57"}],"version-history":[{"count":7,"href":"https:\/\/www.drclaudiopol.com.ar\/nuevo\/wp-json\/wp\/v2\/pages\/57\/revisions"}],"predecessor-version":[{"id":1325,"href":"https:\/\/www.drclaudiopol.com.ar\/nuevo\/wp-json\/wp\/v2\/pages\/57\/revisions\/1325"}],"up":[{"embeddable":true,"href":"https:\/\/www.drclaudiopol.com.ar\/nuevo\/wp-json\/wp\/v2\/pages\/614"}],"wp:attachment":[{"href":"https:\/\/www.drclaudiopol.com.ar\/nuevo\/wp-json\/wp\/v2\/media?parent=57"}],"curies":[{"name":"wp","href":"https:\/\/api.w.org\/{rel}","templated":true}]}}