{"id":53,"date":"2014-05-18T16:59:05","date_gmt":"2014-05-18T16:59:05","guid":{"rendered":"http:\/\/localhost\/drclaudiopol\/3_2014\/?page_id=53"},"modified":"2014-11-25T13:56:39","modified_gmt":"2014-11-25T13:56:39","slug":"cirugia-mamaria","status":"publish","type":"page","link":"https:\/\/www.drclaudiopol.com.ar\/nuevo\/tratamientos\/cirugia-mamaria\/","title":{"rendered":"Cirug\u00eda Mamaria"},"content":{"rendered":"<div class=\"foto-derecha\"><img decoding=\"async\" src=\"http:\/\/drclaudiopol.com.ar\/nuevo\/wp-content\/uploads\/cirugia-mamaria.jpg\" alt=\"Cirug\u00eda Mamaria\" \/><\/div>\n<p>Hemos logrado un excelente standard de tratamiento en cirug\u00eda mamaria, basado en a\u00f1os de estudio, entrenamiento riguroso y perfeccionamiento en el pa\u00eds y en el exterior.<br \/>\n&nbsp;<br \/>\nLa implementaci\u00f3n de las t\u00e9cnicas m\u00e1s modernas y probadas nos permite estar a la vanguardia en este tipo de procedimientos.<\/p>\n[contemplate-7]\n","protected":false},"excerpt":{"rendered":"<p>Hemos logrado un excelente standard de tratamiento en cirug\u00eda mamaria, basado en a\u00f1os de estudio, entrenamiento riguroso y perfeccionamiento en el pa\u00eds y en el exterior. &nbsp; La implementaci\u00f3n de las t\u00e9cnicas m\u00e1s modernas y probadas nos permite estar a la vanguardia en este tipo de procedimientos. [contemplate-7]<\/p>\n","protected":false},"author":3,"featured_media":0,"parent":49,"menu_order":3,"comment_status":"open","ping_status":"closed","template":"page-full.php","meta":{"footnotes":""},"class_list":["post-53","page","type-page","status-publish","hentry"],"_links":{"self":[{"href":"https:\/\/www.drclaudiopol.com.ar\/nuevo\/wp-json\/wp\/v2\/pages\/53","targetHints":{"allow":["GET"]}}],"collection":[{"href":"https:\/\/www.drclaudiopol.com.ar\/nuevo\/wp-json\/wp\/v2\/pages"}],"about":[{"href":"https:\/\/www.drclaudiopol.com.ar\/nuevo\/wp-json\/wp\/v2\/types\/page"}],"author":[{"embeddable":true,"href":"https:\/\/www.drclaudiopol.com.ar\/nuevo\/wp-json\/wp\/v2\/users\/3"}],"replies":[{"embeddable":true,"href":"https:\/\/www.drclaudiopol.com.ar\/nuevo\/wp-json\/wp\/v2\/comments?post=53"}],"version-history":[{"count":10,"href":"https:\/\/www.drclaudiopol.com.ar\/nuevo\/wp-json\/wp\/v2\/pages\/53\/revisions"}],"predecessor-version":[{"id":1610,"href":"https:\/\/www.drclaudiopol.com.ar\/nuevo\/wp-json\/wp\/v2\/pages\/53\/revisions\/1610"}],"up":[{"embeddable":true,"href":"https:\/\/www.drclaudiopol.com.ar\/nuevo\/wp-json\/wp\/v2\/pages\/49"}],"wp:attachment":[{"href":"https:\/\/www.drclaudiopol.com.ar\/nuevo\/wp-json\/wp\/v2\/media?parent=53"}],"curies":[{"name":"wp","href":"https:\/\/api.w.org\/{rel}","templated":true}]}}