{"id":49,"date":"2014-05-18T16:50:43","date_gmt":"2014-05-18T16:50:43","guid":{"rendered":"http:\/\/localhost\/drclaudiopol\/3_2014\/?page_id=49"},"modified":"2025-12-11T23:05:22","modified_gmt":"2025-12-11T23:05:22","slug":"tratamientos","status":"publish","type":"page","link":"https:\/\/www.drclaudiopol.com.ar\/nuevo\/tratamientos\/","title":{"rendered":"Tratamientos en Cirug\u00eda Pl\u00e1stica y Medicina Est\u00e9tica"},"content":{"rendered":"<div style=\"clear: both; margin: 0 auto; margin-left: 15px;\">\n<p><\/p>\n<div class=\"menu-tratamiento-bloque\">\n    <a href=\"http:\/\/www.drclaudiopol.com.ar\/tratamientos\/cirugia-facial\/\" title=\"Cirug\u00eda Facial\"><b>Cirug\u00eda Facial<\/b><\/a><br \/>\n    \u2022 <a href=\"http:\/\/www.drclaudiopol.com.ar\/tratamientos\/cirugia-facial\/lifting-de-cara-y-cuello\/\">Lifting de Cara y Cuello<\/a><br \/>\n    \u2022 <a href=\"http:\/\/www.drclaudiopol.com.ar\/tratamientos\/cirugia-facial\/cirugia-de-parpados-blefaroplastia\/\">Blefaroplast\u00eda<\/a><br \/>\n    \u2022 <a href=\"http:\/\/www.drclaudiopol.com.ar\/tratamientos\/cirugia-facial\/cirugia-de-nariz-rinoplastia\/\">Rinoplast\u00eda<\/a><br \/>\n    \u2022 <a href=\"http:\/\/www.drclaudiopol.com.ar\/tratamientos\/cirugia-facial\/cirugia-de-menton-aumento-reduccion\/\">Ment\u00f3n (aumento y reducci\u00f3n)<\/a><br \/>\n    \u2022 <a href=\"http:\/\/www.drclaudiopol.com.ar\/tratamientos\/cirugia-facial\/cirugia-de-orejas-auriculoplastia-otoplastia\/\">Auriculoplast\u00eda<\/a><br \/>\n    \u2022 <a href=\"http:\/\/www.drclaudiopol.com.ar\/tratamientos\/cirugia-facial\/elevacion-de-la-cola-de-las-cejas\/\">Elevaci\u00f3n de la cola de las Cejas<\/a><br \/>\n    \u2022 <a href=\"http:\/\/www.drclaudiopol.com.ar\/tratamientos\/cirugia-facial\/hilos-de-suspension\/\">Hilos de Suspensi\u00f3n<\/a><br \/>\n    \u2022 Liposucci\u00f3n de Papada\n<\/div>\n<div class=\"menu-tratamiento-bloque\">\n    <a href=\"http:\/\/www.drclaudiopol.com.ar\/tratamientos\/cirugia-corporal\/\" title=\"Cirug\u00eda Corporal\"><b>Cirug\u00eda Corporal<\/b><\/a><br \/>\n    \u2022 <a href=\"http:\/\/www.drclaudiopol.com.ar\/tratamientos\/cirugia-corporal\/lipoescultura-lipoaspiracion\/\">Lipoescultura<\/a><br \/>\n    \u2022 <a href=\"http:\/\/www.drclaudiopol.com.ar\/tratamientos\/cirugia-corporal\/cirugia-de-abdomen-abdominoplastia\/\">Abdominoplast\u00eda<\/a><br \/>\n    \u2022 <a href=\"http:\/\/www.drclaudiopol.com.ar\/tratamientos\/cirugia-corporal\/cirugia-de-gluteos-gluteoplastia-aumento-implantes-lipoinjerto\/\">Gluteoplast\u00eda<\/a><br \/>\n    \u2022 <a href=\"http:\/\/www.drclaudiopol.com.ar\/tratamientos\/cirugia-intima-femenina-labioplastia-vaginal\">Cirug\u00eda \u00cdntima Femenina<\/a><br \/>\n    \u2022 <a href=\"http:\/\/www.drclaudiopol.com.ar\/tratamientos\/cirugia-corporal\/implantes-de-pantorrillas\/\">Implantes de Pantorrillas<\/a><br \/>\n    \u2022 Implantes de Pectorales<br \/>\n    \u2022 <a href=\"http:\/\/www.drclaudiopol.com.ar\/tratamientos\/cirugia-corporal\/microtransplante-capilar-pelo\/\">Microtransplante Capilar<\/a>\n<\/div>\n<div class=\"menu-tratamiento-bloque\">\n    <a href=\"http:\/\/www.drclaudiopol.com.ar\/tratamientos\/cirugia-mamaria\/\" title=\"Cirug\u00eda Mamaria\"><b>Cirug\u00eda Mamaria<\/b><\/a><br \/>\n    \u2022 <a href=\"http:\/\/www.drclaudiopol.com.ar\/tratamientos\/cirugia-mamaria\/mastoplastia-aumento-de-mamas\">Aumento de Mamas<\/a><br \/>\n    \u2022 <a href=\"http:\/\/www.drclaudiopol.com.ar\/tratamientos\/cirugia-mamaria\/mastoplastia-reduccion-de-mamas\/\">Reducci\u00f3n de Mamas<\/a><br \/>\n    \u2022 <a href=\"http:\/\/www.drclaudiopol.com.ar\/tratamientos\/cirugia-mamaria\/pexia-levantamiento-mamario\/\">Levantamiento Mamario (pexia)<\/a><br \/>\n    \u2022 <a href=\"http:\/\/www.drclaudiopol.com.ar\/tratamientos\/cirugia-mamaria\/reconstruccion-mamaria\/\">Reconstrucci\u00f3n Mamaria<\/a><br \/>\n    \u2022 <a href=\"http:\/\/www.drclaudiopol.com.ar\/tratamientos\/cirugia-mamaria\/ginecomastia-desarrollo-mamario-hombre\/\">Ginecomast\u00eda (hombres)<\/a>\n<\/div>\n<p><\/p>\n<div class=\"menu-tratamiento-horizontal\">\n<div style=\"display: inline-block; max-width: 360px; margin-left: 40px;\">\n        <a href=\"http:\/\/www.drclaudiopol.com.ar\/tratamientos\/medicina-estetica\/\" title=\"Medicina Est\u00e9tica\"><b>Medicina Est\u00e9tica<\/b><\/a><br \/>\n        \u2022 <a href=\"http:\/\/www.drclaudiopol.com.ar\/tratamientos\/medicina-estetica\/aplicacion-de-toxina-botulinica-tipo-a\/\">Aplicaci\u00f3n de Toxina Botul\u00ednica<\/a><br \/>\n        \u2022 <a href=\"http:\/\/www.drclaudiopol.com.ar\/tratamientos\/medicina-estetica\/rellenos-faciales-labios-pomulos-menton\/\">Rellenos faciales: Labios. P\u00f3mulos. Ment\u00f3n<\/a><br \/>\n        \u2022 <a href=\"http:\/\/www.drclaudiopol.com.ar\/tratamientos\/medicina-estetica\/relleno-de-surcos-y-arrugas\/\">Relleno de Surcos y Arrugas<\/a><br \/>\n        \u2022 <a href=\"http:\/\/www.drclaudiopol.com.ar\/tratamientos\/medicina-estetica\/depilacion-laser\/\">L\u00e1ser: Depilaci\u00f3n<\/a><br \/>\n        \u2022 <a href=\"http:\/\/www.drclaudiopol.com.ar\/tratamientos\/medicina-estetica\/laser-foto-rejuvenecimiento-facial\">L\u00e1ser: Foto Rejuvenecimiento Facial<\/a>\n    <\/div>\n<div style=\"display: inline-block; max-width: 360px; margin-left: 60px;\">\n        \u2022 <a href=\"http:\/\/www.drclaudiopol.com.ar\/tratamientos\/medicina-estetica\/peeling-quimico\/\">Peeling qu\u00edmico<\/a><br \/>\n        \u2022 <a href=\"http:\/\/www.drclaudiopol.com.ar\/tratamientos\/medicina-estetica\/dermoabrasion-mecanica\/\">Dermoabrasi\u00f3n mec\u00e1nica<\/a><br \/>\n        \u2022 <a href=\"http:\/\/www.drclaudiopol.com.ar\/tratamientos\/medicina-estetica\/microdermoabrasion-con-punta-de-diamante\/\">Microdermoabrasi\u00f3n con punta de diamante<\/a><br \/>\n        \u2022 <a href=\"http:\/\/www.drclaudiopol.com.ar\/tratamientos\/medicina-estetica\/varices-laser-esclerosis-microcirugia\/\">Varices: L\u00e1ser. Esclerosis. Microcirug\u00eda<\/a><br \/>\n        \u2022 <a href=\"http:\/\/www.drclaudiopol.com.ar\/tratamientos\/medicina-estetica\/celulitis-y-flaccidez\">Celulitis y Flaccidez<\/a>\n    <\/div>\n<\/div>\n<\/div>\n","protected":false},"excerpt":{"rendered":"<p>Cirug\u00eda Facial \u2022 Lifting de Cara y Cuello \u2022 Blefaroplast\u00eda \u2022 Rinoplast\u00eda \u2022 Ment\u00f3n (aumento y reducci\u00f3n) \u2022 Auriculoplast\u00eda \u2022 Elevaci\u00f3n de la cola de las Cejas \u2022 Hilos de Suspensi\u00f3n \u2022 Liposucci\u00f3n de Papada Cirug\u00eda Corporal \u2022 Lipoescultura \u2022 Abdominoplast\u00eda \u2022 Gluteoplast\u00eda \u2022 Cirug\u00eda \u00cdntima Femenina \u2022 Implantes de Pantorrillas \u2022 Implantes de Pectorales [&hellip;]<\/p>\n","protected":false},"author":3,"featured_media":0,"parent":0,"menu_order":32,"comment_status":"open","ping_status":"closed","template":"page-full.php","meta":{"footnotes":""},"class_list":["post-49","page","type-page","status-publish","hentry"],"_links":{"self":[{"href":"https:\/\/www.drclaudiopol.com.ar\/nuevo\/wp-json\/wp\/v2\/pages\/49","targetHints":{"allow":["GET"]}}],"collection":[{"href":"https:\/\/www.drclaudiopol.com.ar\/nuevo\/wp-json\/wp\/v2\/pages"}],"about":[{"href":"https:\/\/www.drclaudiopol.com.ar\/nuevo\/wp-json\/wp\/v2\/types\/page"}],"author":[{"embeddable":true,"href":"https:\/\/www.drclaudiopol.com.ar\/nuevo\/wp-json\/wp\/v2\/users\/3"}],"replies":[{"embeddable":true,"href":"https:\/\/www.drclaudiopol.com.ar\/nuevo\/wp-json\/wp\/v2\/comments?post=49"}],"version-history":[{"count":21,"href":"https:\/\/www.drclaudiopol.com.ar\/nuevo\/wp-json\/wp\/v2\/pages\/49\/revisions"}],"predecessor-version":[{"id":2219,"href":"https:\/\/www.drclaudiopol.com.ar\/nuevo\/wp-json\/wp\/v2\/pages\/49\/revisions\/2219"}],"wp:attachment":[{"href":"https:\/\/www.drclaudiopol.com.ar\/nuevo\/wp-json\/wp\/v2\/media?parent=49"}],"curies":[{"name":"wp","href":"https:\/\/api.w.org\/{rel}","templated":true}]}}