{"id":337,"date":"2014-07-11T20:20:23","date_gmt":"2014-07-11T20:20:23","guid":{"rendered":"http:\/\/localhost\/drclaudiopol\/3_2014\/?page_id=337"},"modified":"2014-12-22T17:43:18","modified_gmt":"2014-12-22T17:43:18","slug":"rellenos-faciales-labios-pomulos-menton","status":"publish","type":"page","link":"https:\/\/www.drclaudiopol.com.ar\/nuevo\/tratamientos\/medicina-estetica\/rellenos-faciales-labios-pomulos-menton\/","title":{"rendered":"Rellenos Faciales: Labios, P\u00f3mulos y Ment\u00f3n"},"content":{"rendered":"<div class=\"foto-derecha\"><img decoding=\"async\" src=\"http:\/\/drclaudiopol.com.ar\/nuevo\/wp-content\/uploads\/relleno-labios.jpg\" alt=\"Relleno labios\" \/><\/div>\n<p>Diversos tipos de rellenos faciales\u00a0pueden inyectarse en la dermis para la correcci\u00f3n de l\u00edneas, arrugas y surcos. Tambi\u00e9n los utilizamos con gran \u00e9xito para dar volumen a los labios, p\u00f3mulos o el modelado facial. Es posible tambi\u00e9n rejuvenecer las manos con este tipo de implantes inyectables.<\/p>\n<p>Depender\u00e1 de la evaluaci\u00f3n m\u00e9dica, las preferencias del m\u00e9dico y el paciente, qu\u00e9 sustancia utilizar.<\/p>\n<p>Disponemos de productos como el \u00e1cido hialur\u00f3nico, (Restylane Fine Lines \u00ae, Restylane \u00ae y Perlane \u00ae); componente natural de nuestro organismo que fusiona el agua con los tejidos, dando a la piel firmeza y volumen.<\/p>\n<p>Se trata de \u00e1cido hialur\u00f3nico estabilizado, biodegradable, no requiere test de alergia pues es totalmente \u201cno animal\u201d y no existe riesgo de transmitir enfermedades ni de provocar reacciones al\u00e9rgicas.<\/p>\n<p>No es permanente. Su duraci\u00f3n es de varios meses, dependiendo de factores tales como la edad del paciente, tipo de piel, estilo de vida, actividad muscular y la estructura individual de la piel. Por lo tanto requiere tratamientos de mantenimiento.<\/p>\n<p>Usualmente cada 6 a 12 meses.<\/p>\n<p>El\u00a0col\u00e1geno, es la m\u00e1s abundante prote\u00edna natural en el cuerpo, y provee apoyo estructural a la piel, los m\u00fasculos, tendones y huesos.<\/p>\n<p>Los productos de relleno a base de col\u00e1geno (Zyderm \u00ae, Zyplast \u00ae), son una alternativa. Como son de origen animal, requieren test de alergia para evitar ser rechazados por nuestro organismo.<\/p>\n<p>La duraci\u00f3n del efecto no llega a un a\u00f1o.<\/p>\n<p>Los\u00a0metacrilatos\u00a0constituyen un interesante grupo de sustancias de relleno que ya vienen combinadas con \u00e1cido hialur\u00f3nico (Dermalive \u00ae), col\u00e1geno (Artecoll \u00ae) u otras sustancias (Metacrill \u00ae).<\/p>\n<p>Tienen la particularidad de ser retenidos indefinidamente por la dermis. Esto permite la correcci\u00f3n de arrugas, l\u00edneas, surcos o el modelado de la cara con un prolongado efecto.<\/p>\n<p>El Dermalive \u00ae y el Metacrill \u00ae no requieren test de alergia, al ser implantes de origen \u201cno animal\u201d. El Artecoll \u00ae debe ser testeado debido a su componente col\u00e1geno.<\/p>\n<p>Otra alternativa la constituye la\u00a0hidroxiapatita de calcio\u00a0(Radiesse \u00ae), implante inyectable, biocompatible, que normalmente se encuentra en nuestro organismo y no requiere test de alergia previa. No es permanente, pero su efecto es de larga duraci\u00f3n, aproximadamente 2 a\u00f1os.<\/p>\n<p>Se debe tener en cuenta que estos tratamientos no reemplazan un lifting facial, pero combinados con l\u00e1ser, Botox \u00ae, microdermoabrasi\u00f3n u otros tratamientos complementarios, permiten obtener excelentes resultados est\u00e9ticos, sin recurrir al bistur\u00ed.<\/p>\n[contemplate-5]\n","protected":false},"excerpt":{"rendered":"<p>Diversos tipos de rellenos faciales\u00a0pueden inyectarse en la dermis para la correcci\u00f3n de l\u00edneas, arrugas y surcos. Tambi\u00e9n los utilizamos con gran \u00e9xito para dar volumen a los labios, p\u00f3mulos o el modelado facial. Es posible tambi\u00e9n rejuvenecer las manos con este tipo de implantes inyectables. Depender\u00e1 de la evaluaci\u00f3n m\u00e9dica, las preferencias del m\u00e9dico [&hellip;]<\/p>\n","protected":false},"author":3,"featured_media":0,"parent":113,"menu_order":0,"comment_status":"closed","ping_status":"closed","template":"page-full.php","meta":{"footnotes":""},"class_list":["post-337","page","type-page","status-publish","hentry"],"_links":{"self":[{"href":"https:\/\/www.drclaudiopol.com.ar\/nuevo\/wp-json\/wp\/v2\/pages\/337","targetHints":{"allow":["GET"]}}],"collection":[{"href":"https:\/\/www.drclaudiopol.com.ar\/nuevo\/wp-json\/wp\/v2\/pages"}],"about":[{"href":"https:\/\/www.drclaudiopol.com.ar\/nuevo\/wp-json\/wp\/v2\/types\/page"}],"author":[{"embeddable":true,"href":"https:\/\/www.drclaudiopol.com.ar\/nuevo\/wp-json\/wp\/v2\/users\/3"}],"replies":[{"embeddable":true,"href":"https:\/\/www.drclaudiopol.com.ar\/nuevo\/wp-json\/wp\/v2\/comments?post=337"}],"version-history":[{"count":5,"href":"https:\/\/www.drclaudiopol.com.ar\/nuevo\/wp-json\/wp\/v2\/pages\/337\/revisions"}],"predecessor-version":[{"id":2186,"href":"https:\/\/www.drclaudiopol.com.ar\/nuevo\/wp-json\/wp\/v2\/pages\/337\/revisions\/2186"}],"up":[{"embeddable":true,"href":"https:\/\/www.drclaudiopol.com.ar\/nuevo\/wp-json\/wp\/v2\/pages\/113"}],"wp:attachment":[{"href":"https:\/\/www.drclaudiopol.com.ar\/nuevo\/wp-json\/wp\/v2\/media?parent=337"}],"curies":[{"name":"wp","href":"https:\/\/api.w.org\/{rel}","templated":true}]}}