{"id":328,"date":"2014-07-11T18:14:52","date_gmt":"2014-07-11T18:14:52","guid":{"rendered":"http:\/\/localhost\/drclaudiopol\/3_2014\/?page_id=328"},"modified":"2014-12-11T01:31:02","modified_gmt":"2014-12-11T01:31:02","slug":"cirugia-corporal","status":"publish","type":"page","link":"https:\/\/www.drclaudiopol.com.ar\/nuevo\/tratamientos\/cirugia-corporal\/","title":{"rendered":"Cirug\u00eda Corporal"},"content":{"rendered":"<div class=\"foto-derecha\"><img decoding=\"async\" src=\"http:\/\/drclaudiopol.com.ar\/nuevo\/wp-content\/uploads\/cirugia-corporal.jpg\" alt=\"Cirug\u00eda Corporal\" \/><\/div>\n<p>Aplicamos todo nuestro conocimiento, experiencia y equipamiento, para obtener resultados naturales y una notable mejor\u00eda en la armon\u00eda corporal.<\/p>\n<p>Tenemos amplia experiencia en Lipoescultura. Como \u00fanica cirug\u00eda o complementando cirug\u00edas abdominales, faciales, mamarias, etc.<\/p>\n<p>Realizamos Liposucci\u00f3n de distintas \u00e1reas corporales, procesamos el tejido graso y lo transferimos a regiones donde deseamos dar volumen, mejorar la forma y aumentar la proyecci\u00f3n.<\/p>\n[contemplate-8]\n","protected":false},"excerpt":{"rendered":"<p>Aplicamos todo nuestro conocimiento, experiencia y equipamiento, para obtener resultados naturales y una notable mejor\u00eda en la armon\u00eda corporal. Tenemos amplia experiencia en Lipoescultura. Como \u00fanica cirug\u00eda o complementando cirug\u00edas abdominales, faciales, mamarias, etc. Realizamos Liposucci\u00f3n de distintas \u00e1reas corporales, procesamos el tejido graso y lo transferimos a regiones donde deseamos dar volumen, mejorar la [&hellip;]<\/p>\n","protected":false},"author":3,"featured_media":0,"parent":49,"menu_order":5,"comment_status":"open","ping_status":"closed","template":"page-full.php","meta":{"footnotes":""},"class_list":["post-328","page","type-page","status-publish","hentry"],"_links":{"self":[{"href":"https:\/\/www.drclaudiopol.com.ar\/nuevo\/wp-json\/wp\/v2\/pages\/328","targetHints":{"allow":["GET"]}}],"collection":[{"href":"https:\/\/www.drclaudiopol.com.ar\/nuevo\/wp-json\/wp\/v2\/pages"}],"about":[{"href":"https:\/\/www.drclaudiopol.com.ar\/nuevo\/wp-json\/wp\/v2\/types\/page"}],"author":[{"embeddable":true,"href":"https:\/\/www.drclaudiopol.com.ar\/nuevo\/wp-json\/wp\/v2\/users\/3"}],"replies":[{"embeddable":true,"href":"https:\/\/www.drclaudiopol.com.ar\/nuevo\/wp-json\/wp\/v2\/comments?post=328"}],"version-history":[{"count":8,"href":"https:\/\/www.drclaudiopol.com.ar\/nuevo\/wp-json\/wp\/v2\/pages\/328\/revisions"}],"predecessor-version":[{"id":1976,"href":"https:\/\/www.drclaudiopol.com.ar\/nuevo\/wp-json\/wp\/v2\/pages\/328\/revisions\/1976"}],"up":[{"embeddable":true,"href":"https:\/\/www.drclaudiopol.com.ar\/nuevo\/wp-json\/wp\/v2\/pages\/49"}],"wp:attachment":[{"href":"https:\/\/www.drclaudiopol.com.ar\/nuevo\/wp-json\/wp\/v2\/media?parent=328"}],"curies":[{"name":"wp","href":"https:\/\/api.w.org\/{rel}","templated":true}]}}