{"id":24,"date":"2014-05-16T21:37:21","date_gmt":"2014-05-16T21:37:21","guid":{"rendered":"http:\/\/localhost\/drclaudiopol\/3_2014\/?page_id=24"},"modified":"2014-10-14T03:26:25","modified_gmt":"2014-10-14T03:26:25","slug":"contacto-centro-cirugia-plastica","status":"publish","type":"page","link":"https:\/\/www.drclaudiopol.com.ar\/nuevo\/contacto-centro-cirugia-plastica\/","title":{"rendered":"Contacto"},"content":{"rendered":"<div style=\"width: 55%; display: inline-block; vertical-align: top; min-width: 300px;\">\n<div style=\"width: 80%; padding: 20px 20px 0 10px;\">\nEsperamos su consulta. Le responderemos a la brevedad.<br \/>\n&nbsp;<\/p>\n\n<div class=\"wpcf7 no-js\" id=\"wpcf7-f1216-o1\" lang=\"es-ES\" dir=\"ltr\" data-wpcf7-id=\"1216\">\n<div class=\"screen-reader-response\"><p role=\"status\" aria-live=\"polite\" aria-atomic=\"true\"><\/p> <ul><\/ul><\/div>\n<form action=\"\/nuevo\/wp-json\/wp\/v2\/pages\/24#wpcf7-f1216-o1\" method=\"post\" class=\"wpcf7-form init\" aria-label=\"Formulario de contacto\" novalidate=\"novalidate\" data-status=\"init\">\n<fieldset class=\"hidden-fields-container\"><input type=\"hidden\" name=\"_wpcf7\" value=\"1216\" \/><input type=\"hidden\" name=\"_wpcf7_version\" value=\"6.1.5\" \/><input type=\"hidden\" name=\"_wpcf7_locale\" value=\"es_ES\" \/><input type=\"hidden\" name=\"_wpcf7_unit_tag\" value=\"wpcf7-f1216-o1\" \/><input type=\"hidden\" name=\"_wpcf7_container_post\" value=\"0\" \/><input type=\"hidden\" name=\"_wpcf7_posted_data_hash\" value=\"\" \/>\n<\/fieldset>\n<div>\n\t<p>Nombre y Apellido *\n\t<\/p>\n\t<p><span class=\"wpcf7-form-control-wrap\" data-name=\"your-name\"><input size=\"40\" maxlength=\"400\" class=\"wpcf7-form-control wpcf7-text wpcf7-validates-as-required\" aria-required=\"true\" aria-invalid=\"false\" value=\"\" type=\"text\" name=\"your-name\" \/><\/span>\n\t<\/p>\n<\/div>\n<div>\n\t<p>Edad\n\t<\/p>\n\t<p><span class=\"wpcf7-form-control-wrap\" data-name=\"edad\"><input size=\"40\" maxlength=\"400\" class=\"wpcf7-form-control wpcf7-text\" aria-invalid=\"false\" value=\"\" type=\"text\" name=\"edad\" \/><\/span>\n\t<\/p>\n<\/div>\n<div>\n\t<p>Ciudad\n\t<\/p>\n\t<p><span class=\"wpcf7-form-control-wrap\" data-name=\"ciudad\"><input size=\"40\" maxlength=\"400\" class=\"wpcf7-form-control wpcf7-text\" aria-invalid=\"false\" value=\"\" type=\"text\" name=\"ciudad\" \/><\/span>\n\t<\/p>\n<\/div>\n<div>\n\t<p>Pa\u00eds\n\t<\/p>\n\t<p><span class=\"wpcf7-form-control-wrap\" data-name=\"pais\"><input size=\"40\" maxlength=\"400\" class=\"wpcf7-form-control wpcf7-text\" aria-invalid=\"false\" value=\"\" type=\"text\" name=\"pais\" \/><\/span>\n\t<\/p>\n<\/div>\n<div>\n\t<p>Tel\u00e9fono\n\t<\/p>\n\t<p><span class=\"wpcf7-form-control-wrap\" data-name=\"telefono\"><input size=\"40\" maxlength=\"400\" class=\"wpcf7-form-control wpcf7-text\" aria-invalid=\"false\" value=\"\" type=\"text\" name=\"telefono\" \/><\/span>\n\t<\/p>\n<\/div>\n<div>\n\t<p>E-mail *\n\t<\/p>\n\t<p><span class=\"wpcf7-form-control-wrap\" data-name=\"your-email\"><input size=\"40\" maxlength=\"400\" class=\"wpcf7-form-control wpcf7-email wpcf7-validates-as-required wpcf7-text wpcf7-validates-as-email\" aria-required=\"true\" aria-invalid=\"false\" value=\"\" type=\"email\" name=\"your-email\" \/><\/span>\n\t<\/p>\n<\/div>\n<div>\n\t<p>Consulta\n\t<\/p>\n\t<p><span class=\"wpcf7-form-control-wrap\" data-name=\"your-message\"><textarea cols=\"40\" rows=\"10\" maxlength=\"2000\" class=\"wpcf7-form-control wpcf7-textarea\" aria-invalid=\"false\" name=\"your-message\"><\/textarea><\/span>\n\t<\/p>\n<\/div>\n<div>\n\t<p>Qu\u00e9 le pareci\u00f3 nuestro sitio web?\n\t<\/p>\n\t<p><span class=\"wpcf7-form-control-wrap\" data-name=\"menu-79\"><select class=\"wpcf7-form-control wpcf7-select\" aria-invalid=\"false\" name=\"menu-79\"><option value=\"\">&#8212;Por favor, elige una opci\u00f3n&#8212;<\/option><option value=\"Excelente\">Excelente<\/option><option value=\"Muy bueno\">Muy bueno<\/option><option value=\"Bueno\">Bueno<\/option><option value=\"Regular\">Regular<\/option><option value=\"Malo\">Malo<\/option><\/select><\/span>\n\t<\/p>\n<\/div>\n<div>\n\t<p>&nbsp;\n\t<\/p>\n<\/div>\n<div>\n\t<p><input type=\"hidden\" name=\"_wpcf7_captcha_challenge_captcha-881\" value=\"3081857133\" \/><img loading=\"lazy\" decoding=\"async\" class=\"wpcf7-form-control wpcf7-captchac wpcf7-captcha-captcha-881\" width=\"72\" height=\"24\" alt=\"captcha\" src=\"https:\/\/www.drclaudiopol.com.ar\/nuevo\/wp-content\/uploads\/wpcf7_captcha\/3081857133.png\" \/>\n\t<\/p>\n<\/div>\n<div>\n\t<p><span class=\"wpcf7-form-control-wrap\" data-name=\"captcha-881\"><input size=\"9\" class=\"wpcf7-form-control wpcf7-captchar\" autocomplete=\"off\" aria-invalid=\"false\" value=\"\" type=\"text\" name=\"captcha-881\" \/><\/span>\n\t<\/p>\n<\/div>\n<div >\n\t<p style=\"text-align: left;\"><span class=\"wpcf7-form-control-wrap\" data-name=\"quiz-601\"><label><span class=\"wpcf7-quiz-label\">\u00bfEn qu\u00e9 a\u00f1o lleg\u00f3 Crist\u00f3bal Col\u00f3n a Am\u00e9rica?<\/span> <input size=\"40\" class=\"wpcf7-form-control wpcf7-quiz\" autocomplete=\"off\" aria-required=\"true\" aria-invalid=\"false\" type=\"text\" name=\"quiz-601\" \/><\/label><input type=\"hidden\" name=\"_wpcf7_quiz_answer_quiz-601\" value=\"41b82ae14ce1ed7187d8e2330718ec94\" \/><\/span>\n\t<\/p>\n<\/div>\n<div>\n\t<p><input class=\"wpcf7-form-control wpcf7-submit has-spinner\" type=\"submit\" value=\"Enviar\" \/>\n\t<\/p>\n<\/div>\n<div>\n\t<p>&nbsp;\n\t<\/p>\n<\/div><div class=\"wpcf7-response-output\" aria-hidden=\"true\"><\/div>\n<\/form>\n<\/div>\n<\/div>\n<\/div>\n<div style=\"width: 44%; display: inline-block; vertical-align: top; min-width: 300px;\">\n<div style=\"width: 90%; padding: 10px 0 0 0px;\">\n<p><b>CENTRO POL DE CIRUG\u00cdA PL\u00c1STICA Y MEDICINA EST\u00c9TICA<\/b><br \/>\nCiudad Aut\u00f3noma de Buenos Aires<br \/>\nAvda. Pueyrred\u00f3n 411. 5to. &#8216;I&#8217;. (C1032ABE)<br \/>\nC.A.B.A. Argentina<br \/>\nTel\/Fax: <strong>+54 (11) <a href=\"tel:541148619794\">4861-9794<\/a> \/ <a href=\"tel:541148646018\">4864-6018<\/a><\/strong><br \/>\n<a href=\"mailto:info@drclaudiopol.com.ar\">info@drclaudiopol.com.ar<\/a><\/p>\n<p>&nbsp;<\/p>\n<div class=\"google-maps\"><iframe loading=\"lazy\" src=\"https:\/\/www.google.com\/maps\/embed?pb=!1m14!1m8!1m3!1d3283.9482928109064!2d-58.405565!3d-34.60546900000001!3m2!1i1024!2i768!4f13.1!3m3!1m2!1s0x0%3A0xd978ebf5cc9eaf38!2sClaudio+H+Pol-centro+de+Cirugia+Plastica!5e0!3m2!1sen!2s!4v1413075415637\" width=\"800\" height=\"300\" frameborder=\"0\" scrolling=\"no\" style=\"border:0\"><\/iframe>\n<\/div>\n<\/div>\n<\/div>\n<div style=\"clear: both\">&nbsp;<\/div>\n","protected":false},"excerpt":{"rendered":"<p>Esperamos su consulta. Le responderemos a la brevedad. &nbsp; CENTRO POL DE CIRUG\u00cdA PL\u00c1STICA Y MEDICINA EST\u00c9TICA Ciudad Aut\u00f3noma de Buenos Aires Avda. Pueyrred\u00f3n 411. 5to. &#8216;I&#8217;. (C1032ABE) C.A.B.A. Argentina Tel\/Fax: +54 (11) 4861-9794 \/ 4864-6018 info@drclaudiopol.com.ar &nbsp; &nbsp;<\/p>\n","protected":false},"author":3,"featured_media":0,"parent":0,"menu_order":38,"comment_status":"open","ping_status":"closed","template":"page-full.php","meta":{"footnotes":""},"class_list":["post-24","page","type-page","status-publish","hentry"],"_links":{"self":[{"href":"https:\/\/www.drclaudiopol.com.ar\/nuevo\/wp-json\/wp\/v2\/pages\/24","targetHints":{"allow":["GET"]}}],"collection":[{"href":"https:\/\/www.drclaudiopol.com.ar\/nuevo\/wp-json\/wp\/v2\/pages"}],"about":[{"href":"https:\/\/www.drclaudiopol.com.ar\/nuevo\/wp-json\/wp\/v2\/types\/page"}],"author":[{"embeddable":true,"href":"https:\/\/www.drclaudiopol.com.ar\/nuevo\/wp-json\/wp\/v2\/users\/3"}],"replies":[{"embeddable":true,"href":"https:\/\/www.drclaudiopol.com.ar\/nuevo\/wp-json\/wp\/v2\/comments?post=24"}],"version-history":[{"count":43,"href":"https:\/\/www.drclaudiopol.com.ar\/nuevo\/wp-json\/wp\/v2\/pages\/24\/revisions"}],"predecessor-version":[{"id":1275,"href":"https:\/\/www.drclaudiopol.com.ar\/nuevo\/wp-json\/wp\/v2\/pages\/24\/revisions\/1275"}],"wp:attachment":[{"href":"https:\/\/www.drclaudiopol.com.ar\/nuevo\/wp-json\/wp\/v2\/media?parent=24"}],"curies":[{"name":"wp","href":"https:\/\/api.w.org\/{rel}","templated":true}]}}