{"id":229,"date":"2014-06-22T19:29:36","date_gmt":"2014-06-22T19:29:36","guid":{"rendered":"http:\/\/localhost\/drclaudiopol\/3_2014\/?page_id=229"},"modified":"2014-12-19T18:40:42","modified_gmt":"2014-12-19T18:40:42","slug":"implantes-de-pantorrillas","status":"publish","type":"page","link":"https:\/\/www.drclaudiopol.com.ar\/nuevo\/tratamientos\/cirugia-corporal\/implantes-de-pantorrillas\/","title":{"rendered":"Implantes de Pantorrillas"},"content":{"rendered":"<div class=\"foto-derecha\"><img decoding=\"async\" src=\"http:\/\/drclaudiopol.com.ar\/nuevo\/wp-content\/uploads\/cirugia-pantorrillas.jpg\" alt=\"cirugia pantorrillas implantes\" \/><\/div>\n<p>Cuando existe un disbalance en el miembro inferior, debido a una atrofia o hipotrofia de la pantorrilla, ya sea por contextura f\u00edsica propia, enfermedades o traumatismos; podemos mejorar el volumen y forma de la pierna, mediante la inclusi\u00f3n de implantes de pantorrillas de silicona blandos simulando el desarrollo de los m\u00fasculos gemelos.<\/p>\n<p>El procedimiento quir\u00fargico puede ser uni o bilateral y beneficia tanto a hombres como a mujeres.<\/p>\n<p>L\u00f3gicamente se deben realizar todos los estudios prequir\u00fargicos.<\/p>\n<p>Se realiza mediante una peque\u00f1a incisi\u00f3n en el pliegue posterior de la rodilla, por donde se tallar\u00e1 un bolsillo, en el que se instalar\u00e1 un implante de siliconas previamente seleccionado.<\/p>\n<p>Existen pr\u00f3tesis fusiformes y otras anat\u00f3micas. En consultas previas al acto quir\u00fargico se define la mejor opci\u00f3n.<\/p>\n<p>Luego del meticuloso cierre de la herida quir\u00fargica, se coloca un vendaje el\u00e1stico, que se utilizar\u00e1 por unos 12 a 15 d\u00edas. Posteriormente son \u00fatiles las medias de compresi\u00f3n.<\/p>\n<p>El procedimiento es ambulatorio (no requiere internaci\u00f3n); puede realizarse mediante anestesia peridural y en general, no demora m\u00e1s de 90 minutos.<\/p>\n<p>Pueden existir complicaciones, como en otras operaciones de cirug\u00eda pl\u00e1stica, tales como sangrado, infecci\u00f3n, formaci\u00f3n de seroma o cicatriz exagerada, aunque son poco frecuentes.<\/p>\n[contemplate-8]\n","protected":false},"excerpt":{"rendered":"<p>Cuando existe un disbalance en el miembro inferior, debido a una atrofia o hipotrofia de la pantorrilla, ya sea por contextura f\u00edsica propia, enfermedades o traumatismos; podemos mejorar el volumen y forma de la pierna, mediante la inclusi\u00f3n de implantes de pantorrillas de silicona blandos simulando el desarrollo de los m\u00fasculos gemelos. El procedimiento quir\u00fargico [&hellip;]<\/p>\n","protected":false},"author":3,"featured_media":0,"parent":328,"menu_order":26,"comment_status":"open","ping_status":"open","template":"page-full.php","meta":{"footnotes":""},"class_list":["post-229","page","type-page","status-publish","hentry"],"_links":{"self":[{"href":"https:\/\/www.drclaudiopol.com.ar\/nuevo\/wp-json\/wp\/v2\/pages\/229","targetHints":{"allow":["GET"]}}],"collection":[{"href":"https:\/\/www.drclaudiopol.com.ar\/nuevo\/wp-json\/wp\/v2\/pages"}],"about":[{"href":"https:\/\/www.drclaudiopol.com.ar\/nuevo\/wp-json\/wp\/v2\/types\/page"}],"author":[{"embeddable":true,"href":"https:\/\/www.drclaudiopol.com.ar\/nuevo\/wp-json\/wp\/v2\/users\/3"}],"replies":[{"embeddable":true,"href":"https:\/\/www.drclaudiopol.com.ar\/nuevo\/wp-json\/wp\/v2\/comments?post=229"}],"version-history":[{"count":6,"href":"https:\/\/www.drclaudiopol.com.ar\/nuevo\/wp-json\/wp\/v2\/pages\/229\/revisions"}],"predecessor-version":[{"id":2144,"href":"https:\/\/www.drclaudiopol.com.ar\/nuevo\/wp-json\/wp\/v2\/pages\/229\/revisions\/2144"}],"up":[{"embeddable":true,"href":"https:\/\/www.drclaudiopol.com.ar\/nuevo\/wp-json\/wp\/v2\/pages\/328"}],"wp:attachment":[{"href":"https:\/\/www.drclaudiopol.com.ar\/nuevo\/wp-json\/wp\/v2\/media?parent=229"}],"curies":[{"name":"wp","href":"https:\/\/api.w.org\/{rel}","templated":true}]}}