{"id":222,"date":"2014-06-22T02:33:16","date_gmt":"2014-06-22T02:33:16","guid":{"rendered":"http:\/\/localhost\/drclaudiopol\/3_2014\/?page_id=222"},"modified":"2014-11-25T16:54:17","modified_gmt":"2014-11-25T16:54:17","slug":"cirugia-intima-femenina-labioplastia-vaginal","status":"publish","type":"page","link":"https:\/\/www.drclaudiopol.com.ar\/nuevo\/tratamientos\/cirugia-corporal\/cirugia-intima-femenina-labioplastia-vaginal\/","title":{"rendered":"Cirug\u00eda \u00cdntima Femenina (Labioplast\u00eda vaginal)"},"content":{"rendered":"<div class=\"foto-derecha\"><img decoding=\"async\" src=\"http:\/\/drclaudiopol.com.ar\/nuevo\/wp-content\/uploads\/cirugia-intima-femenina.jpg\" alt=\"Cirug\u00eda \u00cdntima Femenina (Labioplast\u00eda vaginal)\" \/><\/div>\n<h2>Labioplast\u00eda Vaginal de Reducci\u00f3n<\/h2>\n<p>La Labioplast\u00eda Vaginal de Reducci\u00f3n es una cirug\u00eda que reduce y\/o redise\u00f1a los labios menores.<\/p>\n<p>En ocasiones, los labios menores hipertr\u00f3ficos, colgantes y\/o asim\u00e9tricos; pueden causar dolor, irritaci\u00f3n o simplemente resultar sumamente antiest\u00e9ticos para algunas mujeres.<\/p>\n<p>La causa de estas alteraciones puede ser gen\u00e9tica o producirse luego de los partos.<\/p>\n<p>Podemos lograr una mejor\u00eda est\u00e9tica y funcional notable, mediante la reducci\u00f3n y redise\u00f1o de los labios menores.<\/p>\n<h2>Labioplast\u00eda Vaginal de Aumento<\/h2>\n<p>Los labios mayores pueden variar anat\u00f3micamente con los partos, con el aumento o p\u00e9rdida de peso corporal o con la edad.<\/p>\n<p>La p\u00e9rdida de tejido adiposo en los labios mayores, con laxitud de los mismos y del monte de Venus, puede producir molestias en la actividad sexual, debido a la p\u00e9rdida del acolchado natural que proporciona en el hueso pubiano.<\/p>\n<p>Podemos solucionar \u00e9stos problemas con relleno con grasa propia de la paciente (lipofilling) o con \u00e1cido hialur\u00f3nico. Este tratamiento otorga a la regi\u00f3n, mayor volumen, turgencia y un aspecto m\u00e1s suave y juvenil.<\/p>\n<p>Salvo el relleno con \u00e1cido hialur\u00f3nico, que es un procedimiento menor; se trata de procedimientos quir\u00fargicos ambulatorios, que se realizan con anestesia local.<\/p>\n<p>Luego de las cirug\u00edas, se puede experimentar disconfor y edema en la regi\u00f3n, que desaparece progresivamente en 1 o 2 semanas.<\/p>\n<p>Las incisiones usualmente cicatrizan bien y raramente son perceptibles. Como en la mayor\u00eda de los procedimientos quir\u00fargicos, existen riesgos de infecci\u00f3n, hematoma o dehiscencia de la herida; pero realmente son complicaciones infrecuentes.<\/p>\n<p>En general se puede retomar la actividad habitual en 3 o 4 d\u00edas.<\/p>\n<p>La actividad sexual es conveniente evitarla por 30 d\u00edas.<\/p>\n[contemplate-8]\n","protected":false},"excerpt":{"rendered":"<p>Labioplast\u00eda Vaginal de Reducci\u00f3n La Labioplast\u00eda Vaginal de Reducci\u00f3n es una cirug\u00eda que reduce y\/o redise\u00f1a los labios menores. En ocasiones, los labios menores hipertr\u00f3ficos, colgantes y\/o asim\u00e9tricos; pueden causar dolor, irritaci\u00f3n o simplemente resultar sumamente antiest\u00e9ticos para algunas mujeres. La causa de estas alteraciones puede ser gen\u00e9tica o producirse luego de los partos. Podemos [&hellip;]<\/p>\n","protected":false},"author":3,"featured_media":317,"parent":328,"menu_order":25,"comment_status":"open","ping_status":"closed","template":"page-full.php","meta":{"footnotes":""},"class_list":["post-222","page","type-page","status-publish","has-post-thumbnail","hentry"],"_links":{"self":[{"href":"https:\/\/www.drclaudiopol.com.ar\/nuevo\/wp-json\/wp\/v2\/pages\/222","targetHints":{"allow":["GET"]}}],"collection":[{"href":"https:\/\/www.drclaudiopol.com.ar\/nuevo\/wp-json\/wp\/v2\/pages"}],"about":[{"href":"https:\/\/www.drclaudiopol.com.ar\/nuevo\/wp-json\/wp\/v2\/types\/page"}],"author":[{"embeddable":true,"href":"https:\/\/www.drclaudiopol.com.ar\/nuevo\/wp-json\/wp\/v2\/users\/3"}],"replies":[{"embeddable":true,"href":"https:\/\/www.drclaudiopol.com.ar\/nuevo\/wp-json\/wp\/v2\/comments?post=222"}],"version-history":[{"count":5,"href":"https:\/\/www.drclaudiopol.com.ar\/nuevo\/wp-json\/wp\/v2\/pages\/222\/revisions"}],"predecessor-version":[{"id":1660,"href":"https:\/\/www.drclaudiopol.com.ar\/nuevo\/wp-json\/wp\/v2\/pages\/222\/revisions\/1660"}],"up":[{"embeddable":true,"href":"https:\/\/www.drclaudiopol.com.ar\/nuevo\/wp-json\/wp\/v2\/pages\/328"}],"wp:featuredmedia":[{"embeddable":true,"href":"https:\/\/www.drclaudiopol.com.ar\/nuevo\/wp-json\/"}],"wp:attachment":[{"href":"https:\/\/www.drclaudiopol.com.ar\/nuevo\/wp-json\/wp\/v2\/media?parent=222"}],"curies":[{"name":"wp","href":"https:\/\/api.w.org\/{rel}","templated":true}]}}