{"id":220,"date":"2014-06-22T02:32:18","date_gmt":"2014-06-22T02:32:18","guid":{"rendered":"http:\/\/localhost\/drclaudiopol\/3_2014\/?page_id=220"},"modified":"2014-11-25T16:35:58","modified_gmt":"2014-11-25T16:35:58","slug":"varices-laser-esclerosis-microcirugia","status":"publish","type":"page","link":"https:\/\/www.drclaudiopol.com.ar\/nuevo\/tratamientos\/medicina-estetica\/varices-laser-esclerosis-microcirugia\/","title":{"rendered":"V\u00e1rices: L\u00e1ser. Esclerosis. Microcirug\u00eda"},"content":{"rendered":"<div class=\"foto-derecha\"><img decoding=\"async\" src=\"http:\/\/drclaudiopol.com.ar\/nuevo\/wp-content\/uploads\/varices-tratamiento.jpg\" alt=\"V\u00e1rices: L\u00e1ser. Esclerosis. Microcirug\u00eda\" \/><\/div>\n<p>Para las v\u00e1rices, ofrecemos tratamiento con:<\/p>\n<div style=\"margin-left: 25px;\"><b>&bull; L\u00c1SER.<\/p>\n<p>&bull; FLEBOESCLEROSIS con microespuma.<\/p>\n<p>&bull;  MINICIRUGIA.<\/b><\/div>\n<p>Evaluamos a los pacientes cl\u00ednicamente y mediante estudios complementarios, para decidir el tratamiento m\u00e1s conveniente.<\/p>\n<p>Para las telangiectasias (ara\u00f1itas), en general efectuamos LASER.<\/p>\n<p>El procedimiento con LASER requiere varias sesiones con un lapso entre ellas de 2 o 3 semanas aproximadamente.<\/p>\n<p>Algunas \u00e1reas son m\u00e1s rebeldes que otras. Cuanto m\u00e1s blanca sea la piel, superior ser\u00e1 el resultado.<\/p>\n<p>NO requiere anestesia y en el momento se retoma la actividad habitual.<\/p>\n<p>Debe evitarse el tomar sol 3 o 4 d\u00edas despu\u00e9s del procedimiento y es recomendable no estar bronceado en el momento del tratamiento.<\/p>\n<p>La FLEBOESCLEROSIS con Microespuma la utilizamos en v\u00e1rices de peque\u00f1o y mediano calibre. No requiere anestesia y es muy eficaz. La sustancia esclerosante no se mezcla con la sangre, sino que la desplaza, teniendo un efecto mayor sobre el endotelio del vaso.<br \/>\nEs necesaria la compresi\u00f3n mediante medias de descanso o venda el\u00e1stica inmediatamente despu\u00e9s de la sesi\u00f3n.<br \/>\nEn ocasiones, realizamos la fleboesclerosis con microespuma, con localizaci\u00f3n y control del tratamiento, mediante Eco-doppler color.<\/p>\n<p>En v\u00e1rices tortuosas y\/o de di\u00e1metro importante, realizamos MINICIRUGIA, con incisiones muy peque\u00f1as.<\/p>\n[contemplate-5]\n","protected":false},"excerpt":{"rendered":"<p>Para las v\u00e1rices, ofrecemos tratamiento con: &bull; L\u00c1SER. &bull; FLEBOESCLEROSIS con microespuma. &bull; MINICIRUGIA. Evaluamos a los pacientes cl\u00ednicamente y mediante estudios complementarios, para decidir el tratamiento m\u00e1s conveniente. Para las telangiectasias (ara\u00f1itas), en general efectuamos LASER. El procedimiento con LASER requiere varias sesiones con un lapso entre ellas de 2 o 3 semanas aproximadamente. [&hellip;]<\/p>\n","protected":false},"author":3,"featured_media":0,"parent":113,"menu_order":0,"comment_status":"closed","ping_status":"open","template":"page-full.php","meta":{"footnotes":""},"class_list":["post-220","page","type-page","status-publish","hentry"],"_links":{"self":[{"href":"https:\/\/www.drclaudiopol.com.ar\/nuevo\/wp-json\/wp\/v2\/pages\/220","targetHints":{"allow":["GET"]}}],"collection":[{"href":"https:\/\/www.drclaudiopol.com.ar\/nuevo\/wp-json\/wp\/v2\/pages"}],"about":[{"href":"https:\/\/www.drclaudiopol.com.ar\/nuevo\/wp-json\/wp\/v2\/types\/page"}],"author":[{"embeddable":true,"href":"https:\/\/www.drclaudiopol.com.ar\/nuevo\/wp-json\/wp\/v2\/users\/3"}],"replies":[{"embeddable":true,"href":"https:\/\/www.drclaudiopol.com.ar\/nuevo\/wp-json\/wp\/v2\/comments?post=220"}],"version-history":[{"count":9,"href":"https:\/\/www.drclaudiopol.com.ar\/nuevo\/wp-json\/wp\/v2\/pages\/220\/revisions"}],"predecessor-version":[{"id":1657,"href":"https:\/\/www.drclaudiopol.com.ar\/nuevo\/wp-json\/wp\/v2\/pages\/220\/revisions\/1657"}],"up":[{"embeddable":true,"href":"https:\/\/www.drclaudiopol.com.ar\/nuevo\/wp-json\/wp\/v2\/pages\/113"}],"wp:attachment":[{"href":"https:\/\/www.drclaudiopol.com.ar\/nuevo\/wp-json\/wp\/v2\/media?parent=220"}],"curies":[{"name":"wp","href":"https:\/\/api.w.org\/{rel}","templated":true}]}}