{"id":20,"date":"2014-05-16T21:28:41","date_gmt":"2014-05-16T21:28:41","guid":{"rendered":"http:\/\/localhost\/drclaudiopol\/3_2014\/?page_id=20"},"modified":"2014-12-23T18:14:40","modified_gmt":"2014-12-23T18:14:40","slug":"doctor-cirujano-claudio-pol","status":"publish","type":"page","link":"https:\/\/www.drclaudiopol.com.ar\/nuevo\/doctor-cirujano-claudio-pol\/","title":{"rendered":"Doctor Claudio H. Pol"},"content":{"rendered":"<div class=\"foto-derecha\"><span class=\"su-lightbox\" data-mfp-src=\"http:\/\/drclaudiopol.com.ar\/nuevo\/wp-content\/uploads\/DrClaudioPol_l.jpg\" data-mfp-type=\"image\" data-mobile=\"yes\"><img decoding=\"async\" src=\"http:\/\/drclaudiopol.com.ar\/nuevo\/wp-content\/uploads\/DrClaudioPol_s.jpg\" alt=\"Dr Claudio Pol Cirujano Pl\u00e1stico\" \/><\/span><\/div>\n<p><strong>El Doctor Claudio H. Pol se gradu\u00f3 como m\u00e9dico en la Universidad de Buenos Aires en el a\u00f1o 1984.<\/strong><\/p>\n<p>Complet\u00f3 su Residencia en Cirug\u00eda General en el Hospital de San Isidro, rotando en\u00a0el segundo a\u00f1o de la misma por el\u00a0Servicio de Cirug\u00eda del Hospital Bruchsal-Universitat. Heidelberg. Alemania; con los Dres. Thiele y\u00a0von Behring.<\/p>\n<p>Se diplom\u00f3 como Especialista en Cirug\u00eda\u00a0General en 1990.<\/p>\n<p>Al finalizar su entrenamiento en Cirug\u00eda Pl\u00e1stica, Est\u00e9tica y Reconstructiva en el Hospital de Cl\u00ednicas de la Universidad de Buenos Aires,\u00a0fue seleccionado por Rotary Foundation of\u00a0Rotary International, como Embajador de Buena Voluntad por Argentina y se le otorg\u00f3 una Beca para su perfeccionamiento\u00a0en Cirug\u00eda Pl\u00e1stica en Emory\u00a0University, Atlanta, USA, 1992-1993.<\/p>\n<div class=\"foto-derecha\"><span class=\"su-lightbox\" data-mfp-src=\"http:\/\/drclaudiopol.com.ar\/nuevo\/wp-content\/uploads\/DrClaudioPol_porTute.jpg\" data-mfp-type=\"image\" data-mobile=\"yes\"><img decoding=\"async\" src=\"http:\/\/drclaudiopol.com.ar\/nuevo\/wp-content\/uploads\/DrClaudioPol_porTute_s.jpg\" alt=\"Dr Claudio Pol por Tute\" \/><\/span><\/div>\n<p>Ingres\u00f3 como Especialista\u00a0en\u00a0la Divisi\u00f3n Cirug\u00eda Pl\u00e1stica del Hospital de Cl\u00ednicas\u00a0de la Universidad de Buenos Aires; desarrollando el Sector de Cirug\u00eda de Mamas, est\u00e9tica y reconstructiva.<\/p>\n<p>El Dr. Pol se entren\u00f3 en Microcirug\u00eda con los Dres. Yu-Chuan y Poitevin (The University of Texas &#8211; Universidad de Buenos Aires) y con el Dr. Evandro de Olivera en San Pablo, Brasil.<\/p>\n<p>Desarroll\u00f3 la actividad docente durante toda su carrera, siendo Ayudante de C\u00e1tedra y Jefe de Trabajos Pr\u00e1cticos de Cirug\u00eda de la UBA.<\/p>\n<p>Desde 1997, Docente Adscripto a la Carrera de Cirug\u00eda Pl\u00e1stica de la Universidad de Buenos Aires.<\/p>\n<p>Present\u00f3 numerosos trabajos cient\u00edficos y particip\u00f3 como Relator en Congresos de la Especialidad.<\/p>\n<p>&nbsp;<\/p>\n<h1 class=\"title\">MEMBRES\u00cdAS<\/h1>\n<h4>EL DR. POL ES MIEMBRO DE LAS SIGUIENTES SOCIEDADES CIENT\u00cdFICAS:<\/h4>\n<p>&nbsp;<\/p>\n<div class=\"membresias\">\n<div class=\"table\"><div class=\"su-row\"><div class=\"su-column su-column-size-1-2\"><div class=\"su-column-inner su-u-clearfix su-u-trim\">\n<div class=\"column1\"><img decoding=\"async\" src=\"http:\/\/drclaudiopol.com.ar\/nuevo\/wp-content\/uploads\/logo-sacper-sociedad-argentina-cirugia-plastica-estetica-reparadora.png\" alt=\"logo-sacper-sociedad-argentina-cirugia-plastica-estetica-reparadora\" \/><\/div>\n<div class=\"column2\"><span class=\"asociacion\">SACPER<\/span><br \/>\nSociedad Argentina de Cirug\u00eda Pl\u00e1stica, Est\u00e9tica y Reparadora<br \/>\n<strong>Miembro Titular<\/strong><\/div>\n<\/div><\/div><div class=\"su-column su-column-size-1-2\"><div class=\"su-column-inner su-u-clearfix su-u-trim\">\n<div class=\"column1\"><img decoding=\"async\" src=\"http:\/\/drclaudiopol.com.ar\/nuevo\/wp-content\/uploads\/logo-filacp-federacion-ibero-latinoamericana-cirugia-plastica-reconstructiva.png\" alt=\"logo-filacp-federacion-ibero-latinoamericana-cirugia-plastica-reconstructiva\" \/><\/div>\n<div class=\"column2\"><span class=\"asociacion\">FILACP<\/span><br \/>\nFederaci\u00f3n Ibero Latinoamericana de Cirug\u00eda Pl\u00e1stica y Reconstructiva<br \/>\n<strong>Miembro Titular<\/strong><\/div>\n<\/div><\/div><\/div><div class=\"su-row\"><div class=\"su-column su-column-size-1-2\"><div class=\"su-column-inner su-u-clearfix su-u-trim\">\n<div class=\"column1\"><img decoding=\"async\" src=\"http:\/\/drclaudiopol.com.ar\/nuevo\/wp-content\/uploads\/logo-scpba-sociedad-cirugia-plastica-buenos-aires.png\" alt=\"logo-scpba-sociedad-cirugia-plastica-buenos-aires\" \/><\/div>\n<div class=\"column2\"><span class=\"asociacion\">SCPBA<\/span><br \/>\nSociedad de Cirug\u00eda Pl\u00e1stica de Buenos Aires<br \/>\n<strong>Miembro Titular<\/strong><\/div>\n<\/div><\/div><div class=\"su-column su-column-size-1-2\"><div class=\"su-column-inner su-u-clearfix su-u-trim\">\n<div class=\"column1\"><img decoding=\"async\" src=\"http:\/\/drclaudiopol.com.ar\/nuevo\/wp-content\/uploads\/logo-acc-asociacion-argentina-cirugia.png\" alt=\"logo-acc-asociacion-argentina-cirugia\" \/><\/div>\n<div class=\"column2\"><span class=\"asociacion\">AAC<\/span><br \/>\nAsociaci\u00f3n Argentina de Cirug\u00eda<br \/>\n<strong>Miembro Titular<\/strong><\/div>\n<\/div><\/div><\/div><div class=\"su-row\"><div class=\"su-column su-column-size-1-2\"><div class=\"su-column-inner su-u-clearfix su-u-trim\">\n<div class=\"column1\"><img decoding=\"async\" src=\"http:\/\/drclaudiopol.com.ar\/nuevo\/wp-content\/uploads\/logo-ipras-confederation-plastic-reconstructive-aesthetic-surgery.png\" alt=\"logo-ipras-confederation-plastic-reconstructive-aesthetic-surgery\" \/><\/div>\n<div class=\"column2\"><span class=\"asociacion\">IPRAS<\/span><br \/>\nThe International Confederation for Plastic Reconstructive and Aesthetic Surgery <strong>Miembro Titular<\/strong><\/div>\n<\/div><\/div>\n<div class=\"su-column su-column-size-1-2\"><div class=\"su-column-inner su-u-clearfix su-u-trim\">\n<div class=\"column1\"><img decoding=\"async\" src=\"http:\/\/drclaudiopol.com.ar\/nuevo\/wp-content\/uploads\/logo-ama-asociacion-medica-argentina.png\" alt=\"logo-ama-asociacion-medica-argentina\" \/><\/div>\n<div class=\"column2\"><span class=\"asociacion\">AMA<\/span><br \/>\nAsociaci\u00f3n M\u00e9dica Argentina<br \/>\n<strong>Miembro Honorario Nacional<\/strong><\/div>\n<\/div><\/div><\/div><\/div>\n<\/div>\n<p>&nbsp;<\/p>\n<h1 class=\"title\">ANTECEDENTES ACADEMICOS<\/h1>\n<p><strong>Diploma de M\u00e9dico. Universidad de Buenos Aires. U.B.A. 1984.<\/strong><\/p>\n<p>M\u00e9dico Concurrente al Servicio de Cirug\u00eda General, Divisi\u00f3n B.<br \/>\nHospital C. Argerich. 1985 &#8211; 1986.<\/p>\n<p>Residencia completa en Cirug\u00eda General.<br \/>\nHospital Municipal de San Isidro. 1986 &#8211; 1989.<\/p>\n<p>Especialista en Cirug\u00eda General.<br \/>\nAsociaci\u00f3n Argentina de Cirug\u00eda. 1990.<br \/>\nMinisterio de Salud P\u00fablica de la Naci\u00f3n. 1995.<\/p>\n<p>Especialista en Cirug\u00eda Coloproctol\u00f3gica.<br \/>\nSociedad Argentina de Coloproctolog\u00eda. 1990.<\/p>\n<p><strong>Especialista Universitario en Cirug\u00eda Pl\u00e1stica y Reconstructiva.<\/strong><br \/>\nUniversidad de Buenos Aires. U.B.A. 1989 &#8211; 1992.<br \/>\nMinisterio de Salud P\u00fablica de la Naci\u00f3n. 1998.<\/p>\n<p>Jefe de Guardia. Hospital de Cl\u00ednicas Jos\u00e9 de San Mart\u00edn. U.B.A. 1990 &#8211; 1992.<\/p>\n<p>Rotary Foundation of\u00a0 Rotary International.<br \/>\nEmbajador de Buena Voluntad. Beca de perfeccionamiento profesional.<br \/>\nEmory University. Atlanta. Georgia. U.S.A. 1992 &#8211; 1993.<\/p>\n<p>Cirujano Pl\u00e1stico. Divisi\u00f3n Cirug\u00eda Pl\u00e1stica.<br \/>\nHospital de Cl\u00ednicas Jos\u00e9 de San Mart\u00edn. Univ. de Buenos Aires. 1994 &#8211; 2006.<\/p>\n<p>Licenciado en Medicina y Cirug\u00eda. Espa\u00f1a. C.C.E. 1993.<\/p>\n<p>&nbsp;<\/p>\n<h1 class=\"title\">ACTIVIDAD DOCENTE<\/h1>\n<p>Carrera Docente en Ciencias de la Salud. 1988 -1992.<\/p>\n<p>Jefe\u00a0 de Trabajos Pr\u00e1cticos de Cirug\u00eda.\u00a0 U.B.A. 1991 &#8211; 1993.<\/p>\n<p>Docente Adscripto de Cirug\u00eda. U.B.A. Desde 1997.<\/p>\n<p>Docente de la Carrera de Especialistas en Cirug\u00eda Pl\u00e1stica de la U.B.A. 1997.<\/p>\n<p>&nbsp;<\/p>\n<h1 class=\"title\">CERTIFICACIONES<\/h1>\n<p>A.T.L.S. (Advanced Trauma Life Support) Certificado. 1990.<\/p>\n<p>Certificado por el Consejo de Certificaci\u00f3n de Profesionales M\u00e9dicos (CCPM),auspiciado por la Academia Nacional de Medicina. 1996.<\/p>\n<p>Recertificado por el Comit\u00e9 de Recertificaci\u00f3n (CRAMA). 2004.<\/p>\n<p>&nbsp;<\/p>\n<h1 class=\"title\">PREMIOS<\/h1>\n<p>Premio al Mejor Trabajo Cient\u00edfico de la Asociaci\u00f3n de Oncolog\u00eda Cl\u00ednica de Buenos Aires. 1987.<\/p>\n<p>Premio al Mejor Trabajo de Investigaci\u00f3n del XX Congreso Argentino de Cirug\u00eda Pl\u00e1stica. 1990.<\/p>\n<p>Menci\u00f3n al Mejor P\u00f3ster del XXXIII Congreso Argentino de Cirug\u00eda Pl\u00e1stica. 2003.<\/p>\n<p>&nbsp;<br \/>\n<div class=\"su-button-center\"><a href=\"http:\/\/drclaudiopol.com.ar\/?page_id=14\" class=\"su-button su-button-style-default\" style=\"color:#FFFFFF;background-color:#78A39C;border-color:#60837d;border-radius:7px\" target=\"_self\"><span style=\"color:#FFFFFF;padding:7px 20px;font-size:16px;line-height:24px;border-color:#a1bfba;border-radius:7px;text-shadow:none\"><i class=\"sui sui-file-text-o\" style=\"font-size:16px;color:#FFFFFF\"><\/i> VER C.V. EXTENDIDO DEL DR. CLAUDIO H. POL<\/span><\/a><\/div>\n<p>&nbsp;<\/p>\n","protected":false},"excerpt":{"rendered":"<p>El Doctor Claudio H. Pol se gradu\u00f3 como m\u00e9dico en la Universidad de Buenos Aires en el a\u00f1o 1984. Complet\u00f3 su Residencia en Cirug\u00eda General en el Hospital de San Isidro, rotando en\u00a0el segundo a\u00f1o de la misma por el\u00a0Servicio de Cirug\u00eda del Hospital Bruchsal-Universitat. Heidelberg. Alemania; con los Dres. Thiele y\u00a0von Behring. Se diplom\u00f3 [&hellip;]<\/p>\n","protected":false},"author":3,"featured_media":0,"parent":0,"menu_order":35,"comment_status":"open","ping_status":"closed","template":"page-full.php","meta":{"footnotes":""},"class_list":["post-20","page","type-page","status-publish","hentry"],"_links":{"self":[{"href":"https:\/\/www.drclaudiopol.com.ar\/nuevo\/wp-json\/wp\/v2\/pages\/20","targetHints":{"allow":["GET"]}}],"collection":[{"href":"https:\/\/www.drclaudiopol.com.ar\/nuevo\/wp-json\/wp\/v2\/pages"}],"about":[{"href":"https:\/\/www.drclaudiopol.com.ar\/nuevo\/wp-json\/wp\/v2\/types\/page"}],"author":[{"embeddable":true,"href":"https:\/\/www.drclaudiopol.com.ar\/nuevo\/wp-json\/wp\/v2\/users\/3"}],"replies":[{"embeddable":true,"href":"https:\/\/www.drclaudiopol.com.ar\/nuevo\/wp-json\/wp\/v2\/comments?post=20"}],"version-history":[{"count":28,"href":"https:\/\/www.drclaudiopol.com.ar\/nuevo\/wp-json\/wp\/v2\/pages\/20\/revisions"}],"predecessor-version":[{"id":2188,"href":"https:\/\/www.drclaudiopol.com.ar\/nuevo\/wp-json\/wp\/v2\/pages\/20\/revisions\/2188"}],"wp:attachment":[{"href":"https:\/\/www.drclaudiopol.com.ar\/nuevo\/wp-json\/wp\/v2\/media?parent=20"}],"curies":[{"name":"wp","href":"https:\/\/api.w.org\/{rel}","templated":true}]}}