{"id":135,"date":"2014-05-20T18:41:10","date_gmt":"2014-05-20T18:41:10","guid":{"rendered":"http:\/\/localhost\/drclaudiopol\/3_2014\/?page_id=135"},"modified":"2014-11-25T16:20:46","modified_gmt":"2014-11-25T16:20:46","slug":"hilos-de-suspension","status":"publish","type":"page","link":"https:\/\/www.drclaudiopol.com.ar\/nuevo\/tratamientos\/cirugia-facial\/hilos-de-suspension\/","title":{"rendered":"Hilos de Suspensi\u00f3n"},"content":{"rendered":"<p>El tratamieto de \u00abhilos de suspensi\u00f3n\u00bb es un procedimiento no quir\u00fargico que logra un efecto \u201clifting\u201d de la cara y el cuello. Lo indicamos en pacientes que desean un rejuvenecimiento facial ostensible, pero evitando el uso del bistur\u00ed. Los hilos consisten en hebras incoloras, no absorbibles, de polipropileno, con espigas que anclan los tejidos y los suspenden en una posici\u00f3n m\u00e1s elevada.<\/p>\n<div style=\"font-size: 11px; padding: 25px;\" align=\"center\"><img decoding=\"async\" src=\"http:\/\/drclaudiopol.com.ar\/nuevo\/wp-content\/uploads\/rejuvenecimiento_facial_hilos_suspensores1.jpg\" alt=\"Hilo de polipropileno con esp\u00edculas.\" \/><br \/>\nHilo de polipropileno con esp\u00edculas.<\/div>\n<p>Se utiliza anestesia local. Eventualmente se puede hacer una sedaci\u00f3n suave para mayor confort del paciente. El procedimiento es completamente ambulatorio y no se conocen contraindicaciones al mismo.<\/p>\n<div class=\"ilustraciones\">\n<div class=\"su-row\"><div class=\"su-column su-column-size-1-2\"><div class=\"su-column-inner su-u-clearfix su-u-trim\"><img decoding=\"async\" src=\"http:\/\/drclaudiopol.com.ar\/nuevo\/wp-content\/uploads\/rejuvenecimiento_facial_hilos_suspensores2.jpg\" alt=\"\" border=\"0\" \/><br \/>\n<i>Elevaci\u00f3n de cejas.<\/i><\/div><\/div>\n<div class=\"su-column su-column-size-1-2\"><div class=\"su-column-inner su-u-clearfix su-u-trim\"><img decoding=\"async\" src=\"http:\/\/drclaudiopol.com.ar\/nuevo\/wp-content\/uploads\/rejuvenecimiento_facial_hilos_suspensores3.jpg\" alt=\"\" border=\"0\" \/><br \/>\n<i><\/i><\/div><\/div><\/div>\n<div class=\"su-row\"><div class=\"su-column su-column-size-1-2\"><div class=\"su-column-inner su-u-clearfix su-u-trim\"><img decoding=\"async\" src=\"http:\/\/drclaudiopol.com.ar\/nuevo\/wp-content\/uploads\/rejuvenecimiento_facial_hilos_suspensores4.jpg\" alt=\"\" border=\"0\" \/><br \/>\n<i>Elevaci\u00f3n de Mejillas.<\/i><\/div><\/div>\n<div class=\"su-column su-column-size-1-2\"><div class=\"su-column-inner su-u-clearfix su-u-trim\"><img decoding=\"async\" src=\"http:\/\/drclaudiopol.com.ar\/nuevo\/wp-content\/uploads\/rejuvenecimiento_facial_hilos_suspensores5.jpg\" alt=\"\" border=\"0\" \/><br \/>\n<i><\/i><\/div><\/div><\/div>\n<div class=\"su-row\"><div class=\"su-column su-column-size-1-2\"><div class=\"su-column-inner su-u-clearfix su-u-trim\"><img decoding=\"async\" src=\"http:\/\/drclaudiopol.com.ar\/nuevo\/wp-content\/uploads\/rejuvenecimiento_facial_hilos_suspensores6.jpg\" alt=\"\" border=\"0\" \/><br \/>\n<i>Elevaci\u00f3n de cuello.<\/i><\/div><\/div>\n<div class=\"su-column su-column-size-1-2\"><div class=\"su-column-inner su-u-clearfix su-u-trim\"><img decoding=\"async\" src=\"http:\/\/drclaudiopol.com.ar\/nuevo\/wp-content\/uploads\/rejuvenecimiento_facial_hilos_suspensores7.jpg\" alt=\"\" border=\"0\" \/><br \/>\n<i><\/i><\/div><\/div><\/div>\n<\/div>\n<p>Frecuentemente lo asociamos a otras t\u00e9cnicas no quir\u00fargicas como Botox \u00ae, rellenos faciales, microdermoabrasi\u00f3n o IPL\/l\u00e1ser, obteniendo un resultado est\u00e9tico superior. Tambi\u00e9n es factible utilizar los hilos de suspensi\u00f3n como complemento de una cirug\u00eda facial, (p\u00e1rpados, un minilifting, cirug\u00eda de cuello); logrando un efecto rejuvenecedor a\u00fan mayor.<\/p>\n<p>El Dr. Pol es uno de los cirujanos pl\u00e1sticos argentinos que complet\u00f3 el curso de capacitaci\u00f3n (a\u00f1o 2006) y se encuentra certificado para la utilizaci\u00f3n de los hilos \u201cCountour Threads\u201d \u00ae, de origen estadounidense y los \u00fanicos aprobados por la FDA.<strong>\u00a0<\/strong><\/p>\n[contemplate-6]\n","protected":false},"excerpt":{"rendered":"<p>El tratamieto de \u00abhilos de suspensi\u00f3n\u00bb es un procedimiento no quir\u00fargico que logra un efecto \u201clifting\u201d de la cara y el cuello. Lo indicamos en pacientes que desean un rejuvenecimiento facial ostensible, pero evitando el uso del bistur\u00ed. Los hilos consisten en hebras incoloras, no absorbibles, de polipropileno, con espigas que anclan los tejidos y [&hellip;]<\/p>\n","protected":false},"author":3,"featured_media":0,"parent":74,"menu_order":36,"comment_status":"open","ping_status":"closed","template":"page-full.php","meta":{"footnotes":""},"class_list":["post-135","page","type-page","status-publish","hentry"],"_links":{"self":[{"href":"https:\/\/www.drclaudiopol.com.ar\/nuevo\/wp-json\/wp\/v2\/pages\/135","targetHints":{"allow":["GET"]}}],"collection":[{"href":"https:\/\/www.drclaudiopol.com.ar\/nuevo\/wp-json\/wp\/v2\/pages"}],"about":[{"href":"https:\/\/www.drclaudiopol.com.ar\/nuevo\/wp-json\/wp\/v2\/types\/page"}],"author":[{"embeddable":true,"href":"https:\/\/www.drclaudiopol.com.ar\/nuevo\/wp-json\/wp\/v2\/users\/3"}],"replies":[{"embeddable":true,"href":"https:\/\/www.drclaudiopol.com.ar\/nuevo\/wp-json\/wp\/v2\/comments?post=135"}],"version-history":[{"count":9,"href":"https:\/\/www.drclaudiopol.com.ar\/nuevo\/wp-json\/wp\/v2\/pages\/135\/revisions"}],"predecessor-version":[{"id":1645,"href":"https:\/\/www.drclaudiopol.com.ar\/nuevo\/wp-json\/wp\/v2\/pages\/135\/revisions\/1645"}],"up":[{"embeddable":true,"href":"https:\/\/www.drclaudiopol.com.ar\/nuevo\/wp-json\/wp\/v2\/pages\/74"}],"wp:attachment":[{"href":"https:\/\/www.drclaudiopol.com.ar\/nuevo\/wp-json\/wp\/v2\/media?parent=135"}],"curies":[{"name":"wp","href":"https:\/\/api.w.org\/{rel}","templated":true}]}}