{"id":131,"date":"2014-05-20T18:38:04","date_gmt":"2014-05-20T18:38:04","guid":{"rendered":"http:\/\/localhost\/drclaudiopol\/3_2014\/?page_id=131"},"modified":"2014-12-22T17:34:34","modified_gmt":"2014-12-22T17:34:34","slug":"peeling-quimico","status":"publish","type":"page","link":"https:\/\/www.drclaudiopol.com.ar\/nuevo\/tratamientos\/medicina-estetica\/peeling-quimico\/","title":{"rendered":"Peeling Qu\u00edmico"},"content":{"rendered":"<div class=\"foto-derecha\"><img decoding=\"async\" src=\"http:\/\/drclaudiopol.com.ar\/nuevo\/wp-content\/uploads\/peeling.jpg\" alt=\"peeling\" \/><\/div>\n<p>El procedimiento de peeling qu\u00edmico nos permite eliminar las capas superficiales de la piel.<\/p>\n<p>El resultado se traduce en una piel m\u00e1s suave, con un aspecto m\u00e1s juvenil.<\/p>\n<p>Es ideal para pieles resecas, fotoda\u00f1adas, finas arrugas faciales y manchas.<\/p>\n<p>Puede mejorar el acn\u00e9 activo o las secuelas del mismo.<\/p>\n<p>Logramos exfoliaciones m\u00e1s superficiales utilizando distintas concentraciones de \u00e1cidos como el glic\u00f3lico, salic\u00edlico o l\u00e1ctico; o mayor profundidad de acci\u00f3n, con el \u00e1cido tricloroac\u00e9tico.<\/p>\n<p>En conjunci\u00f3n con otras t\u00e9cnicas de rejuvenecimiento facial, el resultado est\u00e9tico es muy superior.<\/p>\n[contemplate-5]\n","protected":false},"excerpt":{"rendered":"<p>El procedimiento de peeling qu\u00edmico nos permite eliminar las capas superficiales de la piel. El resultado se traduce en una piel m\u00e1s suave, con un aspecto m\u00e1s juvenil. Es ideal para pieles resecas, fotoda\u00f1adas, finas arrugas faciales y manchas. Puede mejorar el acn\u00e9 activo o las secuelas del mismo. Logramos exfoliaciones m\u00e1s superficiales utilizando distintas [&hellip;]<\/p>\n","protected":false},"author":3,"featured_media":0,"parent":113,"menu_order":0,"comment_status":"closed","ping_status":"open","template":"page-full.php","meta":{"footnotes":""},"class_list":["post-131","page","type-page","status-publish","hentry"],"_links":{"self":[{"href":"https:\/\/www.drclaudiopol.com.ar\/nuevo\/wp-json\/wp\/v2\/pages\/131","targetHints":{"allow":["GET"]}}],"collection":[{"href":"https:\/\/www.drclaudiopol.com.ar\/nuevo\/wp-json\/wp\/v2\/pages"}],"about":[{"href":"https:\/\/www.drclaudiopol.com.ar\/nuevo\/wp-json\/wp\/v2\/types\/page"}],"author":[{"embeddable":true,"href":"https:\/\/www.drclaudiopol.com.ar\/nuevo\/wp-json\/wp\/v2\/users\/3"}],"replies":[{"embeddable":true,"href":"https:\/\/www.drclaudiopol.com.ar\/nuevo\/wp-json\/wp\/v2\/comments?post=131"}],"version-history":[{"count":5,"href":"https:\/\/www.drclaudiopol.com.ar\/nuevo\/wp-json\/wp\/v2\/pages\/131\/revisions"}],"predecessor-version":[{"id":2182,"href":"https:\/\/www.drclaudiopol.com.ar\/nuevo\/wp-json\/wp\/v2\/pages\/131\/revisions\/2182"}],"up":[{"embeddable":true,"href":"https:\/\/www.drclaudiopol.com.ar\/nuevo\/wp-json\/wp\/v2\/pages\/113"}],"wp:attachment":[{"href":"https:\/\/www.drclaudiopol.com.ar\/nuevo\/wp-json\/wp\/v2\/media?parent=131"}],"curies":[{"name":"wp","href":"https:\/\/api.w.org\/{rel}","templated":true}]}}