{"id":1280,"date":"2014-10-16T02:49:13","date_gmt":"2014-10-16T02:49:13","guid":{"rendered":"http:\/\/drclaudiopol.com.ar\/nuevo\/?page_id=1280"},"modified":"2014-12-23T18:32:53","modified_gmt":"2014-12-23T18:32:53","slug":"inicio","status":"publish","type":"page","link":"https:\/\/www.drclaudiopol.com.ar\/nuevo\/","title":{"rendered":"Inicio"},"content":{"rendered":"<div id=\"logo-modelo-container\"><a href=\"?page_id=49\" alt=\"Tratamientos Cirug\u00eda Pl\u00e1stica y Medicina Est\u00e9tica en Buenos Aires, Argentina\"><img decoding=\"async\" src=\"http:\/\/drclaudiopol.com.ar\/nuevo\/wp-content\/uploads\/drpol_logo_modelo_home.png\" alt=\"Cirug\u00eda Pl\u00e1stica y Medicina Est\u00e9tica en Buenos Aires, Argentina\" \/><\/a>\n\t<\/div>\n<p> <!-- end .container --><br \/>\n<!-- END LOGO AREA - BEGIN PAGE CONTENT --><\/p>\n<div id=\"main-area\">\n<div class=\"container\">\n<div class=\"membresias-home-foto\"><a href=\"?page_id=49&#038;page_id=20\" title=\"informaci\u00f3n sobre el cirujano Claudio Pol\"><img decoding=\"async\" src=\"http:\/\/drclaudiopol.com.ar\/nuevo\/wp-content\/uploads\/DrClaudioPol_acercade_200x299.jpg\" alt=\"DrClaudioPol_acercade_200x299\" \/><\/a><\/div>\n<div class=\"membresias-home\"><span class=\"asociacion-home\">EL DR. POL ES MIEMBRO DE LAS SIGUIENTES SOCIEDADES CIENT\u00cdFICAS<\/span><\/p>\n<div class=\"table\"><div class=\"su-row\"><div class=\"su-column su-column-size-1-2\"><div class=\"su-column-inner su-u-clearfix su-u-trim\">\n<div class=\"column1\"><img decoding=\"async\" src=\"http:\/\/drclaudiopol.com.ar\/nuevo\/wp-content\/uploads\/logo-sacper-sociedad-argentina-cirugia-plastica-estetica-reparadora.png\" alt=\"logo-sacper-sociedad-argentina-cirugia-plastica-estetica-reparadora\" \/><\/div>\n<div class=\"column2\"><span class=\"asociacion\">SACPER<\/span><br \/>\nSociedad Argentina de Cirug\u00eda Pl\u00e1stica, Est\u00e9tica y Reparadora<br \/>\n<strong>Miembro Titular<\/strong><\/div>\n<\/div><\/div><div class=\"su-column su-column-size-1-2\"><div class=\"su-column-inner su-u-clearfix su-u-trim\">\n<div class=\"column1\"><img decoding=\"async\" src=\"http:\/\/drclaudiopol.com.ar\/nuevo\/wp-content\/uploads\/logo-filacp-federacion-ibero-latinoamericana-cirugia-plastica-reconstructiva.png\" alt=\"logo-filacp-federacion-ibero-latinoamericana-cirugia-plastica-reconstructiva\" \/><\/div>\n<div class=\"column2\"><span class=\"asociacion\">FILACP<\/span><br \/>\nFederaci\u00f3n Ibero Latinoamericana de Cirug\u00eda Pl\u00e1stica y Reconstructiva<br \/>\n<strong>Miembro Titular<\/strong><\/div>\n<\/div><\/div><\/div><div class=\"su-row\"><div class=\"su-column su-column-size-1-2\"><div class=\"su-column-inner su-u-clearfix su-u-trim\">\n<div class=\"column1\"><img decoding=\"async\" src=\"http:\/\/drclaudiopol.com.ar\/nuevo\/wp-content\/uploads\/logo-scpba-sociedad-cirugia-plastica-buenos-aires.png\" alt=\"logo-scpba-sociedad-cirugia-plastica-buenos-aires\" \/><\/div>\n<div class=\"column2\"><span class=\"asociacion\">SCPBA<\/span><br \/>\nSociedad de Cirug\u00eda Pl\u00e1stica de Buenos Aires<br \/>\n<strong>Miembro Titular<\/strong><\/div>\n<\/div><\/div><div class=\"su-column su-column-size-1-2\"><div class=\"su-column-inner su-u-clearfix su-u-trim\">\n<div class=\"column1\"><img decoding=\"async\" src=\"http:\/\/drclaudiopol.com.ar\/nuevo\/wp-content\/uploads\/logo-acc-asociacion-argentina-cirugia.png\" alt=\"logo-acc-asociacion-argentina-cirugia\" \/><\/div>\n<div class=\"column2\"><span class=\"asociacion\">AAC<\/span><br \/>\nAsociaci\u00f3n Argentina de Cirug\u00eda<br \/>\n<strong>Miembro Titular<\/strong><\/div><\/div><\/div><div class=\"su-row\"><div class=\"su-column su-column-size-1-2\"><div class=\"su-column-inner su-u-clearfix su-u-trim\">\n<div class=\"column1\"><img decoding=\"async\" src=\"http:\/\/drclaudiopol.com.ar\/nuevo\/wp-content\/uploads\/logo-ipras-confederation-plastic-reconstructive-aesthetic-surgery.png\" alt=\"logo-ipras-confederation-plastic-reconstructive-aesthetic-surgery\" \/><\/div>\n<div class=\"column2\"><span class=\"asociacion\">IPRAS<\/span><br \/>\nThe International Confederation for Plastic Reconstructive and Aesthetic Surgery <strong>Miembro Titular<\/strong><\/div>\n<\/div><\/div>\n<div class=\"su-column su-column-size-1-2\"><div class=\"su-column-inner su-u-clearfix su-u-trim\">\n<div class=\"column1\"><img decoding=\"async\" src=\"http:\/\/drclaudiopol.com.ar\/nuevo\/wp-content\/uploads\/logo-ama-asociacion-medica-argentina.png\" alt=\"logo-ama-asociacion-medica-argentina\" \/><\/div>\n<div class=\"column2\"><span class=\"asociacion\">AMA<\/span><br \/>\nAsociaci\u00f3n M\u00e9dica Argentina<br \/>\n<strong>Miembro Honorario Nacional<\/strong><\/div>\n<\/div><\/div><\/div><\/div>\n<\/div>\n<\/div>\n<div style=\"clear: both;\"><\/div>\n","protected":false},"excerpt":{"rendered":"<p>EL DR. POL ES MIEMBRO DE LAS SIGUIENTES SOCIEDADES CIENT\u00cdFICAS<\/p>\n","protected":false},"author":2,"featured_media":0,"parent":0,"menu_order":0,"comment_status":"closed","ping_status":"open","template":"inicio.php","meta":{"footnotes":""},"class_list":["post-1280","page","type-page","status-publish","hentry"],"_links":{"self":[{"href":"https:\/\/www.drclaudiopol.com.ar\/nuevo\/wp-json\/wp\/v2\/pages\/1280","targetHints":{"allow":["GET"]}}],"collection":[{"href":"https:\/\/www.drclaudiopol.com.ar\/nuevo\/wp-json\/wp\/v2\/pages"}],"about":[{"href":"https:\/\/www.drclaudiopol.com.ar\/nuevo\/wp-json\/wp\/v2\/types\/page"}],"author":[{"embeddable":true,"href":"https:\/\/www.drclaudiopol.com.ar\/nuevo\/wp-json\/wp\/v2\/users\/2"}],"replies":[{"embeddable":true,"href":"https:\/\/www.drclaudiopol.com.ar\/nuevo\/wp-json\/wp\/v2\/comments?post=1280"}],"version-history":[{"count":61,"href":"https:\/\/www.drclaudiopol.com.ar\/nuevo\/wp-json\/wp\/v2\/pages\/1280\/revisions"}],"predecessor-version":[{"id":2191,"href":"https:\/\/www.drclaudiopol.com.ar\/nuevo\/wp-json\/wp\/v2\/pages\/1280\/revisions\/2191"}],"wp:attachment":[{"href":"https:\/\/www.drclaudiopol.com.ar\/nuevo\/wp-json\/wp\/v2\/media?parent=1280"}],"curies":[{"name":"wp","href":"https:\/\/api.w.org\/{rel}","templated":true}]}}