{"id":128,"date":"2014-05-20T18:35:29","date_gmt":"2014-05-20T18:35:29","guid":{"rendered":"http:\/\/localhost\/drclaudiopol\/3_2014\/?page_id=128"},"modified":"2014-12-22T17:28:53","modified_gmt":"2014-12-22T17:28:53","slug":"dermoabrasion-mecanica","status":"publish","type":"page","link":"https:\/\/www.drclaudiopol.com.ar\/nuevo\/tratamientos\/medicina-estetica\/dermoabrasion-mecanica\/","title":{"rendered":"Dermoabrasi\u00f3n mec\u00e1nica"},"content":{"rendered":"<div class=\"foto-derecha\"><img decoding=\"async\" src=\"http:\/\/drclaudiopol.com.ar\/nuevo\/wp-content\/uploads\/dermoabrasion.jpg\" alt=\"dermoabrasion\"  \/><\/div>\n<p>La dermoabrasi\u00f3n mec\u00e1nica es un procedimiento mediante el cual realizamos un pulido controlado de las capas superficiales de la piel.<\/p>\n<p>Habitualmente lo utilizamos para el tratamiento de secuelas cicatrizales posteriores a acn\u00e9, accidentes o cirug\u00edas.<\/p>\n<p>Tambi\u00e9n como complemento en un lifting facial, para disminuir arrugas o l\u00edneas faciales, especialmente las que se producen alrededor de la boca.<\/p>\n<p>No todos los pacientes son buenos candidatos para una dermoabrasi\u00f3n.<\/p>\n<p>Se deben evaluar cuidadosamente las lesiones que motivan la consulta, tipo y color de piel, inquietudes del paciente y limitaciones de la t\u00e9cnica.<\/p>\n<p>No se debe realizar durante la etapa de acn\u00e9 activo, pues los riesgos de infecciones aumentan significativamente. La misma precauci\u00f3n se debe tomar para pacientes con pieles quemadas, con tratamientos radiantes o peelings qu\u00edmicos previos.<\/p>\n<p>Normalmente se requiere anestesia local, eventualmente complementada con sedaci\u00f3n suave.<\/p>\n<p>Se trata de un procedimiento relativamente r\u00e1pido (15 a 45 minutos).<\/p>\n<p>No es infrecuente repetirlo, cuando las lesiones son muy profundas.<\/p>\n<p>Luego de la dermoabrasi\u00f3n la piel enrojece, se edematiza y destila un fluido seroso. En los d\u00edas subsiguientes pueden formarse algunas costras que caen en pocos d\u00edas.<\/p>\n<p>Aplicamos un ung\u00fcento para su tratamiento y los medicamentos antiinflamatorios controlan las molestias de los primeros d\u00edas.<\/p>\n<p>La nueva piel se ver\u00e1 m\u00e1s rosada, brillante y ser\u00e1 m\u00e1s sensible por varias semanas.<\/p>\n<p>Se deber\u00e1n evitar los rayos solares por varios meses, pues pueden ocurrir cambios en la coloraci\u00f3n de la piel.<\/p>\n<p>Otros cuidados se les informan a los pacientes, dependiendo de la magnitud del procedimiento.<\/p>\n[contemplate-5]\n","protected":false},"excerpt":{"rendered":"<p>La dermoabrasi\u00f3n mec\u00e1nica es un procedimiento mediante el cual realizamos un pulido controlado de las capas superficiales de la piel. Habitualmente lo utilizamos para el tratamiento de secuelas cicatrizales posteriores a acn\u00e9, accidentes o cirug\u00edas. Tambi\u00e9n como complemento en un lifting facial, para disminuir arrugas o l\u00edneas faciales, especialmente las que se producen alrededor de [&hellip;]<\/p>\n","protected":false},"author":3,"featured_media":0,"parent":113,"menu_order":0,"comment_status":"closed","ping_status":"open","template":"page-full.php","meta":{"footnotes":""},"class_list":["post-128","page","type-page","status-publish","hentry"],"_links":{"self":[{"href":"https:\/\/www.drclaudiopol.com.ar\/nuevo\/wp-json\/wp\/v2\/pages\/128","targetHints":{"allow":["GET"]}}],"collection":[{"href":"https:\/\/www.drclaudiopol.com.ar\/nuevo\/wp-json\/wp\/v2\/pages"}],"about":[{"href":"https:\/\/www.drclaudiopol.com.ar\/nuevo\/wp-json\/wp\/v2\/types\/page"}],"author":[{"embeddable":true,"href":"https:\/\/www.drclaudiopol.com.ar\/nuevo\/wp-json\/wp\/v2\/users\/3"}],"replies":[{"embeddable":true,"href":"https:\/\/www.drclaudiopol.com.ar\/nuevo\/wp-json\/wp\/v2\/comments?post=128"}],"version-history":[{"count":5,"href":"https:\/\/www.drclaudiopol.com.ar\/nuevo\/wp-json\/wp\/v2\/pages\/128\/revisions"}],"predecessor-version":[{"id":2177,"href":"https:\/\/www.drclaudiopol.com.ar\/nuevo\/wp-json\/wp\/v2\/pages\/128\/revisions\/2177"}],"up":[{"embeddable":true,"href":"https:\/\/www.drclaudiopol.com.ar\/nuevo\/wp-json\/wp\/v2\/pages\/113"}],"wp:attachment":[{"href":"https:\/\/www.drclaudiopol.com.ar\/nuevo\/wp-json\/wp\/v2\/media?parent=128"}],"curies":[{"name":"wp","href":"https:\/\/api.w.org\/{rel}","templated":true}]}}