{"id":126,"date":"2014-05-20T18:34:33","date_gmt":"2014-05-20T18:34:33","guid":{"rendered":"http:\/\/localhost\/drclaudiopol\/3_2014\/?page_id=126"},"modified":"2014-11-06T17:48:58","modified_gmt":"2014-11-06T17:48:58","slug":"microdermoabrasion-con-punta-de-diamante","status":"publish","type":"page","link":"https:\/\/www.drclaudiopol.com.ar\/nuevo\/tratamientos\/medicina-estetica\/microdermoabrasion-con-punta-de-diamante\/","title":{"rendered":"Microdermoabrasi\u00f3n con Punta de Diamante"},"content":{"rendered":"<p>La microdermoabrasi\u00f3n con punta de diamante consiste en una exfoliaci\u00f3n de la capa superficial de la piel.<\/p>\n<p>Con esta t\u00e9cnica removemos las c\u00e9lulas muertas del estrato c\u00f3rneo cut\u00e1neo de forma similar a un peeling qu\u00edmico, pero de manera m\u00e1s suave, precisa y segura.<\/p>\n<p>Es un procedimiento indoloro, que no requiere cuidados especiales y no impide al paciente continuar con sus actividades habituales de inmediato.<\/p>\n<p>Se pueden tratar: <\/p>\n<div style=\"margin-left: 25px;\">\n<p>&#8211; Las pieles atr\u00f3ficas, secas, con p\u00e9rdida de la elasticidad.<br \/>\n&#8211; Pieles con foto-envejecimiento, da\u00f1adas por el sol.<br \/>\n&#8211; Pigmentaciones superficiales.<br \/>\n&#8211; L\u00edneas finas y arrugas leves.<br \/>\n&#8211; Hiperqueratosis.<br \/>\n&#8211; Eliminaci\u00f3n de puntos negros.<br \/>\n&#8211; Estr\u00edas.<br \/>\n&#8211; Secuelas de acn\u00e9.<br \/>\n&#8211; Cicatrices exageradas.<\/p>\n<\/div>\n<p>Los resultados son progresivos y el tratamiento requiere varias sesiones, dependiendo de las caracter\u00edsticas de la lesi\u00f3n que estemos tratando, la edad y tipo de piel.<\/p>\n<p>Normalmente se necesitan de 6 a 12, con un intervalo entre las mismas de 1 a 2 semanas. Es conveniente un plan de mantenimiento posterior bi o trimensual.<\/p>\n<p>El procedimiento dura unos pocos minutos, puede ocurrir un leve enrojecimiento o sensaci\u00f3n de piel tirante, que desaparece pocas horas despu\u00e9s.<\/p>\n<p>La piel se ver\u00e1 m\u00e1s joven, suave, tersa y limpia, luego del primer tratamiento.<\/p>\n[contemplate-5]\n","protected":false},"excerpt":{"rendered":"<p>La microdermoabrasi\u00f3n con punta de diamante consiste en una exfoliaci\u00f3n de la capa superficial de la piel. Con esta t\u00e9cnica removemos las c\u00e9lulas muertas del estrato c\u00f3rneo cut\u00e1neo de forma similar a un peeling qu\u00edmico, pero de manera m\u00e1s suave, precisa y segura. Es un procedimiento indoloro, que no requiere cuidados especiales y no impide [&hellip;]<\/p>\n","protected":false},"author":3,"featured_media":0,"parent":113,"menu_order":0,"comment_status":"closed","ping_status":"open","template":"page-full.php","meta":{"footnotes":""},"class_list":["post-126","page","type-page","status-publish","hentry"],"_links":{"self":[{"href":"https:\/\/www.drclaudiopol.com.ar\/nuevo\/wp-json\/wp\/v2\/pages\/126","targetHints":{"allow":["GET"]}}],"collection":[{"href":"https:\/\/www.drclaudiopol.com.ar\/nuevo\/wp-json\/wp\/v2\/pages"}],"about":[{"href":"https:\/\/www.drclaudiopol.com.ar\/nuevo\/wp-json\/wp\/v2\/types\/page"}],"author":[{"embeddable":true,"href":"https:\/\/www.drclaudiopol.com.ar\/nuevo\/wp-json\/wp\/v2\/users\/3"}],"replies":[{"embeddable":true,"href":"https:\/\/www.drclaudiopol.com.ar\/nuevo\/wp-json\/wp\/v2\/comments?post=126"}],"version-history":[{"count":6,"href":"https:\/\/www.drclaudiopol.com.ar\/nuevo\/wp-json\/wp\/v2\/pages\/126\/revisions"}],"predecessor-version":[{"id":1483,"href":"https:\/\/www.drclaudiopol.com.ar\/nuevo\/wp-json\/wp\/v2\/pages\/126\/revisions\/1483"}],"up":[{"embeddable":true,"href":"https:\/\/www.drclaudiopol.com.ar\/nuevo\/wp-json\/wp\/v2\/pages\/113"}],"wp:attachment":[{"href":"https:\/\/www.drclaudiopol.com.ar\/nuevo\/wp-json\/wp\/v2\/media?parent=126"}],"curies":[{"name":"wp","href":"https:\/\/api.w.org\/{rel}","templated":true}]}}