{"id":124,"date":"2014-05-20T18:32:32","date_gmt":"2014-05-20T18:32:32","guid":{"rendered":"http:\/\/localhost\/drclaudiopol\/3_2014\/?page_id=124"},"modified":"2014-12-22T17:25:46","modified_gmt":"2014-12-22T17:25:46","slug":"aplicacion-de-toxina-botulinica-tipo-a","status":"publish","type":"page","link":"https:\/\/www.drclaudiopol.com.ar\/nuevo\/tratamientos\/medicina-estetica\/aplicacion-de-toxina-botulinica-tipo-a\/","title":{"rendered":"Aplicaci\u00f3n de Toxina Botul\u00ednica Tipo A (BOTOX\u00ae &#8211; DYSPORT\u00ae)"},"content":{"rendered":"<div class=\"foto-derecha\"><img decoding=\"async\" src=\"http:\/\/drclaudiopol.com.ar\/nuevo\/wp-content\/uploads\/aplicacion-botox.jpg\" alt=\"Aplicacion Botox toxina butol\u00ednica\" \/><\/div>\n<p>Como consecuencia de las contracciones de los m\u00fasculos faciales, con el paso del tiempo se producen l\u00edneas de expresi\u00f3n o arrugas m\u00e1s o menos profundas, a nivel de la frente, periorbiculares o \u201cpatas de gallo\u201d y el entrecejo, entre otras.<\/p>\n<p>La aplicaci\u00f3n de\u00a0toxina botul\u00ednica tipo A (BOTOX\u00ae &#8211; DYSPORT\u00ae) se realiza estrat\u00e9gicamente\u00a0en el m\u00fasculo responsable de la l\u00ednea o arruga de expresi\u00f3n, causa su relajaci\u00f3n temporal y brinda al rostro una apariencia m\u00e1s descansada, rejuvenecida y agradable.<\/p>\n<p>Correctamente aplicado, el resultado es muy natural.<\/p>\n<p>Luego de la aplicaci\u00f3n de toxina botul\u00ednica tipo A (BOTOX\u00ae &#8211; DYSPORT\u00ae), los efectos se aprecian a partir de las 48-72 hs. y se completan en 7 a 10 d\u00edas. La duraci\u00f3n total del efecto var\u00eda entre 4 a 5 meses.<\/p>\n<p>El procedimiento se realiza en el consultorio en pocos minutos, no requiere anestesia ni tiempo de recuperaci\u00f3n.<\/p>\n<p>Frecuentemente combinamos el tratamiento con Botox\u00ae con otras t\u00e9cnicas de rejuvenecimiento facial.<\/p>\n[contemplate-5]\n","protected":false},"excerpt":{"rendered":"<p>Como consecuencia de las contracciones de los m\u00fasculos faciales, con el paso del tiempo se producen l\u00edneas de expresi\u00f3n o arrugas m\u00e1s o menos profundas, a nivel de la frente, periorbiculares o \u201cpatas de gallo\u201d y el entrecejo, entre otras. La aplicaci\u00f3n de\u00a0toxina botul\u00ednica tipo A (BOTOX\u00ae &#8211; DYSPORT\u00ae) se realiza estrat\u00e9gicamente\u00a0en el m\u00fasculo responsable [&hellip;]<\/p>\n","protected":false},"author":3,"featured_media":0,"parent":113,"menu_order":0,"comment_status":"closed","ping_status":"open","template":"page-full.php","meta":{"footnotes":""},"class_list":["post-124","page","type-page","status-publish","hentry"],"_links":{"self":[{"href":"https:\/\/www.drclaudiopol.com.ar\/nuevo\/wp-json\/wp\/v2\/pages\/124","targetHints":{"allow":["GET"]}}],"collection":[{"href":"https:\/\/www.drclaudiopol.com.ar\/nuevo\/wp-json\/wp\/v2\/pages"}],"about":[{"href":"https:\/\/www.drclaudiopol.com.ar\/nuevo\/wp-json\/wp\/v2\/types\/page"}],"author":[{"embeddable":true,"href":"https:\/\/www.drclaudiopol.com.ar\/nuevo\/wp-json\/wp\/v2\/users\/3"}],"replies":[{"embeddable":true,"href":"https:\/\/www.drclaudiopol.com.ar\/nuevo\/wp-json\/wp\/v2\/comments?post=124"}],"version-history":[{"count":6,"href":"https:\/\/www.drclaudiopol.com.ar\/nuevo\/wp-json\/wp\/v2\/pages\/124\/revisions"}],"predecessor-version":[{"id":2175,"href":"https:\/\/www.drclaudiopol.com.ar\/nuevo\/wp-json\/wp\/v2\/pages\/124\/revisions\/2175"}],"up":[{"embeddable":true,"href":"https:\/\/www.drclaudiopol.com.ar\/nuevo\/wp-json\/wp\/v2\/pages\/113"}],"wp:attachment":[{"href":"https:\/\/www.drclaudiopol.com.ar\/nuevo\/wp-json\/wp\/v2\/media?parent=124"}],"curies":[{"name":"wp","href":"https:\/\/api.w.org\/{rel}","templated":true}]}}