{"id":121,"date":"2014-05-20T18:27:29","date_gmt":"2014-05-20T18:27:29","guid":{"rendered":"http:\/\/localhost\/drclaudiopol\/3_2014\/?page_id=121"},"modified":"2014-12-22T17:40:52","modified_gmt":"2014-12-22T17:40:52","slug":"relleno-de-surcos-y-arrugas","status":"publish","type":"page","link":"https:\/\/www.drclaudiopol.com.ar\/nuevo\/tratamientos\/medicina-estetica\/relleno-de-surcos-y-arrugas\/","title":{"rendered":"Relleno de Surcos y Arrugas"},"content":{"rendered":"<div class=\"foto-derecha\"><img decoding=\"async\" src=\"http:\/\/drclaudiopol.com.ar\/nuevo\/wp-content\/uploads\/relleno-surcos-arrugas.jpg\" alt=\"relleno surcos arrugas\" \/><\/div>\n<p>El relleno de surcos y arrugas se realiza mediante la inyecci\u00f3n de diversos productos en la dermis para su correcci\u00f3n.<\/p>\n<p>Tambi\u00e9n los utilizamos con gran \u00e9xito para dar volumen a los labios, p\u00f3mulos, ment\u00f3n, surco de la l\u00e1grima o el modelado facial.<\/p>\n<p>Es posible tambi\u00e9n rejuvenecer las manos con este tipo de implantes inyectables.<\/p>\n<p>Depender\u00e1 de la evaluaci\u00f3n m\u00e9dica, las preferencias del m\u00e9dico y el paciente, qu\u00e9 sustancia utilizar.<\/p>\n<p>Disponemos de productos como el \u00e1cido hialur\u00f3nico, (Juvederm (R) en sus variantes Volvella, Volift y Voluma, Restylane Fine Lines \u00ae, Restylane \u00ae y Perlane \u00ae); componente natural de nuestro organismo que fusiona el agua con los tejidos, dando a la piel firmeza y volumen.<\/p>\n<p>Se trata de \u00e1cido hialur\u00f3nico estabilizado, biodegradable, no requiere test de alergia y no existe riesgo de transmitir enfermedades, rechazo, ni de provocar reacciones al\u00e9rgicas.<\/p>\n<p>No es permanente. Su duraci\u00f3n depende de factores tales como la edad del paciente, tipo de piel, estilo de vida, actividad muscular y la estructura individual de la piel.<\/p>\n<p>Por lo tanto requiere tratamientos de mantenimiento.<\/p>\n<p>Usualmente cada 6 a 18 meses.<\/p>\n<p>Los metacrilatos constituyen un interesante grupo de sustancias de relleno (Metacrill \u00ae, Metacrilic (R)).<\/p>\n<p>Tienen la particularidad de ser retenidos indefinidamente por la dermis. Esto permite la correcci\u00f3n de arrugas, l\u00edneas, surcos o el modelado de \u00e1reas de la la cara con un prolongado efecto.<\/p>\n<p>No requieren test de alergia.<\/p>\n<p>Otra alternativa la constituye la hidroxiapatita de calcio (Radiesse \u00ae), implante inyectable, biocompatible, que normalmente se encuentra en nuestro organismo y no requiere test de alergia previa. No es permanente, pero su efecto es de larga duraci\u00f3n, aproximadamente 2 a\u00f1os.<\/p>\n<p>Se debe tener en cuenta que estos tratamientos no reemplazan un lifting facial, pero combinados con l\u00e1ser, Botox \u00ae, microdermoabrasi\u00f3n u otros tratamientos complementarios, permiten obtener excelentes resultados est\u00e9ticos, sin recurrir al bistur\u00ed.<\/p>\n[contemplate-5]\n","protected":false},"excerpt":{"rendered":"<p>El relleno de surcos y arrugas se realiza mediante la inyecci\u00f3n de diversos productos en la dermis para su correcci\u00f3n. Tambi\u00e9n los utilizamos con gran \u00e9xito para dar volumen a los labios, p\u00f3mulos, ment\u00f3n, surco de la l\u00e1grima o el modelado facial. Es posible tambi\u00e9n rejuvenecer las manos con este tipo de implantes inyectables. Depender\u00e1 [&hellip;]<\/p>\n","protected":false},"author":3,"featured_media":0,"parent":113,"menu_order":0,"comment_status":"closed","ping_status":"closed","template":"page-full.php","meta":{"footnotes":""},"class_list":["post-121","page","type-page","status-publish","hentry"],"_links":{"self":[{"href":"https:\/\/www.drclaudiopol.com.ar\/nuevo\/wp-json\/wp\/v2\/pages\/121","targetHints":{"allow":["GET"]}}],"collection":[{"href":"https:\/\/www.drclaudiopol.com.ar\/nuevo\/wp-json\/wp\/v2\/pages"}],"about":[{"href":"https:\/\/www.drclaudiopol.com.ar\/nuevo\/wp-json\/wp\/v2\/types\/page"}],"author":[{"embeddable":true,"href":"https:\/\/www.drclaudiopol.com.ar\/nuevo\/wp-json\/wp\/v2\/users\/3"}],"replies":[{"embeddable":true,"href":"https:\/\/www.drclaudiopol.com.ar\/nuevo\/wp-json\/wp\/v2\/comments?post=121"}],"version-history":[{"count":6,"href":"https:\/\/www.drclaudiopol.com.ar\/nuevo\/wp-json\/wp\/v2\/pages\/121\/revisions"}],"predecessor-version":[{"id":2184,"href":"https:\/\/www.drclaudiopol.com.ar\/nuevo\/wp-json\/wp\/v2\/pages\/121\/revisions\/2184"}],"up":[{"embeddable":true,"href":"https:\/\/www.drclaudiopol.com.ar\/nuevo\/wp-json\/wp\/v2\/pages\/113"}],"wp:attachment":[{"href":"https:\/\/www.drclaudiopol.com.ar\/nuevo\/wp-json\/wp\/v2\/media?parent=121"}],"curies":[{"name":"wp","href":"https:\/\/api.w.org\/{rel}","templated":true}]}}