{"id":119,"date":"2014-05-20T18:22:36","date_gmt":"2014-05-20T18:22:36","guid":{"rendered":"http:\/\/localhost\/drclaudiopol\/3_2014\/?page_id=119"},"modified":"2014-11-06T17:54:28","modified_gmt":"2014-11-06T17:54:28","slug":"cirugia-de-menton-aumento-reduccion","status":"publish","type":"page","link":"https:\/\/www.drclaudiopol.com.ar\/nuevo\/tratamientos\/cirugia-facial\/cirugia-de-menton-aumento-reduccion\/","title":{"rendered":"Ment\u00f3n (Aumento y Reducci\u00f3n)"},"content":{"rendered":"<p>Logramos el aumento de volumen y proyecci\u00f3n del ment\u00f3n, mediante la inclusi\u00f3n de pr\u00f3tesis biocompatibles de silicona o Medpor \u00ae.<\/p>\n<p>Esta cirug\u00eda complementa usualmente una cirug\u00eda est\u00e9tica de nariz y la practicamos mediante una peque\u00f1a incisi\u00f3n realizada dentro de la boca o en la piel, en la uni\u00f3n del ment\u00f3n con el cuello.<\/p>\n<p>Es suficiente la anestesia local, pero podemos complementarla con sedaci\u00f3n suave.<\/p>\n<p>No lleva m\u00e1s de media hora y en el postoperatorio se inmoviliza la regi\u00f3n con cintas adhesivas por unos pocos d\u00edas.<\/p>\n<p>Si el paciente no desea una intervenci\u00f3n quir\u00fargica, podemos lograr buenos resultados mediante la utilizaci\u00f3n de sustancias de relleno, temporarias o parcialmente definitivas.<\/p>\n<p>La reducci\u00f3n del tama\u00f1o y\/o proyecci\u00f3n del ment\u00f3n, es quir\u00fargica.<\/p>\n<p>Requiere un meticuloso estudio previo para determinar la estrategia de tratamiento, que ser\u00e1 m\u00e1s o menos compleja, dependiendo del grado de la deformaci\u00f3n.<\/p>\n[contemplate-6]\n","protected":false},"excerpt":{"rendered":"<p>Logramos el aumento de volumen y proyecci\u00f3n del ment\u00f3n, mediante la inclusi\u00f3n de pr\u00f3tesis biocompatibles de silicona o Medpor \u00ae. Esta cirug\u00eda complementa usualmente una cirug\u00eda est\u00e9tica de nariz y la practicamos mediante una peque\u00f1a incisi\u00f3n realizada dentro de la boca o en la piel, en la uni\u00f3n del ment\u00f3n con el cuello. Es suficiente [&hellip;]<\/p>\n","protected":false},"author":3,"featured_media":0,"parent":74,"menu_order":9,"comment_status":"open","ping_status":"closed","template":"page-full.php","meta":{"footnotes":""},"class_list":["post-119","page","type-page","status-publish","hentry"],"_links":{"self":[{"href":"https:\/\/www.drclaudiopol.com.ar\/nuevo\/wp-json\/wp\/v2\/pages\/119","targetHints":{"allow":["GET"]}}],"collection":[{"href":"https:\/\/www.drclaudiopol.com.ar\/nuevo\/wp-json\/wp\/v2\/pages"}],"about":[{"href":"https:\/\/www.drclaudiopol.com.ar\/nuevo\/wp-json\/wp\/v2\/types\/page"}],"author":[{"embeddable":true,"href":"https:\/\/www.drclaudiopol.com.ar\/nuevo\/wp-json\/wp\/v2\/users\/3"}],"replies":[{"embeddable":true,"href":"https:\/\/www.drclaudiopol.com.ar\/nuevo\/wp-json\/wp\/v2\/comments?post=119"}],"version-history":[{"count":5,"href":"https:\/\/www.drclaudiopol.com.ar\/nuevo\/wp-json\/wp\/v2\/pages\/119\/revisions"}],"predecessor-version":[{"id":1488,"href":"https:\/\/www.drclaudiopol.com.ar\/nuevo\/wp-json\/wp\/v2\/pages\/119\/revisions\/1488"}],"up":[{"embeddable":true,"href":"https:\/\/www.drclaudiopol.com.ar\/nuevo\/wp-json\/wp\/v2\/pages\/74"}],"wp:attachment":[{"href":"https:\/\/www.drclaudiopol.com.ar\/nuevo\/wp-json\/wp\/v2\/media?parent=119"}],"curies":[{"name":"wp","href":"https:\/\/api.w.org\/{rel}","templated":true}]}}