{"id":115,"date":"2014-05-20T18:11:37","date_gmt":"2014-05-20T18:11:37","guid":{"rendered":"http:\/\/localhost\/drclaudiopol\/3_2014\/?page_id=115"},"modified":"2014-11-06T17:56:48","modified_gmt":"2014-11-06T17:56:48","slug":"elevacion-de-la-cola-de-las-cejas","status":"publish","type":"page","link":"https:\/\/www.drclaudiopol.com.ar\/nuevo\/tratamientos\/cirugia-facial\/elevacion-de-la-cola-de-las-cejas\/","title":{"rendered":"Elevaci\u00f3n de la cola de las Cejas"},"content":{"rendered":"<p>Logramos la elevaci\u00f3n de la cola de las cejas, dando un aspecto m\u00e1s juvenil al tercio superior de la cara de hombres o mujeres, mediante procedimientos no quir\u00fargicos o con cirug\u00eda.<\/p>\n<p>Dependiendo de la magnitud de la ptosis o ca\u00edda de las cejas, utilizamos toxina botul\u00ednica (Botox \u00ae o Dysport \u00ae) injectando regiones estrat\u00e9gicas del m\u00fasculo frontal y\/o m\u00fasculo orbicular de los p\u00e1rpados.<\/p>\n<p>Otra alternativa consiste en la colocaci\u00f3n de hilos de sustentaci\u00f3n. Mediante anestesia local y en forma ambulatoria, se pueden elevar tambi\u00e9n cuerpo y cabeza de las cejas si la ca\u00edda es generalizada, como asi tambi\u00e9n mejillas y el cuello.<\/p>\n<p>Para resultados m\u00e1s duraderos, recurrimos a la cirug\u00eda mediante peque\u00f1as incisiones o la utilizaci\u00f3n de la videoendoscop\u00eda.<\/p>\n[contemplate-6]\n","protected":false},"excerpt":{"rendered":"<p>Logramos la elevaci\u00f3n de la cola de las cejas, dando un aspecto m\u00e1s juvenil al tercio superior de la cara de hombres o mujeres, mediante procedimientos no quir\u00fargicos o con cirug\u00eda. Dependiendo de la magnitud de la ptosis o ca\u00edda de las cejas, utilizamos toxina botul\u00ednica (Botox \u00ae o Dysport \u00ae) injectando regiones estrat\u00e9gicas del [&hellip;]<\/p>\n","protected":false},"author":3,"featured_media":0,"parent":74,"menu_order":28,"comment_status":"open","ping_status":"closed","template":"page-full.php","meta":{"footnotes":""},"class_list":["post-115","page","type-page","status-publish","hentry"],"_links":{"self":[{"href":"https:\/\/www.drclaudiopol.com.ar\/nuevo\/wp-json\/wp\/v2\/pages\/115","targetHints":{"allow":["GET"]}}],"collection":[{"href":"https:\/\/www.drclaudiopol.com.ar\/nuevo\/wp-json\/wp\/v2\/pages"}],"about":[{"href":"https:\/\/www.drclaudiopol.com.ar\/nuevo\/wp-json\/wp\/v2\/types\/page"}],"author":[{"embeddable":true,"href":"https:\/\/www.drclaudiopol.com.ar\/nuevo\/wp-json\/wp\/v2\/users\/3"}],"replies":[{"embeddable":true,"href":"https:\/\/www.drclaudiopol.com.ar\/nuevo\/wp-json\/wp\/v2\/comments?post=115"}],"version-history":[{"count":5,"href":"https:\/\/www.drclaudiopol.com.ar\/nuevo\/wp-json\/wp\/v2\/pages\/115\/revisions"}],"predecessor-version":[{"id":1492,"href":"https:\/\/www.drclaudiopol.com.ar\/nuevo\/wp-json\/wp\/v2\/pages\/115\/revisions\/1492"}],"up":[{"embeddable":true,"href":"https:\/\/www.drclaudiopol.com.ar\/nuevo\/wp-json\/wp\/v2\/pages\/74"}],"wp:attachment":[{"href":"https:\/\/www.drclaudiopol.com.ar\/nuevo\/wp-json\/wp\/v2\/media?parent=115"}],"curies":[{"name":"wp","href":"https:\/\/api.w.org\/{rel}","templated":true}]}}