{"id":111,"date":"2014-05-20T17:55:10","date_gmt":"2014-05-20T17:55:10","guid":{"rendered":"http:\/\/localhost\/drclaudiopol\/3_2014\/?page_id=111"},"modified":"2014-11-25T16:56:55","modified_gmt":"2014-11-25T16:56:55","slug":"microtransplante-capilar-pelo","status":"publish","type":"page","link":"https:\/\/www.drclaudiopol.com.ar\/nuevo\/tratamientos\/cirugia-corporal\/microtransplante-capilar-pelo\/","title":{"rendered":"Microtransplante Capilar"},"content":{"rendered":"<div class=\"foto-derecha\"><img decoding=\"async\" src=\"http:\/\/drclaudiopol.com.ar\/nuevo\/wp-content\/uploads\/microtransplante-capilar.jpg\" alt=\"Microtransplante Capilar\" \/><\/div>\n<p>Existen factores determinantes en la calvicie, como el gen\u00e9tico y el hormonal. Una vez que la alopec\u00eda se manifest\u00f3, no hay otra alternativa para recuperar el cabello, que la cirug\u00eda.<\/p>\n<p>El objetivo m\u00e1s importante en el tratamiento de la CALVICIE, es el de obtener naturalidad en el resultado. Realizamos la t\u00e9cnica del microtransplante capilar, con dise\u00f1o cuidado, adaptado a cada paciente y minuciosa ejecuci\u00f3n.<\/p>\n<p>Realizamos la cirug\u00eda en forma ambulatoria (sin internaci\u00f3n), con anestesia local y si el paciente lo desea, con sedaci\u00f3n suave para mayor confort.<\/p>\n<p>Tomamos un segmento de cuero cabelludo de la regi\u00f3n occipital o lateral de la cabeza y luego de fraccionarla con instrumental espec\u00edfico, procedemos a transplantarlo a las zonas despobladas de cabellos, estrat\u00e9gicamente seleccionadas en consultas previas.<\/p>\n<p>En las primeras l\u00edneas de implantaci\u00f3n, colocamos pelo x pelo, para un resultado natural. En las posteriores, transplantamos de 2 a 4 pelos, la lograr densidad.<\/p>\n<p>No existe posibilidad de rechazo pues se utiliza el propio cabello del paciente. El porcentaje de p\u00e9rdida de los fol\u00edculos pilosos es muy bajo al igual que las complicaciones por el procedimiento.<\/p>\n<p>La intervenci\u00f3n lleva unas 3 o 4 horas. Dependiendo del caso pueden requerirse nuevas sesiones de microtransplante capilar, no antes de los 3 primeros meses de postoperatorio.<\/p>\n<p>Los resultados se aprecian a partir de las 8 a 12 semanas y luego los cabellos continuar\u00e1n creciendo a un ritmo de 1cm. por mes. No requieren ning\u00fan mantenimiento posterior.<\/p>\n[contemplate-8]\n","protected":false},"excerpt":{"rendered":"<p>Existen factores determinantes en la calvicie, como el gen\u00e9tico y el hormonal. Una vez que la alopec\u00eda se manifest\u00f3, no hay otra alternativa para recuperar el cabello, que la cirug\u00eda. El objetivo m\u00e1s importante en el tratamiento de la CALVICIE, es el de obtener naturalidad en el resultado. Realizamos la t\u00e9cnica del microtransplante capilar, con [&hellip;]<\/p>\n","protected":false},"author":3,"featured_media":0,"parent":328,"menu_order":28,"comment_status":"open","ping_status":"closed","template":"page-full.php","meta":{"footnotes":""},"class_list":["post-111","page","type-page","status-publish","hentry"],"_links":{"self":[{"href":"https:\/\/www.drclaudiopol.com.ar\/nuevo\/wp-json\/wp\/v2\/pages\/111","targetHints":{"allow":["GET"]}}],"collection":[{"href":"https:\/\/www.drclaudiopol.com.ar\/nuevo\/wp-json\/wp\/v2\/pages"}],"about":[{"href":"https:\/\/www.drclaudiopol.com.ar\/nuevo\/wp-json\/wp\/v2\/types\/page"}],"author":[{"embeddable":true,"href":"https:\/\/www.drclaudiopol.com.ar\/nuevo\/wp-json\/wp\/v2\/users\/3"}],"replies":[{"embeddable":true,"href":"https:\/\/www.drclaudiopol.com.ar\/nuevo\/wp-json\/wp\/v2\/comments?post=111"}],"version-history":[{"count":5,"href":"https:\/\/www.drclaudiopol.com.ar\/nuevo\/wp-json\/wp\/v2\/pages\/111\/revisions"}],"predecessor-version":[{"id":1663,"href":"https:\/\/www.drclaudiopol.com.ar\/nuevo\/wp-json\/wp\/v2\/pages\/111\/revisions\/1663"}],"up":[{"embeddable":true,"href":"https:\/\/www.drclaudiopol.com.ar\/nuevo\/wp-json\/wp\/v2\/pages\/328"}],"wp:attachment":[{"href":"https:\/\/www.drclaudiopol.com.ar\/nuevo\/wp-json\/wp\/v2\/media?parent=111"}],"curies":[{"name":"wp","href":"https:\/\/api.w.org\/{rel}","templated":true}]}}