{"id":107,"date":"2014-05-20T17:52:54","date_gmt":"2014-05-20T17:52:54","guid":{"rendered":"http:\/\/localhost\/drclaudiopol\/3_2014\/?page_id=107"},"modified":"2014-12-22T17:32:41","modified_gmt":"2014-12-22T17:32:41","slug":"laser-foto-rejuvenecimiento-facial","status":"publish","type":"page","link":"https:\/\/www.drclaudiopol.com.ar\/nuevo\/tratamientos\/medicina-estetica\/laser-foto-rejuvenecimiento-facial\/","title":{"rendered":"Foto-Rejuvenecimiento Facial"},"content":{"rendered":"<div class=\"foto-derecha\"><img decoding=\"async\" src=\"http:\/\/drclaudiopol.com.ar\/nuevo\/wp-content\/uploads\/foto-rejuvenecimiento-facial-laser.jpg\" alt=\"foto-rejuvenecimiento facial-laser\" \/><\/div>\n<p>Para la realizaci\u00f3n del foto-rejuvenecimiento facial, la energ\u00eda suministrada por el equipo de \u00faltima generaci\u00f3n\u00a0IPL (luz intensamente pulsada), es una excelente opci\u00f3n para estimular la producci\u00f3n de col\u00e1geno, logrando una piel m\u00e1s luminosa, con mayor turgencia y suavidad. A la vez, reduce poros dilatados y aten\u00faa finas arrugas.<\/p>\n<p>Es ideal para el tratamiento de lesiones\u00a0pigmentarias\u00a0(manchas, pecas) y\u00a0vasculares(telangiectasias, angiomas, ros\u00e1cea, capilares dilatados).<\/p>\n<p>Requiere m\u00e1s de una sesi\u00f3n.<\/p>\n<p>Complementando el fotorrejuvenecimiento con\u00a0IPL, con t\u00e9cnicas de relleno de surcos, Botox, hilos de suspensi\u00f3n, peelings y\/o microdermoabrasi\u00f3n con punta de diamante, los resultados obtenidos son muy superiores.<\/p>\n[contemplate-5]\n","protected":false},"excerpt":{"rendered":"<p>Para la realizaci\u00f3n del foto-rejuvenecimiento facial, la energ\u00eda suministrada por el equipo de \u00faltima generaci\u00f3n\u00a0IPL (luz intensamente pulsada), es una excelente opci\u00f3n para estimular la producci\u00f3n de col\u00e1geno, logrando una piel m\u00e1s luminosa, con mayor turgencia y suavidad. A la vez, reduce poros dilatados y aten\u00faa finas arrugas. Es ideal para el tratamiento de lesiones\u00a0pigmentarias\u00a0(manchas, [&hellip;]<\/p>\n","protected":false},"author":3,"featured_media":0,"parent":113,"menu_order":0,"comment_status":"closed","ping_status":"closed","template":"page-full.php","meta":{"footnotes":""},"class_list":["post-107","page","type-page","status-publish","hentry"],"_links":{"self":[{"href":"https:\/\/www.drclaudiopol.com.ar\/nuevo\/wp-json\/wp\/v2\/pages\/107","targetHints":{"allow":["GET"]}}],"collection":[{"href":"https:\/\/www.drclaudiopol.com.ar\/nuevo\/wp-json\/wp\/v2\/pages"}],"about":[{"href":"https:\/\/www.drclaudiopol.com.ar\/nuevo\/wp-json\/wp\/v2\/types\/page"}],"author":[{"embeddable":true,"href":"https:\/\/www.drclaudiopol.com.ar\/nuevo\/wp-json\/wp\/v2\/users\/3"}],"replies":[{"embeddable":true,"href":"https:\/\/www.drclaudiopol.com.ar\/nuevo\/wp-json\/wp\/v2\/comments?post=107"}],"version-history":[{"count":9,"href":"https:\/\/www.drclaudiopol.com.ar\/nuevo\/wp-json\/wp\/v2\/pages\/107\/revisions"}],"predecessor-version":[{"id":2180,"href":"https:\/\/www.drclaudiopol.com.ar\/nuevo\/wp-json\/wp\/v2\/pages\/107\/revisions\/2180"}],"up":[{"embeddable":true,"href":"https:\/\/www.drclaudiopol.com.ar\/nuevo\/wp-json\/wp\/v2\/pages\/113"}],"wp:attachment":[{"href":"https:\/\/www.drclaudiopol.com.ar\/nuevo\/wp-json\/wp\/v2\/media?parent=107"}],"curies":[{"name":"wp","href":"https:\/\/api.w.org\/{rel}","templated":true}]}}