{"id":104,"date":"2014-05-20T17:46:48","date_gmt":"2014-05-20T17:46:48","guid":{"rendered":"http:\/\/localhost\/drclaudiopol\/3_2014\/?page_id=104"},"modified":"2014-12-04T02:58:23","modified_gmt":"2014-12-04T02:58:23","slug":"cirugia-de-orejas-auriculoplastia-otoplastia","status":"publish","type":"page","link":"https:\/\/www.drclaudiopol.com.ar\/nuevo\/tratamientos\/cirugia-facial\/cirugia-de-orejas-auriculoplastia-otoplastia\/","title":{"rendered":"Auriculoplast\u00eda"},"content":{"rendered":"<div class=\"foto-derecha\"><img decoding=\"async\" src=\"http:\/\/drclaudiopol.com.ar\/nuevo\/wp-content\/uploads\/tratamientos_cirugia_orejas_auriculoplastia_1.jpg\" alt=\"cirugia orejas auriculoplastia otoplast\u00eda\" \/><\/div>\n<p>Mediante entrevistas personalizadas, evaluamos la necesidad y las posibilidades de tratamiento de cada paciente.<\/p>\n<p>Si la malformaci\u00f3n auricular es importante, es conveniente conversar con los padres del paciente, para que \u00e9ste sea operado a temprana edad, 5 o 6 a\u00f1os, para evitar el stress emocional del ni\u00f1o al ingresar a la escuela.<\/p>\n<p>Seleccionamos la t\u00e9cnica de auriculoplast\u00eda ideal para cada caso. Probablemente la m\u00e1s com\u00fan sea la aplicada para orejas prominentes o en asa; en la cual, mediante un abordaje por detr\u00e1s de la oreja, eliminamos un segmento de piel y cart\u00edlago auricular. Luego redise\u00f1amos la oreja y la fijamos al cr\u00e1neo. La cicatriz queda pr\u00e1cticamente oculta.<\/p>\n<div class=\"ilustraciones\">\n<div class=\"su-row\"><div class=\"su-column su-column-size-1-2\"><div class=\"su-column-inner su-u-clearfix su-u-trim\"><img decoding=\"async\" src=\"http:\/\/drclaudiopol.com.ar\/nuevo\/wp-content\/uploads\/tratamientos_cirugia_orejas_auriculoplastia_i1.jpg\" alt=\"\" border=\"0\" \/><br \/>\n<i>Cirug\u00eda practicada por detr\u00e1s de la oreja.<\/i><\/div><\/div>\n<div class=\"su-column su-column-size-1-2\"><div class=\"su-column-inner su-u-clearfix su-u-trim\"><img decoding=\"async\" src=\"http:\/\/drclaudiopol.com.ar\/nuevo\/wp-content\/uploads\/tratamientos_cirugia_orejas_auriculoplastia_i2.jpg\" alt=\"\" border=\"0\" \/><br \/>\n<i>Reposicionamiento auricular.<\/i><\/div><\/div><\/div>\n<\/div>\n<p>Habitualmente utilizamos anestesia local, sumada a una sedaci\u00f3n proporcionada por el m\u00e9dico anestesi\u00f3logo. La cirug\u00eda demora unos 60 &#8211; 90 minutos y luego de un breve per\u00edodo de recuperaci\u00f3n, el paciente puede retirarse a su domicilio.<\/p>\n<p>En los primeros d\u00edas postoperatorios, colocamos un vendaje protector.<\/p>\n<p>Pueden existir complicaciones como en cualquier otro procedimiento quir\u00fargico, como la aparicion de Hematomas, seromas, infecci\u00f3n, cicatrices exageradas, etc. Son infrecuentes. Se deben seguir estrictamente los consejos m\u00e9dicos para evitarlas.<\/p>\n[contemplate-6]\n","protected":false},"excerpt":{"rendered":"<p>Mediante entrevistas personalizadas, evaluamos la necesidad y las posibilidades de tratamiento de cada paciente. Si la malformaci\u00f3n auricular es importante, es conveniente conversar con los padres del paciente, para que \u00e9ste sea operado a temprana edad, 5 o 6 a\u00f1os, para evitar el stress emocional del ni\u00f1o al ingresar a la escuela. Seleccionamos la t\u00e9cnica [&hellip;]<\/p>\n","protected":false},"author":3,"featured_media":0,"parent":74,"menu_order":11,"comment_status":"open","ping_status":"closed","template":"page-full.php","meta":{"footnotes":""},"class_list":["post-104","page","type-page","status-publish","hentry"],"_links":{"self":[{"href":"https:\/\/www.drclaudiopol.com.ar\/nuevo\/wp-json\/wp\/v2\/pages\/104","targetHints":{"allow":["GET"]}}],"collection":[{"href":"https:\/\/www.drclaudiopol.com.ar\/nuevo\/wp-json\/wp\/v2\/pages"}],"about":[{"href":"https:\/\/www.drclaudiopol.com.ar\/nuevo\/wp-json\/wp\/v2\/types\/page"}],"author":[{"embeddable":true,"href":"https:\/\/www.drclaudiopol.com.ar\/nuevo\/wp-json\/wp\/v2\/users\/3"}],"replies":[{"embeddable":true,"href":"https:\/\/www.drclaudiopol.com.ar\/nuevo\/wp-json\/wp\/v2\/comments?post=104"}],"version-history":[{"count":28,"href":"https:\/\/www.drclaudiopol.com.ar\/nuevo\/wp-json\/wp\/v2\/pages\/104\/revisions"}],"predecessor-version":[{"id":1794,"href":"https:\/\/www.drclaudiopol.com.ar\/nuevo\/wp-json\/wp\/v2\/pages\/104\/revisions\/1794"}],"up":[{"embeddable":true,"href":"https:\/\/www.drclaudiopol.com.ar\/nuevo\/wp-json\/wp\/v2\/pages\/74"}],"wp:attachment":[{"href":"https:\/\/www.drclaudiopol.com.ar\/nuevo\/wp-json\/wp\/v2\/media?parent=104"}],"curies":[{"name":"wp","href":"https:\/\/api.w.org\/{rel}","templated":true}]}}