{"id":102,"date":"2014-05-20T17:45:10","date_gmt":"2014-05-20T17:45:10","guid":{"rendered":"http:\/\/localhost\/drclaudiopol\/3_2014\/?page_id=102"},"modified":"2014-12-15T19:45:19","modified_gmt":"2014-12-15T19:45:19","slug":"cirugia-de-gluteos-gluteoplastia-aumento-implantes-lipoinjerto","status":"publish","type":"page","link":"https:\/\/www.drclaudiopol.com.ar\/nuevo\/tratamientos\/cirugia-corporal\/cirugia-de-gluteos-gluteoplastia-aumento-implantes-lipoinjerto\/","title":{"rendered":"Gluteoplast\u00eda"},"content":{"rendered":"<div class=\"foto-derecha\"><img decoding=\"async\" src=\"http:\/\/drclaudiopol.com.ar\/nuevo\/wp-content\/uploads\/gluteoplastia.jpg\" alt=\"Gluteoplastia\" \/><\/p>\n<div style=\"padding-top: 10px;\"><div class=\"su-button-center\"><a href=\"#casos\" class=\"su-button su-button-style-default\" style=\"color:#FFFFFF;background-color:#78A39C;border-color:#60837d;border-radius:5px\" target=\"_self\"><span style=\"color:#FFFFFF;padding:6px 16px;font-size:13px;line-height:20px;border-color:#a1bfba;border-radius:5px;text-shadow:none\"><i class=\"sui sui-eye\" style=\"font-size:13px;color:#FFFFFF\"><\/i>  ANTES &#8211; DESPU\u00c9S <\/span><\/a><\/div><\/div>\n<\/div>\n<p>Logramos el aumento de volumen, proyecci\u00f3n y modelado de los gl\u00fateos, mediante la inclusi\u00f3n de implantes de gel de siliconas o con injerto de grasa propia de la paciente.<\/p>\n<h2>GLUTEOPLAST\u00cdA DE AUMENTO CON IMPLANTES<\/h2>\n<p>La\u00a0gluteoplast\u00eda de aumento con implantes, la realizamos a trav\u00e9s de una incisi\u00f3n de unos pocos cent\u00edmetros a nivel del surco intergl\u00fateo. Preferimos la colocaci\u00f3n submuscular de pr\u00f3tesis que seleccionamos seg\u00fan el caso cl\u00ednico, ya que existen implantes con variado perfil, volumen y superficie.<\/p>\n<p>La anestesia a utilizar, es una decisi\u00f3n que tomamos conjuntamente con la paciente. Si bien podemos suministrar anestesia general, habitualmente utilizamos anestesia peridural, sumada a una sedaci\u00f3n suave, para mayor confort.<\/p>\n<p>La cirug\u00eda demora aproximadamente 2 hs. Recomendamos 1 d\u00eda de internaci\u00f3n para inmovilizar la zona y obtener un mejor resultado postoperatorio.<\/p>\n<p>El dolor o disconfort en las primeras 24 a 48 hs. de postoperatorio, es controlable con analg\u00e9sicos. Luego, la evoluci\u00f3n es muy bien tolerada.<\/p>\n<p>Utilizamos una faja compresiva de lycra durante 3 semanas. Las pacientes retoman su rutina habitual sin realizar esfuerzos, al cabo de una semana. Se debe aguardar m\u00e1s tiempo para iniciar actividades deportivas.<\/p>\n<p>Existe la posibilidad de complicaciones como la aparici\u00f3n de hematomas, seromas, infecci\u00f3n, alteraci\u00f3n en la cicatrizaci\u00f3n, contractura capsular, etc. Se deben seguir las indicaciones m\u00e9dicas para tratar de evitarlas.<\/p>\n<h2>GLUTEOPLASTIA DE AUMENTO CON LIPOESCULTURA<\/h2>\n<p>En pacientes con exceso de tejido adiposo, combinando la lipoaspiraci\u00f3n de la cintura, caderas y abdomen con\u00a0el lipoinjerto gl\u00fateo, logramos un excelente resultado est\u00e9tico.<\/p>\n<p>Lo que hacemos es modelar el contorno corporal de la regi\u00f3n. Succionamos grasa donde se encuentra en exceso, la procesamos e inyectamos a nivel de los gl\u00fateos, evitando la inclusi\u00f3n de implantes de silicona.<\/p>\n<p>Utilizamos anestesia local o peridural con sedaci\u00f3n. Las incisiones son de pocos mil\u00edmetros y es una intervenci\u00f3n ambulatoria (sin internaci\u00f3n).<br \/>\n<a name=\"casos\"><\/a><br \/>\nSe debe utilizar una faja de lycra durante unas 3 semanas y en pocos d\u00edas se retoman las actividades habituales sin realizar esfuerzos. Pueden producirse hematomas, seromas, infecci\u00f3n, etc.<\/p>\n<p>&nbsp;<\/p>\n<div class=\"slide-casos\">\n<h3 align=\"center\">Gluteoplast\u00eda: Fotos de Casos &#8211; Antes y Despu\u00e9s<\/h3>\n\n\t\t<style type=\"text\/css\">\n\t\t\t#gallery-1 {\n\t\t\t\tmargin: auto;\n\t\t\t}\n\t\t\t#gallery-1 .gallery-item {\n\t\t\t\tfloat: left;\n\t\t\t\tmargin-top: 10px;\n\t\t\t\ttext-align: center;\n\t\t\t\twidth: 33%;\n\t\t\t}\n\t\t\t#gallery-1 img {\n\t\t\t\tborder: 2px solid #cfcfcf;\n\t\t\t}\n\t\t\t#gallery-1 .gallery-caption {\n\t\t\t\tmargin-left: 0;\n\t\t\t}\n\t\t\t\/* see gallery_shortcode() in wp-includes\/media.php *\/\n\t\t<\/style>\n\t\t<div id='gallery-1' class='gallery galleryid-102 gallery-columns-3 gallery-size-thumbnail'><dl class='gallery-item'>\n\t\t\t<dt class='gallery-icon landscape'>\n\t\t\t\t<img loading=\"lazy\" decoding=\"async\" width=\"150\" height=\"150\" src=\"https:\/\/www.drclaudiopol.com.ar\/nuevo\/wp-content\/uploads\/gluteoplastia-caso-1-dorso-antesyantes-150x150.jpg\" class=\"attachment-thumbnail size-thumbnail\" alt=\"Gluteoplast\u00eda: Fotos de Casos - Antes y Despu\u00e9s\" aria-describedby=\"gallery-1-1796\" srcset=\"https:\/\/www.drclaudiopol.com.ar\/nuevo\/wp-content\/uploads\/gluteoplastia-caso-1-dorso-antesyantes-150x150.jpg 150w, https:\/\/www.drclaudiopol.com.ar\/nuevo\/wp-content\/uploads\/gluteoplastia-caso-1-dorso-antesyantes-37x37.jpg 37w, https:\/\/www.drclaudiopol.com.ar\/nuevo\/wp-content\/uploads\/gluteoplastia-caso-1-dorso-antesyantes-128x128.jpg 128w, https:\/\/www.drclaudiopol.com.ar\/nuevo\/wp-content\/uploads\/gluteoplastia-caso-1-dorso-antesyantes-184x184.jpg 184w\" sizes=\"auto, (max-width: 150px) 100vw, 150px\" \/>\n\t\t\t<\/dt>\n\t\t\t\t<dd class='wp-caption-text gallery-caption' id='gallery-1-1796'>\n\t\t\t\t1\n\t\t\t\t<\/dd><\/dl><dl class='gallery-item'>\n\t\t\t<dt class='gallery-icon landscape'>\n\t\t\t\t<img loading=\"lazy\" decoding=\"async\" width=\"150\" height=\"150\" src=\"https:\/\/www.drclaudiopol.com.ar\/nuevo\/wp-content\/uploads\/gluteoplastia-caso-1-dorso-antesydespues-150x150.jpg\" class=\"attachment-thumbnail size-thumbnail\" alt=\"Gluteoplast\u00eda: Fotos de Casos - Antes y Despu\u00e9s\" aria-describedby=\"gallery-1-1797\" srcset=\"https:\/\/www.drclaudiopol.com.ar\/nuevo\/wp-content\/uploads\/gluteoplastia-caso-1-dorso-antesydespues-150x150.jpg 150w, https:\/\/www.drclaudiopol.com.ar\/nuevo\/wp-content\/uploads\/gluteoplastia-caso-1-dorso-antesydespues-37x37.jpg 37w, https:\/\/www.drclaudiopol.com.ar\/nuevo\/wp-content\/uploads\/gluteoplastia-caso-1-dorso-antesydespues-128x128.jpg 128w, https:\/\/www.drclaudiopol.com.ar\/nuevo\/wp-content\/uploads\/gluteoplastia-caso-1-dorso-antesydespues-184x184.jpg 184w\" sizes=\"auto, (max-width: 150px) 100vw, 150px\" \/>\n\t\t\t<\/dt>\n\t\t\t\t<dd class='wp-caption-text gallery-caption' id='gallery-1-1797'>\n\t\t\t\t1\n\t\t\t\t<\/dd><\/dl><dl class='gallery-item'>\n\t\t\t<dt class='gallery-icon landscape'>\n\t\t\t\t<img loading=\"lazy\" decoding=\"async\" width=\"150\" height=\"150\" src=\"https:\/\/www.drclaudiopol.com.ar\/nuevo\/wp-content\/uploads\/gluteoplastia-caso-2-dorso-antesydespues-150x150.jpg\" class=\"attachment-thumbnail size-thumbnail\" alt=\"Gluteoplast\u00eda: Fotos de Casos - Antes y Despu\u00e9s\" aria-describedby=\"gallery-1-1798\" srcset=\"https:\/\/www.drclaudiopol.com.ar\/nuevo\/wp-content\/uploads\/gluteoplastia-caso-2-dorso-antesydespues-150x150.jpg 150w, https:\/\/www.drclaudiopol.com.ar\/nuevo\/wp-content\/uploads\/gluteoplastia-caso-2-dorso-antesydespues-37x37.jpg 37w, https:\/\/www.drclaudiopol.com.ar\/nuevo\/wp-content\/uploads\/gluteoplastia-caso-2-dorso-antesydespues-128x128.jpg 128w, https:\/\/www.drclaudiopol.com.ar\/nuevo\/wp-content\/uploads\/gluteoplastia-caso-2-dorso-antesydespues-184x184.jpg 184w\" sizes=\"auto, (max-width: 150px) 100vw, 150px\" \/>\n\t\t\t<\/dt>\n\t\t\t\t<dd class='wp-caption-text gallery-caption' id='gallery-1-1798'>\n\t\t\t\t2\n\t\t\t\t<\/dd><\/dl><br style=\"clear: both\" \/><dl class='gallery-item'>\n\t\t\t<dt class='gallery-icon landscape'>\n\t\t\t\t<img loading=\"lazy\" decoding=\"async\" width=\"150\" height=\"150\" src=\"https:\/\/www.drclaudiopol.com.ar\/nuevo\/wp-content\/uploads\/gluteoplastia-caso-2-perf-izq-antesydespues-150x150.jpg\" class=\"attachment-thumbnail size-thumbnail\" alt=\"Gluteoplastia\" srcset=\"https:\/\/www.drclaudiopol.com.ar\/nuevo\/wp-content\/uploads\/gluteoplastia-caso-2-perf-izq-antesydespues-150x150.jpg 150w, https:\/\/www.drclaudiopol.com.ar\/nuevo\/wp-content\/uploads\/gluteoplastia-caso-2-perf-izq-antesydespues-37x37.jpg 37w, https:\/\/www.drclaudiopol.com.ar\/nuevo\/wp-content\/uploads\/gluteoplastia-caso-2-perf-izq-antesydespues-128x128.jpg 128w, https:\/\/www.drclaudiopol.com.ar\/nuevo\/wp-content\/uploads\/gluteoplastia-caso-2-perf-izq-antesydespues-184x184.jpg 184w\" sizes=\"auto, (max-width: 150px) 100vw, 150px\" \/>\n\t\t\t<\/dt><\/dl><dl class='gallery-item'>\n\t\t\t<dt class='gallery-icon landscape'>\n\t\t\t\t<img loading=\"lazy\" decoding=\"async\" width=\"150\" height=\"150\" src=\"https:\/\/www.drclaudiopol.com.ar\/nuevo\/wp-content\/uploads\/gluteoplastia-caso-2-perf-der-antesydespues-150x150.jpg\" class=\"attachment-thumbnail size-thumbnail\" alt=\"Gluteoplast\u00eda: Fotos de Casos - Antes y Despu\u00e9s\" aria-describedby=\"gallery-1-1799\" srcset=\"https:\/\/www.drclaudiopol.com.ar\/nuevo\/wp-content\/uploads\/gluteoplastia-caso-2-perf-der-antesydespues-150x150.jpg 150w, https:\/\/www.drclaudiopol.com.ar\/nuevo\/wp-content\/uploads\/gluteoplastia-caso-2-perf-der-antesydespues-37x37.jpg 37w, https:\/\/www.drclaudiopol.com.ar\/nuevo\/wp-content\/uploads\/gluteoplastia-caso-2-perf-der-antesydespues-128x128.jpg 128w, https:\/\/www.drclaudiopol.com.ar\/nuevo\/wp-content\/uploads\/gluteoplastia-caso-2-perf-der-antesydespues-184x184.jpg 184w\" sizes=\"auto, (max-width: 150px) 100vw, 150px\" \/>\n\t\t\t<\/dt>\n\t\t\t\t<dd class='wp-caption-text gallery-caption' id='gallery-1-1799'>\n\t\t\t\t2\n\t\t\t\t<\/dd><\/dl>\n\t\t\t<br style='clear: both' \/>\n\t\t<\/div>\n<\/div>\n[contemplate-8]\n","protected":false},"excerpt":{"rendered":"<p>Logramos el aumento de volumen, proyecci\u00f3n y modelado de los gl\u00fateos, mediante la inclusi\u00f3n de implantes de gel de siliconas o con injerto de grasa propia de la paciente. GLUTEOPLAST\u00cdA DE AUMENTO CON IMPLANTES La\u00a0gluteoplast\u00eda de aumento con implantes, la realizamos a trav\u00e9s de una incisi\u00f3n de unos pocos cent\u00edmetros a nivel del surco intergl\u00fateo. [&hellip;]<\/p>\n","protected":false},"author":3,"featured_media":0,"parent":328,"menu_order":24,"comment_status":"open","ping_status":"closed","template":"page-full.php","meta":{"footnotes":""},"class_list":["post-102","page","type-page","status-publish","hentry"],"_links":{"self":[{"href":"https:\/\/www.drclaudiopol.com.ar\/nuevo\/wp-json\/wp\/v2\/pages\/102","targetHints":{"allow":["GET"]}}],"collection":[{"href":"https:\/\/www.drclaudiopol.com.ar\/nuevo\/wp-json\/wp\/v2\/pages"}],"about":[{"href":"https:\/\/www.drclaudiopol.com.ar\/nuevo\/wp-json\/wp\/v2\/types\/page"}],"author":[{"embeddable":true,"href":"https:\/\/www.drclaudiopol.com.ar\/nuevo\/wp-json\/wp\/v2\/users\/3"}],"replies":[{"embeddable":true,"href":"https:\/\/www.drclaudiopol.com.ar\/nuevo\/wp-json\/wp\/v2\/comments?post=102"}],"version-history":[{"count":8,"href":"https:\/\/www.drclaudiopol.com.ar\/nuevo\/wp-json\/wp\/v2\/pages\/102\/revisions"}],"predecessor-version":[{"id":2006,"href":"https:\/\/www.drclaudiopol.com.ar\/nuevo\/wp-json\/wp\/v2\/pages\/102\/revisions\/2006"}],"up":[{"embeddable":true,"href":"https:\/\/www.drclaudiopol.com.ar\/nuevo\/wp-json\/wp\/v2\/pages\/328"}],"wp:attachment":[{"href":"https:\/\/www.drclaudiopol.com.ar\/nuevo\/wp-json\/wp\/v2\/media?parent=102"}],"curies":[{"name":"wp","href":"https:\/\/api.w.org\/{rel}","templated":true}]}}